{"id":63223,"date":"2025-11-27T08:01:06","date_gmt":"2025-11-27T07:01:06","guid":{"rendered":"https:\/\/www.schramas.com\/?post_type=product&#038;p=63223"},"modified":"2026-03-26T16:38:29","modified_gmt":"2026-03-26T15:38:29","slug":"paeonia-lactiflora-shirley-temple-pioenroos-wortelgoed-5-stuks","status":"publish","type":"product","link":"https:\/\/www.schramas.com\/se\/butik\/paeonia-lactiflora-shirley-temple-pioenroos-wortelgoed-5-stuks\/","title":{"rendered":"Paeonia lactiflora \u2018Shirley Temple\u2019 - Pion - Rotstock - 5 plantor"},"content":{"rendered":"<p>Njut av den f\u00f6rtrollande sk\u00f6nheten hos Paeonia lactiflora 'Shirley Temple', mer k\u00e4nd som pionen. Denna bondpion har stora, kraftiga blommor som f\u00f6rst ser ut som rosa knoppar, men som vid \u00f6ppnandet skiftar till en vacker vit f\u00e4rg med en antydan till rosa. Blommorna avtecknar sig vackert mot de m\u00f6rka stj\u00e4lkarna och det djupgr\u00f6na bladverket. Efter blomningen utvecklar v\u00e4xten fr\u00f6kapslar, medan bladen f\u00f6rblir vackra fram till h\u00f6sten, ibland med h\u00f6stf\u00e4rger, beroende p\u00e5 plats och v\u00e4der.<\/p>\n<p>Denna mellans\u00e4songspion \u00e4r p\u00e5litlig och kraftig, med blommor som blommar fr\u00e5n sen v\u00e5r till tidig sommar. 'Shirley Temple' trivs i full sol till halvskugga och v\u00e4xer b\u00e4st i rik, b\u00f6rdig jord med god dr\u00e4nering. Den blir ca 80 cm h\u00f6g och 60-90 cm bred med vackert gr\u00f6na blad som f\u00f6rblir vackra under hela s\u00e4songen och ofta blir f\u00e4rgstarka p\u00e5 h\u00f6sten.<\/p>\n<p>Pionen \u00e4r praktiskt taget fri fr\u00e5n skadedjur och motst\u00e5ndskraftig mot r\u00e5djur och kaniner och lockar till sig fj\u00e4rilar. Den \u00e4r en utm\u00e4rkt snittblomma med l\u00e5ng vaslivsl\u00e4ngd och kr\u00e4ver lite underh\u00e5ll. Perfekt som solit\u00e4r, i grupper, i rabatter, b\u00e4ddar, stadstr\u00e4dg\u00e5rdar eller cottage gardens. Kombinera g\u00e4rna denna f\u00f6rtrollande pion med rosor, sk\u00e4ggiris och andra perenner i sl\u00e5ende f\u00e4rgkombinationer. Med en livsl\u00e4ngd p\u00e5 upp till 50 \u00e5r beh\u00f6ver dessa v\u00e4xter inte delas och kan v\u00e4xa ost\u00f6rt i \u00e5ratal p\u00e5 en noggrant utvald plats.<\/p>","protected":false},"excerpt":{"rendered":"<p>5x Paeonia lactiflora Shirley Temple<\/p>\n<p>Vit-rosa pion<\/p>\n<p>H\u00f6jd: max 1m<\/p>\n<p>Leveransmetod: R\u00f6tter<\/p>","protected":false},"featured_media":63224,"template":"","meta":{"_joinchat":[]},"product_brand":[],"product_cat":[140,305,306],"product_tag":[1747,1751,1746,1754,1490,1752,1755,1753,1743,1745,536,1442,784,520,1748,1476],"class_list":{"0":"post-63223","1":"product","2":"type-product","3":"status-publish","4":"has-post-thumbnail","6":"product_cat-pioenen","7":"product_cat-planten-heesters","8":"product_cat-vaste-planten","9":"product_tag-bloeiperiode-mei-juni","10":"product_tag-gele-meeldraden","11":"product_tag-gevulde-bloem","12":"product_tag-goede-tuingrond","13":"product_tag-herfstverkleuring","14":"product_tag-hoogte-80-90cm","15":"product_tag-lange-levensduur","16":"product_tag-licht-schaduw","17":"product_tag-paeonia-lactiflora","18":"product_tag-pioenroos","19":"product_tag-roze","20":"product_tag-snijbloem","21":"product_tag-vaste-plant","22":"product_tag-wit","23":"product_tag-wortelstekken","24":"product_tag-zon","25":"pa_ewd_uwcf_colors-roze","26":"pa_ewd_uwcf_colors-wit","27":"pa_groeihoogte-50-100-cm","28":"pa_pot-naaktwortelig","30":"first","31":"outofstock","32":"taxable","33":"shipping-taxable","34":"purchasable","35":"product-type-simple"},"yoast_head":"<!-- This site is optimized with the Yoast SEO plugin v24.2 - https:\/\/yoast.com\/wordpress\/plugins\/seo\/ -->\n<title>Paeonia lactiflora &#039;Shirley Temple&#039; - Pioenroos - Wortelgoed - 5 stuks kopen | Planten eenvoudig online bestellen | Schramas.com<\/title>\n<meta name=\"robots\" content=\"index, follow, max-snippet:-1, max-image-preview:large, max-video-preview:-1\" \/>\n<link rel=\"canonical\" href=\"https:\/\/www.schramas.com\/se\/butik\/paeonia-lactiflora-shirley-temple-pioenroos-wortelgoed-5-stuks\/\" \/>\n<meta property=\"og:locale\" content=\"sv_SE\" \/>\n<meta property=\"og:type\" content=\"article\" \/>\n<meta property=\"og:title\" content=\"Paeonia lactiflora &#039;Shirley Temple&#039; - Pioenroos - Wortelgoed - 5 stuks kopen | Planten eenvoudig online bestellen | Schramas.com\" \/>\n<meta property=\"og:description\" content=\"5x Paeonia lactiflora Shirley Temple  Wit-roze pioenroos  Hoogte: max 1m  Leverwijze: Wortelgoed\" \/>\n<meta property=\"og:url\" content=\"https:\/\/www.schramas.com\/se\/butik\/paeonia-lactiflora-shirley-temple-pioenroos-wortelgoed-5-stuks\/\" \/>\n<meta property=\"og:site_name\" content=\"Planten eenvoudig online bestellen | Schramas.com\" \/>\n<meta property=\"article:publisher\" content=\"https:\/\/www.facebook.com\/Schramascom-106872874153195\/\" \/>\n<meta property=\"article:modified_time\" content=\"2026-03-26T15:38:29+00:00\" \/>\n<meta property=\"og:image\" content=\"http:\/\/www.schramas.com\/wp-content\/uploads\/2025\/11\/Pioen-Shirley-Temple-Wortelgoed-sfeer.webp\" \/>\n\t<meta property=\"og:image:width\" content=\"1024\" \/>\n\t<meta property=\"og:image:height\" content=\"1024\" \/>\n\t<meta property=\"og:image:type\" content=\"image\/webp\" \/>\n<meta name=\"twitter:card\" content=\"summary_large_image\" \/>\n<meta name=\"twitter:label1\" content=\"Ber\u00e4knad l\u00e4stid\" \/>\n\t<meta name=\"twitter:data1\" content=\"1 minut\" \/>\n<script type=\"application\/ld+json\" class=\"yoast-schema-graph\">{\"@context\":\"https:\/\/schema.org\",\"@graph\":[{\"@type\":[\"WebPage\",\"ItemPage\"],\"@id\":\"https:\/\/www.schramas.com\/winkel\/paeonia-lactiflora-shirley-temple-pioenroos-wortelgoed-5-stuks\/\",\"url\":\"https:\/\/www.schramas.com\/winkel\/paeonia-lactiflora-shirley-temple-pioenroos-wortelgoed-5-stuks\/\",\"name\":\"Paeonia lactiflora 'Shirley Temple' - Pioenroos - Wortelgoed - 5 stuks kopen | Planten eenvoudig online bestellen | Schramas.com\",\"isPartOf\":{\"@id\":\"https:\/\/www.schramas.com\/#website\"},\"primaryImageOfPage\":{\"@id\":\"https:\/\/www.schramas.com\/winkel\/paeonia-lactiflora-shirley-temple-pioenroos-wortelgoed-5-stuks\/#primaryimage\"},\"image\":{\"@id\":\"https:\/\/www.schramas.com\/winkel\/paeonia-lactiflora-shirley-temple-pioenroos-wortelgoed-5-stuks\/#primaryimage\"},\"thumbnailUrl\":\"https:\/\/www.schramas.com\/wp-content\/uploads\/2025\/11\/Pioen-Shirley-Temple-Wortelgoed-sfeer.webp\",\"datePublished\":\"2025-11-27T07:01:06+00:00\",\"dateModified\":\"2026-03-26T15:38:29+00:00\",\"breadcrumb\":{\"@id\":\"https:\/\/www.schramas.com\/winkel\/paeonia-lactiflora-shirley-temple-pioenroos-wortelgoed-5-stuks\/#breadcrumb\"},\"inLanguage\":\"sv-SE\",\"potentialAction\":[{\"@type\":\"ReadAction\",\"target\":[\"https:\/\/www.schramas.com\/winkel\/paeonia-lactiflora-shirley-temple-pioenroos-wortelgoed-5-stuks\/\"]}]},{\"@type\":\"ImageObject\",\"inLanguage\":\"sv-SE\",\"@id\":\"https:\/\/www.schramas.com\/winkel\/paeonia-lactiflora-shirley-temple-pioenroos-wortelgoed-5-stuks\/#primaryimage\",\"url\":\"https:\/\/www.schramas.com\/wp-content\/uploads\/2025\/11\/Pioen-Shirley-Temple-Wortelgoed-sfeer.webp\",\"contentUrl\":\"https:\/\/www.schramas.com\/wp-content\/uploads\/2025\/11\/Pioen-Shirley-Temple-Wortelgoed-sfeer.webp\",\"width\":1024,\"height\":1024},{\"@type\":\"BreadcrumbList\",\"@id\":\"https:\/\/www.schramas.com\/winkel\/paeonia-lactiflora-shirley-temple-pioenroos-wortelgoed-5-stuks\/#breadcrumb\",\"itemListElement\":[{\"@type\":\"ListItem\",\"position\":1,\"name\":\"Product\",\"item\":\"https:\/\/www.schramas.com\/assortiment\/\"},{\"@type\":\"ListItem\",\"position\":2,\"name\":\"Tuinplanten\",\"item\":\"https:\/\/www.schramas.com\/product-category\/planten-heesters\/\"},{\"@type\":\"ListItem\",\"position\":3,\"name\":\"Paeonia lactiflora &#8216;Shirley Temple&#8217; &#8211; Pioenroos &#8211; Wortelgoed &#8211; 5 stuks\"}]},{\"@type\":\"WebSite\",\"@id\":\"https:\/\/www.schramas.com\/#website\",\"url\":\"https:\/\/www.schramas.com\/\",\"name\":\"Schramas.com | Tuinplanten eenvoudig online bestellen | Direct van onze Kwekerij\",\"description\":\"\",\"alternateName\":\"Schramas.com - Alle planten direct van de kweker\",\"potentialAction\":[{\"@type\":\"SearchAction\",\"target\":{\"@type\":\"EntryPoint\",\"urlTemplate\":\"https:\/\/www.schramas.com\/?s={search_term_string}\"},\"query-input\":{\"@type\":\"PropertyValueSpecification\",\"valueRequired\":true,\"valueName\":\"search_term_string\"}}],\"inLanguage\":\"sv-SE\"}]}<\/script>\n<!-- \/ Yoast SEO plugin. -->","yoast_head_json":{"title":"Paeonia lactiflora 'Shirley Temple' - Pioenroos - Wortelgoed - 5 stuks kopen | Planten eenvoudig online bestellen | Schramas.com","robots":{"index":"index","follow":"follow","max-snippet":"max-snippet:-1","max-image-preview":"max-image-preview:large","max-video-preview":"max-video-preview:-1"},"canonical":"https:\/\/www.schramas.com\/se\/butik\/paeonia-lactiflora-shirley-temple-pioenroos-wortelgoed-5-stuks\/","og_locale":"sv_SE","og_type":"article","og_title":"Paeonia lactiflora 'Shirley Temple' - Pioenroos - Wortelgoed - 5 stuks kopen | Planten eenvoudig online bestellen | Schramas.com","og_description":"5x Paeonia lactiflora Shirley Temple  Wit-roze pioenroos  Hoogte: max 1m  Leverwijze: Wortelgoed","og_url":"https:\/\/www.schramas.com\/se\/butik\/paeonia-lactiflora-shirley-temple-pioenroos-wortelgoed-5-stuks\/","og_site_name":"Planten eenvoudig online bestellen | Schramas.com","article_publisher":"https:\/\/www.facebook.com\/Schramascom-106872874153195\/","article_modified_time":"2026-03-26T15:38:29+00:00","og_image":[{"width":1024,"height":1024,"url":"http:\/\/www.schramas.com\/wp-content\/uploads\/2025\/11\/Pioen-Shirley-Temple-Wortelgoed-sfeer.webp","type":"image\/webp"}],"twitter_card":"summary_large_image","twitter_misc":{"Ber\u00e4knad l\u00e4stid":"1 minut"},"schema":{"@context":"https:\/\/schema.org","@graph":[{"@type":["WebPage","ItemPage"],"@id":"https:\/\/www.schramas.com\/winkel\/paeonia-lactiflora-shirley-temple-pioenroos-wortelgoed-5-stuks\/","url":"https:\/\/www.schramas.com\/winkel\/paeonia-lactiflora-shirley-temple-pioenroos-wortelgoed-5-stuks\/","name":"Paeonia lactiflora 'Shirley Temple' - Pioenroos - Wortelgoed - 5 stuks kopen | Planten eenvoudig online bestellen | Schramas.com","isPartOf":{"@id":"https:\/\/www.schramas.com\/#website"},"primaryImageOfPage":{"@id":"https:\/\/www.schramas.com\/winkel\/paeonia-lactiflora-shirley-temple-pioenroos-wortelgoed-5-stuks\/#primaryimage"},"image":{"@id":"https:\/\/www.schramas.com\/winkel\/paeonia-lactiflora-shirley-temple-pioenroos-wortelgoed-5-stuks\/#primaryimage"},"thumbnailUrl":"https:\/\/www.schramas.com\/wp-content\/uploads\/2025\/11\/Pioen-Shirley-Temple-Wortelgoed-sfeer.webp","datePublished":"2025-11-27T07:01:06+00:00","dateModified":"2026-03-26T15:38:29+00:00","breadcrumb":{"@id":"https:\/\/www.schramas.com\/winkel\/paeonia-lactiflora-shirley-temple-pioenroos-wortelgoed-5-stuks\/#breadcrumb"},"inLanguage":"sv-SE","potentialAction":[{"@type":"ReadAction","target":["https:\/\/www.schramas.com\/winkel\/paeonia-lactiflora-shirley-temple-pioenroos-wortelgoed-5-stuks\/"]}]},{"@type":"ImageObject","inLanguage":"sv-SE","@id":"https:\/\/www.schramas.com\/winkel\/paeonia-lactiflora-shirley-temple-pioenroos-wortelgoed-5-stuks\/#primaryimage","url":"https:\/\/www.schramas.com\/wp-content\/uploads\/2025\/11\/Pioen-Shirley-Temple-Wortelgoed-sfeer.webp","contentUrl":"https:\/\/www.schramas.com\/wp-content\/uploads\/2025\/11\/Pioen-Shirley-Temple-Wortelgoed-sfeer.webp","width":1024,"height":1024},{"@type":"BreadcrumbList","@id":"https:\/\/www.schramas.com\/winkel\/paeonia-lactiflora-shirley-temple-pioenroos-wortelgoed-5-stuks\/#breadcrumb","itemListElement":[{"@type":"ListItem","position":1,"name":"Product","item":"https:\/\/www.schramas.com\/assortiment\/"},{"@type":"ListItem","position":2,"name":"Tuinplanten","item":"https:\/\/www.schramas.com\/product-category\/planten-heesters\/"},{"@type":"ListItem","position":3,"name":"Paeonia lactiflora &#8216;Shirley Temple&#8217; &#8211; Pioenroos &#8211; Wortelgoed &#8211; 5 stuks"}]},{"@type":"WebSite","@id":"https:\/\/www.schramas.com\/#website","url":"https:\/\/www.schramas.com\/","name":"Schramas.com | Tr\u00e4dg\u00e5rdsv\u00e4xter som enkelt kan best\u00e4llas online | Direkt fr\u00e5n v\u00e5r plantskola","description":"","alternateName":"Schramas.com - Alle planten direct van de kweker","potentialAction":[{"@type":"SearchAction","target":{"@type":"EntryPoint","urlTemplate":"https:\/\/www.schramas.com\/?s={search_term_string}"},"query-input":{"@type":"PropertyValueSpecification","valueRequired":true,"valueName":"search_term_string"}}],"inLanguage":"sv-SE"}]}},"_links":{"self":[{"href":"https:\/\/www.schramas.com\/se\/wp-json\/wp\/v2\/product\/63223","targetHints":{"allow":["GET"]}}],"collection":[{"href":"https:\/\/www.schramas.com\/se\/wp-json\/wp\/v2\/product"}],"about":[{"href":"https:\/\/www.schramas.com\/se\/wp-json\/wp\/v2\/types\/product"}],"version-history":[{"count":1,"href":"https:\/\/www.schramas.com\/se\/wp-json\/wp\/v2\/product\/63223\/revisions"}],"predecessor-version":[{"id":63225,"href":"https:\/\/www.schramas.com\/se\/wp-json\/wp\/v2\/product\/63223\/revisions\/63225"}],"wp:featuredmedia":[{"embeddable":true,"href":"https:\/\/www.schramas.com\/se\/wp-json\/wp\/v2\/media\/63224"}],"wp:attachment":[{"href":"https:\/\/www.schramas.com\/se\/wp-json\/wp\/v2\/media?parent=63223"}],"wp:term":[{"taxonomy":"product_brand","embeddable":true,"href":"https:\/\/www.schramas.com\/se\/wp-json\/wp\/v2\/product_brand?post=63223"},{"taxonomy":"product_cat","embeddable":true,"href":"https:\/\/www.schramas.com\/se\/wp-json\/wp\/v2\/product_cat?post=63223"},{"taxonomy":"product_tag","embeddable":true,"href":"https:\/\/www.schramas.com\/se\/wp-json\/wp\/v2\/product_tag?post=63223"}],"curies":[{"name":"wp","href":"https:\/\/api.w.org\/{rel}","templated":true}]}}