{"id":63837,"date":"2025-12-09T09:17:22","date_gmt":"2025-12-09T08:17:22","guid":{"rendered":"https:\/\/www.schramas.com\/?post_type=product&#038;p=63837"},"modified":"2026-04-03T16:31:36","modified_gmt":"2026-04-03T14:31:36","slug":"malus-domestica-gammalt-appeltrad-elstar-grundstam-froplanta-45l-kruka-ca-1-8m","status":"publish","type":"product","link":"https:\/\/www.schramas.com\/se\/butik\/malus-domestica-gammalt-appeltrad-elstar-grundstam-froplanta-45l-kruka-ca-1-8m\/","title":{"rendered":"Malus domestica - Gammalt \u00e4ppeltr\u00e4d \u2018Elstar\u2019 - Rotstocksplanta - 45L kruka - ca 1,8m"},"content":{"rendered":"<p data-start=\"206\" data-end=\"414\">Dessa \u2018gamla\u2019 \u00e4ppeltr\u00e4d ger omedelbart karakt\u00e4r, frukt och atmosf\u00e4r till din tr\u00e4dg\u00e5rd; mogna exemplar i rymliga krukor, redo f\u00f6r plantering. Finns i flera sorter med bepr\u00f6vade smak- och odlingsegenskaper:<\/p>\n<p data-start=\"0\" data-end=\"402\">Den <strong data-start=\"42\" data-end=\"70\">Malus domestica &#039;Elstar&#039;<\/strong> \u00e4r en klassisk holl\u00e4ndsk \u00e4ppelsort som \u00e4r omtyckt f\u00f6r sin friska, s\u00f6tsyrliga smak och sitt saftiga fruktk\u00f6tt. Detta <strong data-start=\"181\" data-end=\"199\">gammalt \u00e4ppeltr\u00e4d<\/strong> \u00e4r ett vackert, moget tr\u00e4d p\u00e5 cirka <strong data-start=\"244\" data-end=\"270\">1,8-2 meter h\u00f6g<\/strong>, odlad i en <strong data-start=\"288\" data-end=\"310\">stor 45-liters gryta<\/strong>. Tr\u00e4det har redan en fin kronstruktur och kan ge rikligt med frukt p\u00e5 kort tid.<\/p>\n<p data-start=\"404\" data-end=\"791\">Den <strong data-start=\"407\" data-end=\"417\">Elstar<\/strong> blommar p\u00e5 v\u00e5ren med mjuka rosa till vita blommor som lockar m\u00e5nga bin. En rik sk\u00f6rd av <strong data-start=\"541\" data-end=\"560\">gulr\u00f6da \u00e4pplen<\/strong>, \u00c4ppeltr\u00e4det \u00e4r perfekt f\u00f6r b\u00e5de direkt konsumtion och f\u00f6r att g\u00f6ra \u00e4ppelmos eller pajer. Detta \u00e4ppeltr\u00e4d \u00e4r <strong data-start=\"667\" data-end=\"685\">sj\u00e4lvpollinerande<\/strong>, men ger h\u00f6gre avkastning n\u00e4r den kombineras med andra \u00e4ppelsorter som \u2018Cox Orange\u2019 eller \u2018Jonagold\u2019.<\/p>\n<p data-start=\"793\" data-end=\"1094\">Tr\u00e4det \u00e4r <strong data-start=\"804\" data-end=\"818\">Hardy<\/strong>, t\u00e5l det holl\u00e4ndska klimatet bra och f\u00f6redrar att v\u00e4xa p\u00e5 en solig plats i n\u00e4ringsrik, v\u00e4ldr\u00e4nerad jord. Tack vare sin mogna \u00e5lder \u00e4r detta ett utm\u00e4rkt val f\u00f6r dig som omedelbart vill placera ett moget frukttr\u00e4d i tr\u00e4dg\u00e5rden med karakt\u00e4r och utseende.<\/p>\n<p data-start=\"1096\" data-end=\"1214\">F\u00f6r att f\u00f6rhindra skador under transporten \u00e4r dessa tunga, mogna tr\u00e4d <strong data-start=\"1177\" data-end=\"1211\">transporteras s\u00e4kert p\u00e5 en pall<\/strong>.<\/p>\n<p data-start=\"1216\" data-end=\"1232\"><strong data-start=\"1216\" data-end=\"1230\">F\u00f6rdelar:<\/strong><\/p>\n<ul data-start=\"1233\" data-end=\"1515\">\n<li data-start=\"1233\" data-end=\"1281\">\n<p data-start=\"1235\" data-end=\"1281\">Stort, moget \u00e4ppeltr\u00e4d (1,8-2 m h\u00f6gt)<\/p>\n<\/li>\n<li data-start=\"1282\" data-end=\"1334\">\n<p data-start=\"1284\" data-end=\"1334\">Rik sk\u00f6rd av saftiga, friskt s\u00f6ta Elstar-\u00e4pplen<\/p>\n<\/li>\n<li data-start=\"1335\" data-end=\"1390\">\n<p data-start=\"1337\" data-end=\"1390\">Vackra v\u00e5rblommor med biv\u00e4nliga blommor<\/p>\n<\/li>\n<li data-start=\"1391\" data-end=\"1431\">\n<p data-start=\"1393\" data-end=\"1431\">Robust och l\u00e4tt att underh\u00e5lla<\/p>\n<\/li>\n<li data-start=\"1432\" data-end=\"1515\">\n<p data-start=\"1434\" data-end=\"1515\">Var s\u00e4ker p\u00e5 <strong data-start=\"1450\" data-end=\"1460\">pall<\/strong> levereras f\u00f6r optimalt skydd under transport<\/p>\n<\/li>\n<\/ul>\n<p data-start=\"908\" data-end=\"1304\"><strong data-start=\"908\" data-end=\"951\">Varf\u00f6r v\u00e4lja detta gamla frukttr\u00e4d?<\/strong><br data-start=\"951\" data-end=\"954\" \/>\u2714 Omedelbart synlig storlek och mogen struktur: inga \u00e5r av v\u00e4ntan p\u00e5 ett moget tr\u00e4d<br data-start=\"1045\" data-end=\"1048\" \/>\u2714 Omfattande sortiment med klassiska och v\u00e4lk\u00e4nda \u00e4pplen f\u00f6r f\u00e4rskkonsumtion och f\u00f6r\u00e4dling<br data-start=\"1136\" data-end=\"1139\" \/>\u2714 Starkt h\u00e4rdig och l\u00e4mplig f\u00f6r anv\u00e4ndning i tempererade klimat<\/p>\n<p data-start=\"1306\" data-end=\"1582\"><strong data-start=\"1306\" data-end=\"1326\">Blomning och frukt:<\/strong><br data-start=\"1326\" data-end=\"1329\" \/>P\u00e5 v\u00e5ren blommar dessa tr\u00e4d rikligt med vita till rosa blommor. Frukts\u00e4ttningen f\u00f6ljer p\u00e5 sommaren och plocknings- eller sk\u00f6rdetiden varierar beroende p\u00e5 sort (vanligtvis sensommar-h\u00f6st). \u00c4pplen l\u00e4mpar sig f\u00f6r f\u00e4rskkonsumtion, pur\u00e9 eller matlagning beroende p\u00e5 sort.<\/p>\n<p data-start=\"1584\" data-end=\"1899\"><strong data-start=\"1584\" data-end=\"1612\">Pitch &amp; sk\u00f6tsel:<br \/>\n<\/strong>Ge dessa tr\u00e4d en solig till l\u00e4tt skuggad plats med en n\u00e4ringsrik, v\u00e4ldr\u00e4nerad jord. Undvik v\u00e5ta f\u00f6tter. Vatten \u00e4r s\u00e4rskilt viktigt under den f\u00f6rsta v\u00e4xts\u00e4songen efter plantering. Besk\u00e4r \u00e5rligen p\u00e5 vintern eller tidig v\u00e5r f\u00f6r att bibeh\u00e5lla formen och uppmuntra fruktproduktion.<\/p>\n<p data-start=\"1906\" data-end=\"2270\"><strong data-start=\"1906\" data-end=\"1940\">Specifikationerna i korthet<\/strong><br data-start=\"1940\" data-end=\"1943\" \/>- H\u00f6jd vid leverans: ca 1,8 -2 m<br data-start=\"2001\" data-end=\"2004\" \/>- Krukans storlek: 45 L<br data-start=\"2019\" data-end=\"2022\" \/>- V\u00e4xts\u00e4tt: gammal tr\u00e4dstruktur<br data-start=\"2074\" data-end=\"2077\" \/>- Blomning: v\u00e5r (april-maj)<br data-start=\"2157\" data-end=\"2160\" \/>- Hardy: motst\u00e5ndskraftig mot holl\u00e4ndska vintrar<br data-start=\"2212\" data-end=\"2215\" \/>- Anv\u00e4ndning: stor tr\u00e4dg\u00e5rd, g\u00e5rdsplan, frukttr\u00e4dg\u00e5rd, solit\u00e4rt tr\u00e4d<\/p>\n<p data-start=\"2277\" data-end=\"2451\">L\u00e4gg till ett tr\u00e4d som imponerar direkt, levererar smak och h\u00e5ller i flera \u00e5r. V\u00e5ra gamla \u00e4ppeltr\u00e4d \u00e4r starka plantor med karakt\u00e4r, smak och historia - redo f\u00f6r din tr\u00e4dg\u00e5rd. (Det levererade tr\u00e4det kan skilja sig n\u00e5got fr\u00e5n bilden).<\/p>","protected":false},"excerpt":{"rendered":"<p>Malus domestica - Elstar gammalt frukttr\u00e4d<\/p>\n<p>Leveransh\u00f6jd inkl. kruka: 150 - 250 cm<\/p>\n<p>Krukstorlek: 45 liter.<\/p>","protected":false},"featured_media":59305,"template":"","meta":{"_joinchat":[]},"product_brand":[],"product_cat":[233,3716],"product_tag":[3723,3725,3729,3728,3730,3721,3722,3720,3732,3727,2215,3719,3724,3718,3726,3113,3731],"class_list":{"0":"post-63837","1":"product","2":"type-product","3":"status-publish","4":"has-post-thumbnail","6":"product_cat-fruitbomen","7":"product_cat-oude-en-grote-fruitbomen","8":"product_tag-alkmene-appel","9":"product_tag-appelbomen-kwekerij","10":"product_tag-appelboom-zelfplukkend","11":"product_tag-appeloogst","12":"product_tag-bestuivende-rassen","13":"product_tag-bramley-appel","14":"product_tag-elstar-boom","15":"product_tag-fruitboom-45l","16":"product_tag-grote-fruitboom-kopen","17":"product_tag-hoogstam-appel","18":"product_tag-malus-domestica","19":"product_tag-nostalgische-appelrassen","20":"product_tag-notenfruitboom-alternatief","21":"product_tag-oude-appelboom","22":"product_tag-pluktuin","23":"product_tag-rode-boskoop","24":"product_tag-winterharde-appels","25":"product_shipping_class-grote-fruitbomen","26":"pa_ewd_uwcf_colors-groen-2","27":"pa_groeihoogte-300-cm","28":"pa_pot-45-liter-pot","30":"first","31":"instock","32":"taxable","33":"shipping-taxable","34":"purchasable","35":"product-type-simple"},"yoast_head":"<!-- This site is optimized with the Yoast SEO plugin v24.2 - https:\/\/yoast.com\/wordpress\/plugins\/seo\/ -->\n<title>Malus domestica - Oude Appelboom &#039;Elstar&#039; - Onderstam Zaailing - 45L pot - ca. 1.8m kopen | Planten eenvoudig online bestellen | Schramas.com<\/title>\n<meta name=\"robots\" content=\"index, follow, max-snippet:-1, max-image-preview:large, max-video-preview:-1\" \/>\n<link rel=\"canonical\" href=\"https:\/\/www.schramas.com\/se\/butik\/malus-domestica-gammalt-appeltrad-elstar-grundstam-froplanta-45l-kruka-ca-1-8m\/\" \/>\n<meta property=\"og:locale\" content=\"sv_SE\" \/>\n<meta property=\"og:type\" content=\"article\" \/>\n<meta property=\"og:title\" content=\"Malus domestica - Oude Appelboom &#039;Elstar&#039; - Onderstam Zaailing - 45L pot - ca. 1.8m kopen | Planten eenvoudig online bestellen | Schramas.com\" \/>\n<meta property=\"og:description\" content=\"Malus domestica - Oude fruitboom Elstar  Leverhoogte incl. pot: 150 - 250 cm  Pot maat: 45 liter.\" \/>\n<meta property=\"og:url\" content=\"https:\/\/www.schramas.com\/se\/butik\/malus-domestica-gammalt-appeltrad-elstar-grundstam-froplanta-45l-kruka-ca-1-8m\/\" \/>\n<meta property=\"og:site_name\" content=\"Planten eenvoudig online bestellen | Schramas.com\" \/>\n<meta property=\"article:publisher\" content=\"https:\/\/www.facebook.com\/Schramascom-106872874153195\/\" \/>\n<meta property=\"article:modified_time\" content=\"2026-04-03T14:31:36+00:00\" \/>\n<meta property=\"og:image\" content=\"http:\/\/www.schramas.com\/wp-content\/uploads\/2025\/09\/Malus-oude-fruitboom.webp\" \/>\n\t<meta property=\"og:image:width\" content=\"800\" \/>\n\t<meta property=\"og:image:height\" content=\"800\" \/>\n\t<meta property=\"og:image:type\" content=\"image\/webp\" \/>\n<meta name=\"twitter:card\" content=\"summary_large_image\" \/>\n<meta name=\"twitter:label1\" content=\"Ber\u00e4knad l\u00e4stid\" \/>\n\t<meta name=\"twitter:data1\" content=\"1 minut\" \/>\n<script type=\"application\/ld+json\" class=\"yoast-schema-graph\">{\"@context\":\"https:\/\/schema.org\",\"@graph\":[{\"@type\":[\"WebPage\",\"ItemPage\"],\"@id\":\"https:\/\/www.schramas.com\/winkel\/malus-domestica-oude-appelboom-elstar-onderstam-zaailing-45l-pot-ca-1-8m\/\",\"url\":\"https:\/\/www.schramas.com\/winkel\/malus-domestica-oude-appelboom-elstar-onderstam-zaailing-45l-pot-ca-1-8m\/\",\"name\":\"Malus domestica - Oude Appelboom 'Elstar' - Onderstam Zaailing - 45L pot - ca. 1.8m kopen | Planten eenvoudig online bestellen | Schramas.com\",\"isPartOf\":{\"@id\":\"https:\/\/www.schramas.com\/#website\"},\"primaryImageOfPage\":{\"@id\":\"https:\/\/www.schramas.com\/winkel\/malus-domestica-oude-appelboom-elstar-onderstam-zaailing-45l-pot-ca-1-8m\/#primaryimage\"},\"image\":{\"@id\":\"https:\/\/www.schramas.com\/winkel\/malus-domestica-oude-appelboom-elstar-onderstam-zaailing-45l-pot-ca-1-8m\/#primaryimage\"},\"thumbnailUrl\":\"https:\/\/www.schramas.com\/wp-content\/uploads\/2025\/09\/Malus-oude-fruitboom.webp\",\"datePublished\":\"2025-12-09T08:17:22+00:00\",\"dateModified\":\"2026-04-03T14:31:36+00:00\",\"breadcrumb\":{\"@id\":\"https:\/\/www.schramas.com\/winkel\/malus-domestica-oude-appelboom-elstar-onderstam-zaailing-45l-pot-ca-1-8m\/#breadcrumb\"},\"inLanguage\":\"sv-SE\",\"potentialAction\":[{\"@type\":\"ReadAction\",\"target\":[\"https:\/\/www.schramas.com\/winkel\/malus-domestica-oude-appelboom-elstar-onderstam-zaailing-45l-pot-ca-1-8m\/\"]}]},{\"@type\":\"ImageObject\",\"inLanguage\":\"sv-SE\",\"@id\":\"https:\/\/www.schramas.com\/winkel\/malus-domestica-oude-appelboom-elstar-onderstam-zaailing-45l-pot-ca-1-8m\/#primaryimage\",\"url\":\"https:\/\/www.schramas.com\/wp-content\/uploads\/2025\/09\/Malus-oude-fruitboom.webp\",\"contentUrl\":\"https:\/\/www.schramas.com\/wp-content\/uploads\/2025\/09\/Malus-oude-fruitboom.webp\",\"width\":800,\"height\":800},{\"@type\":\"BreadcrumbList\",\"@id\":\"https:\/\/www.schramas.com\/winkel\/malus-domestica-oude-appelboom-elstar-onderstam-zaailing-45l-pot-ca-1-8m\/#breadcrumb\",\"itemListElement\":[{\"@type\":\"ListItem\",\"position\":1,\"name\":\"Product\",\"item\":\"https:\/\/www.schramas.com\/assortiment\/\"},{\"@type\":\"ListItem\",\"position\":2,\"name\":\"Bomen &amp; Struiken\",\"item\":\"https:\/\/www.schramas.com\/product-category\/bomen-struiken\/\"},{\"@type\":\"ListItem\",\"position\":3,\"name\":\"Fruitbomen\",\"item\":\"https:\/\/www.schramas.com\/product-category\/bomen-struiken\/fruitbomen\/\"},{\"@type\":\"ListItem\",\"position\":4,\"name\":\"Oude\/grote fruitbomen\",\"item\":\"https:\/\/www.schramas.com\/product-category\/bomen-struiken\/fruitbomen\/oude-en-grote-fruitbomen\/\"},{\"@type\":\"ListItem\",\"position\":5,\"name\":\"Malus domestica &#8211; Oude Appelboom &#8216;Elstar&#8217; &#8211; Onderstam Zaailing &#8211; 45L pot &#8211; ca. 1.8m\"}]},{\"@type\":\"WebSite\",\"@id\":\"https:\/\/www.schramas.com\/#website\",\"url\":\"https:\/\/www.schramas.com\/\",\"name\":\"Schramas.com | Tuinplanten eenvoudig online bestellen | Direct van onze Kwekerij\",\"description\":\"\",\"alternateName\":\"Schramas.com - Alle planten direct van de kweker\",\"potentialAction\":[{\"@type\":\"SearchAction\",\"target\":{\"@type\":\"EntryPoint\",\"urlTemplate\":\"https:\/\/www.schramas.com\/?s={search_term_string}\"},\"query-input\":{\"@type\":\"PropertyValueSpecification\",\"valueRequired\":true,\"valueName\":\"search_term_string\"}}],\"inLanguage\":\"sv-SE\"}]}<\/script>\n<!-- \/ Yoast SEO plugin. -->","yoast_head_json":{"title":"Malus domestica - Gammalt \u00e4ppeltr\u00e4d 'Elstar' - Rotstocksplanta - 45L kruka - ca. 1,8m k\u00f6p | V\u00e4xter enkel onlinebest\u00e4llning | Schramas.com","robots":{"index":"index","follow":"follow","max-snippet":"max-snippet:-1","max-image-preview":"max-image-preview:large","max-video-preview":"max-video-preview:-1"},"canonical":"https:\/\/www.schramas.com\/se\/butik\/malus-domestica-gammalt-appeltrad-elstar-grundstam-froplanta-45l-kruka-ca-1-8m\/","og_locale":"sv_SE","og_type":"article","og_title":"Malus domestica - Oude Appelboom 'Elstar' - Onderstam Zaailing - 45L pot - ca. 1.8m kopen | Planten eenvoudig online bestellen | Schramas.com","og_description":"Malus domestica - Oude fruitboom Elstar  Leverhoogte incl. pot: 150 - 250 cm  Pot maat: 45 liter.","og_url":"https:\/\/www.schramas.com\/se\/butik\/malus-domestica-gammalt-appeltrad-elstar-grundstam-froplanta-45l-kruka-ca-1-8m\/","og_site_name":"Planten eenvoudig online bestellen | Schramas.com","article_publisher":"https:\/\/www.facebook.com\/Schramascom-106872874153195\/","article_modified_time":"2026-04-03T14:31:36+00:00","og_image":[{"width":800,"height":800,"url":"http:\/\/www.schramas.com\/wp-content\/uploads\/2025\/09\/Malus-oude-fruitboom.webp","type":"image\/webp"}],"twitter_card":"summary_large_image","twitter_misc":{"Ber\u00e4knad l\u00e4stid":"1 minut"},"schema":{"@context":"https:\/\/schema.org","@graph":[{"@type":["WebPage","ItemPage"],"@id":"https:\/\/www.schramas.com\/winkel\/malus-domestica-oude-appelboom-elstar-onderstam-zaailing-45l-pot-ca-1-8m\/","url":"https:\/\/www.schramas.com\/winkel\/malus-domestica-oude-appelboom-elstar-onderstam-zaailing-45l-pot-ca-1-8m\/","name":"Malus domestica - Gammalt \u00e4ppeltr\u00e4d 'Elstar' - Rotstocksplanta - 45L kruka - ca. 1,8m k\u00f6p | V\u00e4xter enkel onlinebest\u00e4llning | Schramas.com","isPartOf":{"@id":"https:\/\/www.schramas.com\/#website"},"primaryImageOfPage":{"@id":"https:\/\/www.schramas.com\/winkel\/malus-domestica-oude-appelboom-elstar-onderstam-zaailing-45l-pot-ca-1-8m\/#primaryimage"},"image":{"@id":"https:\/\/www.schramas.com\/winkel\/malus-domestica-oude-appelboom-elstar-onderstam-zaailing-45l-pot-ca-1-8m\/#primaryimage"},"thumbnailUrl":"https:\/\/www.schramas.com\/wp-content\/uploads\/2025\/09\/Malus-oude-fruitboom.webp","datePublished":"2025-12-09T08:17:22+00:00","dateModified":"2026-04-03T14:31:36+00:00","breadcrumb":{"@id":"https:\/\/www.schramas.com\/winkel\/malus-domestica-oude-appelboom-elstar-onderstam-zaailing-45l-pot-ca-1-8m\/#breadcrumb"},"inLanguage":"sv-SE","potentialAction":[{"@type":"ReadAction","target":["https:\/\/www.schramas.com\/winkel\/malus-domestica-oude-appelboom-elstar-onderstam-zaailing-45l-pot-ca-1-8m\/"]}]},{"@type":"ImageObject","inLanguage":"sv-SE","@id":"https:\/\/www.schramas.com\/winkel\/malus-domestica-oude-appelboom-elstar-onderstam-zaailing-45l-pot-ca-1-8m\/#primaryimage","url":"https:\/\/www.schramas.com\/wp-content\/uploads\/2025\/09\/Malus-oude-fruitboom.webp","contentUrl":"https:\/\/www.schramas.com\/wp-content\/uploads\/2025\/09\/Malus-oude-fruitboom.webp","width":800,"height":800},{"@type":"BreadcrumbList","@id":"https:\/\/www.schramas.com\/winkel\/malus-domestica-oude-appelboom-elstar-onderstam-zaailing-45l-pot-ca-1-8m\/#breadcrumb","itemListElement":[{"@type":"ListItem","position":1,"name":"Product","item":"https:\/\/www.schramas.com\/assortiment\/"},{"@type":"ListItem","position":2,"name":"Bomen &amp; Struiken","item":"https:\/\/www.schramas.com\/product-category\/bomen-struiken\/"},{"@type":"ListItem","position":3,"name":"Fruitbomen","item":"https:\/\/www.schramas.com\/product-category\/bomen-struiken\/fruitbomen\/"},{"@type":"ListItem","position":4,"name":"Oude\/grote fruitbomen","item":"https:\/\/www.schramas.com\/product-category\/bomen-struiken\/fruitbomen\/oude-en-grote-fruitbomen\/"},{"@type":"ListItem","position":5,"name":"Malus domestica &#8211; Oude Appelboom &#8216;Elstar&#8217; &#8211; Onderstam Zaailing &#8211; 45L pot &#8211; ca. 1.8m"}]},{"@type":"WebSite","@id":"https:\/\/www.schramas.com\/#website","url":"https:\/\/www.schramas.com\/","name":"Schramas.com | Tr\u00e4dg\u00e5rdsv\u00e4xter som enkelt kan best\u00e4llas online | Direkt fr\u00e5n v\u00e5r plantskola","description":"","alternateName":"Schramas.com - Alle planten direct van de kweker","potentialAction":[{"@type":"SearchAction","target":{"@type":"EntryPoint","urlTemplate":"https:\/\/www.schramas.com\/?s={search_term_string}"},"query-input":{"@type":"PropertyValueSpecification","valueRequired":true,"valueName":"search_term_string"}}],"inLanguage":"sv-SE"}]}},"_links":{"self":[{"href":"https:\/\/www.schramas.com\/se\/wp-json\/wp\/v2\/product\/63837","targetHints":{"allow":["GET"]}}],"collection":[{"href":"https:\/\/www.schramas.com\/se\/wp-json\/wp\/v2\/product"}],"about":[{"href":"https:\/\/www.schramas.com\/se\/wp-json\/wp\/v2\/types\/product"}],"version-history":[{"count":1,"href":"https:\/\/www.schramas.com\/se\/wp-json\/wp\/v2\/product\/63837\/revisions"}],"predecessor-version":[{"id":63838,"href":"https:\/\/www.schramas.com\/se\/wp-json\/wp\/v2\/product\/63837\/revisions\/63838"}],"wp:featuredmedia":[{"embeddable":true,"href":"https:\/\/www.schramas.com\/se\/wp-json\/wp\/v2\/media\/59305"}],"wp:attachment":[{"href":"https:\/\/www.schramas.com\/se\/wp-json\/wp\/v2\/media?parent=63837"}],"wp:term":[{"taxonomy":"product_brand","embeddable":true,"href":"https:\/\/www.schramas.com\/se\/wp-json\/wp\/v2\/product_brand?post=63837"},{"taxonomy":"product_cat","embeddable":true,"href":"https:\/\/www.schramas.com\/se\/wp-json\/wp\/v2\/product_cat?post=63837"},{"taxonomy":"product_tag","embeddable":true,"href":"https:\/\/www.schramas.com\/se\/wp-json\/wp\/v2\/product_tag?post=63837"}],"curies":[{"name":"wp","href":"https:\/\/api.w.org\/{rel}","templated":true}]}}