{"id":63846,"date":"2025-12-09T10:26:30","date_gmt":"2025-12-09T09:26:30","guid":{"rendered":"https:\/\/www.schramas.com\/?post_type=product&#038;p=63846"},"modified":"2026-04-03T16:31:35","modified_gmt":"2026-04-03T14:31:35","slug":"malus-domestica-gammalt-appeltrad-elstar-grundstam-bitterfeld-45l-kruka-ca-2m","status":"publish","type":"product","link":"https:\/\/www.schramas.com\/se\/butik\/malus-domestica-gammalt-appeltrad-elstar-grundstam-bitterfeld-45l-kruka-ca-2m\/","title":{"rendered":"Malus domestica - Gammalt \u00e4ppeltr\u00e4d \u2018Elstar\u2019 - Bitterfeld grundstam - 45L kruka - ca 2m"},"content":{"rendered":"<p data-start=\"92\" data-end=\"303\">Dessa \u2018gamla\u2019 \u00e4ppeltr\u00e4d ger omedelbart karakt\u00e4r, frukt och atmosf\u00e4r till din tr\u00e4dg\u00e5rd; mogna exemplar i rymliga krukor, redo f\u00f6r plantering. Finns i flera sorter med bepr\u00f6vade smak- och v\u00e4xtegenskaper.<\/p>\n<p data-start=\"305\" data-end=\"785\">Den <strong data-start=\"308\" data-end=\"336\">Malus domestica &#039;Elstar&#039;<\/strong> \u00e4r en klassisk holl\u00e4ndsk \u00e4ppelsort, k\u00e4nd f\u00f6r sin <strong data-start=\"394\" data-end=\"436\">frisk-s\u00f6t smak och saftigt fruktk\u00f6tt<\/strong>. Detta <strong data-start=\"443\" data-end=\"461\">gammalt \u00e4ppeltr\u00e4d<\/strong> \u00e4r ett vackert, moget tr\u00e4d p\u00e5 cirka <strong data-start=\"506\" data-end=\"522\">2 meter h\u00f6g<\/strong>, odlad i en <strong data-start=\"540\" data-end=\"562\">stor 45-liters gryta<\/strong> p\u00e5 <strong data-start=\"566\" data-end=\"590\">grundstam Bitterfeld<\/strong> - en stark, v\u00e4lf\u00f6rgrenad grundstam som ger god tillv\u00e4xt och utm\u00e4rkt fruktkvalitet. Tack vare sin mogna struktur ger detta tr\u00e4d en rik sk\u00f6rd p\u00e5 kort tid.<\/p>\n<p data-start=\"787\" data-end=\"1231\">Den <strong data-start=\"790\" data-end=\"800\">Elstar<\/strong> blommar p\u00e5 v\u00e5ren med mjuka rosa till vita blommor som lockar m\u00e5nga bin. En gener\u00f6s sk\u00f6rd av <strong data-start=\"925\" data-end=\"944\">gulr\u00f6da \u00e4pplen<\/strong> med en frisk, aromatisk smak. Frukten \u00e4r perfekt att \u00e4ta f\u00e4rsk, men passar ocks\u00e5 utm\u00e4rkt till \u00e4ppelmos, kakor och juice. Elstar \u00e4r <strong data-start=\"1090\" data-end=\"1108\">sj\u00e4lvpollinerande<\/strong>, men ger \u00e4nnu h\u00f6gre sk\u00f6rdar n\u00e4r det finns andra \u00e4ppelsorter i n\u00e4rheten, t.ex. \u2018Cox Orange\u2019 eller \u2018Jonagold\u2019.<\/p>\n<p data-start=\"1233\" data-end=\"1535\">Tr\u00e4det \u00e4r <strong data-start=\"1244\" data-end=\"1258\">Hardy<\/strong> och v\u00e4l anpassad till det holl\u00e4ndska klimatet. Den v\u00e4xer b\u00e4st p\u00e5 en <strong data-start=\"1334\" data-end=\"1381\">solig, b\u00f6rdig och v\u00e4ldr\u00e4nerad jord<\/strong>. Dess mogna \u00e5lder och robusta grundstam g\u00f6r den till ett perfekt val f\u00f6r dem som vill ha en omedelbar <strong data-start=\"1477\" data-end=\"1517\">moget frukttr\u00e4d med utseende<\/strong> vill ha i tr\u00e4dg\u00e5rden.<\/p>\n<p data-start=\"1537\" data-end=\"1655\">F\u00f6r att f\u00f6rhindra skador under transporten \u00e4r dessa tunga, mogna tr\u00e4d <strong data-start=\"1618\" data-end=\"1652\">transporteras s\u00e4kert p\u00e5 en pall<\/strong>.<\/p>\n<p data-start=\"1657\" data-end=\"1673\"><strong data-start=\"1657\" data-end=\"1671\">F\u00f6rdelar:<\/strong><\/p>\n<ul data-start=\"1674\" data-end=\"1995\">\n<li data-start=\"1674\" data-end=\"1720\">\n<p data-start=\"1676\" data-end=\"1720\">Stort, moget \u00e4ppeltr\u00e4d (ca 2 m h\u00f6gt)<\/p>\n<\/li>\n<li data-start=\"1721\" data-end=\"1765\">\n<p data-start=\"1723\" data-end=\"1765\">Ympad p\u00e5 stark grundstam <strong data-start=\"1749\" data-end=\"1763\">Bitterfeld<\/strong><\/p>\n<\/li>\n<li data-start=\"1766\" data-end=\"1818\">\n<p data-start=\"1768\" data-end=\"1818\">Rik sk\u00f6rd av saftiga, friskt s\u00f6ta Elstar-\u00e4pplen<\/p>\n<\/li>\n<li data-start=\"1819\" data-end=\"1874\">\n<p data-start=\"1821\" data-end=\"1874\">Vackra v\u00e5rblommor med biv\u00e4nliga blommor<\/p>\n<\/li>\n<li data-start=\"1875\" data-end=\"1915\">\n<p data-start=\"1877\" data-end=\"1915\">Robust och l\u00e4tt att underh\u00e5lla<\/p>\n<\/li>\n<li data-start=\"1916\" data-end=\"1995\">\n<p data-start=\"1918\" data-end=\"1995\">Levereras s\u00e4kert p\u00e5 pall f\u00f6r optimalt skydd under transport<\/p>\n<\/li>\n<\/ul>\n<p data-start=\"1997\" data-end=\"2339\"><strong data-start=\"1997\" data-end=\"2040\">Varf\u00f6r v\u00e4lja detta gamla frukttr\u00e4d?<\/strong><br data-start=\"2040\" data-end=\"2043\" \/>\u2714 Omedelbart synlig storlek och mogen struktur: inga \u00e5r av v\u00e4ntan p\u00e5 ett moget tr\u00e4d<br data-start=\"2134\" data-end=\"2137\" \/>\u2714 Rotstock Bitterfeld: kraftig, t\u00e5lig och l\u00e4mplig f\u00f6r olika jordar<br data-start=\"2218\" data-end=\"2221\" \/>\u2714 Klassisk \u00e4ppelsort med h\u00f6g avkastning och utm\u00e4rkt smak<br data-start=\"2280\" data-end=\"2283\" \/>\u2714 Starkt h\u00e4rdig och l\u00e4mplig f\u00f6r tempererade klimat<\/p>\n<p data-start=\"2341\" data-end=\"2653\"><strong data-start=\"2341\" data-end=\"2362\">Blomning och frukt:<\/strong><br data-start=\"2362\" data-end=\"2365\" \/>P\u00e5 v\u00e5ren blommar Elstar rikt med mjukt rosa till vita blommor. Frukts\u00e4ttningen f\u00f6ljer p\u00e5 sommaren, med en sk\u00f6rdeperiod p\u00e5 <strong data-start=\"2500\" data-end=\"2549\">sensommar till tidig h\u00f6st (september-oktober)<\/strong>. \u00c4pplena \u00e4r fasta, saftiga och har en fr\u00e4sch, s\u00f6t arom - idealiska f\u00f6r f\u00e4rskkonsumtion och f\u00f6r\u00e4dling.<\/p>\n<p data-start=\"2655\" data-end=\"2974\"><strong data-start=\"2655\" data-end=\"2684\">Pitch &amp; sk\u00f6tsel:<\/strong><br data-start=\"2684\" data-end=\"2687\" \/>Plantera tr\u00e4det p\u00e5 en <strong data-start=\"2708\" data-end=\"2746\">soligt till l\u00e4tt skuggigt l\u00e4ge<\/strong> i v\u00e4ldr\u00e4nerad, n\u00e4ringsrik jord. Undvik v\u00e5ta f\u00f6tter. Vattna tillr\u00e4ckligt under den f\u00f6rsta v\u00e4xts\u00e4songen efter plantering. Besk\u00e4r \u00e5rligen p\u00e5 vintern eller tidig v\u00e5r f\u00f6r att bibeh\u00e5lla formen och uppmuntra fruktproduktion.<\/p>\n<p data-start=\"2976\" data-end=\"3296\"><strong data-start=\"2976\" data-end=\"3010\">Specifikationerna i korthet<\/strong><br data-start=\"3010\" data-end=\"3013\" \/>- H\u00f6jd vid leverans: ca 2 m<br data-start=\"3043\" data-end=\"3046\" \/>- Krukans storlek: 45 L<br data-start=\"3061\" data-end=\"3064\" \/>- Rotstock: Bitterfeld<br data-start=\"3087\" data-end=\"3090\" \/>- V\u00e4xts\u00e4tt: gammal tr\u00e4dstruktur<br data-start=\"3122\" data-end=\"3125\" \/>- Blomning: v\u00e5r (april-maj)<br data-start=\"3154\" data-end=\"3157\" \/>- Sk\u00f6rd: september-oktober<br data-start=\"3183\" data-end=\"3186\" \/>- Hardy: motst\u00e5ndskraftig mot holl\u00e4ndska vintrar<br data-start=\"3238\" data-end=\"3241\" \/>- Anv\u00e4ndning: stor tr\u00e4dg\u00e5rd, g\u00e5rdsplan, frukttr\u00e4dg\u00e5rd, solit\u00e4rt tr\u00e4d<\/p>\n<p data-start=\"3298\" data-end=\"3567\" data-is-last-node=\"\" data-is-only-node=\"\">L\u00e4gg till ett tr\u00e4d som ger ett omedelbart intryck, levererar smak och h\u00e5ller i m\u00e5nga \u00e5r. V\u00e5rt <strong data-start=\"3381\" data-end=\"3431\">gamla Elstar-\u00e4ppeltr\u00e4d p\u00e5 Bitterfeld-grundstam<\/strong> kombinerar karakt\u00e4r, kraft och kvalitet - direkt fr\u00e5n odlaren till din tr\u00e4dg\u00e5rd. <em data-start=\"3518\" data-end=\"3567\" data-is-last-node=\"\">(Det levererade tr\u00e4det kan skilja sig n\u00e5got fr\u00e5n bilden).<\/em><\/p>","protected":false},"excerpt":{"rendered":"<p>- 1 x Malus domestica \u2018Elstar\u2019 - Bitterfeld-grundstam - f\u00e4rska, s\u00f6ta, saftiga \u00e4pplen<br data-start=\"222\" data-end=\"225\" \/>- Leveransh\u00f6jd ca 2 m - krukstorlek 45 liter<br data-start=\"265\" data-end=\"268\" \/>- Sj\u00e4lvpollinerande, h\u00f6gre avkastning med bland annat \u2018Jonagold\u2019<br data-start=\"333\" data-end=\"336\" \/>- Sk\u00f6rd i september-oktober<br data-start=\"364\" data-end=\"367\" \/>- Placering: sol - b\u00f6rdig, v\u00e4ldr\u00e4nerad jord<br data-start=\"420\" data-end=\"423\" \/>- H\u00e4rdigt, moget tr\u00e4d med omedelbar avkastning<br data-start=\"473\" data-end=\"476\" \/>- Frakt: p\u00e5 pall f\u00f6r s\u00e4ker transport<\/p>","protected":false},"featured_media":63847,"template":"","meta":{"_joinchat":[]},"product_brand":[],"product_cat":[233,3716],"product_tag":[3725,3729,3728,3730,4173,3721,3722,3720,3732,3727,2215,3719,3724,3718,3726,3113,3731],"class_list":{"0":"post-63846","1":"product","2":"type-product","3":"status-publish","4":"has-post-thumbnail","6":"product_cat-fruitbomen","7":"product_cat-oude-en-grote-fruitbomen","8":"product_tag-appelbomen-kwekerij","9":"product_tag-appelboom-zelfplukkend","10":"product_tag-appeloogst","11":"product_tag-bestuivende-rassen","12":"product_tag-bitterfeld","13":"product_tag-bramley-appel","14":"product_tag-elstar-boom","15":"product_tag-fruitboom-45l","16":"product_tag-grote-fruitboom-kopen","17":"product_tag-hoogstam-appel","18":"product_tag-malus-domestica","19":"product_tag-nostalgische-appelrassen","20":"product_tag-notenfruitboom-alternatief","21":"product_tag-oude-appelboom","22":"product_tag-pluktuin","23":"product_tag-rode-boskoop","24":"product_tag-winterharde-appels","25":"product_shipping_class-grote-fruitbomen","26":"pa_ewd_uwcf_colors-groen-2","27":"pa_groeihoogte-300-cm","28":"pa_pot-45-liter-pot","30":"first","31":"instock","32":"taxable","33":"shipping-taxable","34":"purchasable","35":"product-type-simple"},"yoast_head":"<!-- This site is optimized with the Yoast SEO plugin v24.2 - https:\/\/yoast.com\/wordpress\/plugins\/seo\/ -->\n<title>Malus domestica - Oude Appelboom &#039;Elstar&#039; - Onderstam Bitterfeld - 45L pot - ca. 2m kopen | Planten eenvoudig online bestellen | Schramas.com<\/title>\n<meta name=\"robots\" content=\"index, follow, max-snippet:-1, max-image-preview:large, max-video-preview:-1\" \/>\n<link rel=\"canonical\" href=\"https:\/\/www.schramas.com\/se\/butik\/malus-domestica-gammalt-appeltrad-elstar-grundstam-bitterfeld-45l-kruka-ca-2m\/\" \/>\n<meta property=\"og:locale\" content=\"sv_SE\" \/>\n<meta property=\"og:type\" content=\"article\" \/>\n<meta property=\"og:title\" content=\"Malus domestica - Oude Appelboom &#039;Elstar&#039; - Onderstam Bitterfeld - 45L pot - ca. 2m kopen | Planten eenvoudig online bestellen | Schramas.com\" \/>\n<meta property=\"og:description\" content=\"\u2022 1 x Malus domestica \u2018Elstar\u2019 \u2013 onderstam Bitterfeld \u2013 friszoete, sappige appels\u2022 Leverhoogte ca. 2 m \u2013 potmaat 45 liter\u2022 Zelfbestuivend, hogere opbrengst met oa \u2018Jonagold\u2019\u2022 Oogst in september\u2013oktober\u2022 Standplaats: zon \u2013 voedzame, goed doorlatende grond\u2022 Winterhard, volwassen boom met directe opbrengst\u2022 Verzending: op pallet voor veilig transport\" \/>\n<meta property=\"og:url\" content=\"https:\/\/www.schramas.com\/se\/butik\/malus-domestica-gammalt-appeltrad-elstar-grundstam-bitterfeld-45l-kruka-ca-2m\/\" \/>\n<meta property=\"og:site_name\" content=\"Planten eenvoudig online bestellen | Schramas.com\" \/>\n<meta property=\"article:publisher\" content=\"https:\/\/www.facebook.com\/Schramascom-106872874153195\/\" \/>\n<meta property=\"article:modified_time\" content=\"2026-04-03T14:31:35+00:00\" \/>\n<meta property=\"og:image\" content=\"http:\/\/www.schramas.com\/wp-content\/uploads\/2025\/12\/IMG20250822150429-scaled.jpg\" \/>\n\t<meta property=\"og:image:width\" content=\"1920\" \/>\n\t<meta property=\"og:image:height\" content=\"2560\" \/>\n\t<meta property=\"og:image:type\" content=\"image\/jpeg\" \/>\n<meta name=\"twitter:card\" content=\"summary_large_image\" \/>\n<meta name=\"twitter:label1\" content=\"Ber\u00e4knad l\u00e4stid\" \/>\n\t<meta name=\"twitter:data1\" content=\"1 minut\" \/>\n<script type=\"application\/ld+json\" class=\"yoast-schema-graph\">{\"@context\":\"https:\/\/schema.org\",\"@graph\":[{\"@type\":[\"WebPage\",\"ItemPage\"],\"@id\":\"https:\/\/www.schramas.com\/winkel\/malus-domestica-oude-appelboom-elstar-onderstam-bitterfeld-45l-pot-ca-2m\/\",\"url\":\"https:\/\/www.schramas.com\/winkel\/malus-domestica-oude-appelboom-elstar-onderstam-bitterfeld-45l-pot-ca-2m\/\",\"name\":\"Malus domestica - Oude Appelboom 'Elstar' - Onderstam Bitterfeld - 45L pot - ca. 2m kopen | Planten eenvoudig online bestellen | Schramas.com\",\"isPartOf\":{\"@id\":\"https:\/\/www.schramas.com\/#website\"},\"primaryImageOfPage\":{\"@id\":\"https:\/\/www.schramas.com\/winkel\/malus-domestica-oude-appelboom-elstar-onderstam-bitterfeld-45l-pot-ca-2m\/#primaryimage\"},\"image\":{\"@id\":\"https:\/\/www.schramas.com\/winkel\/malus-domestica-oude-appelboom-elstar-onderstam-bitterfeld-45l-pot-ca-2m\/#primaryimage\"},\"thumbnailUrl\":\"https:\/\/www.schramas.com\/wp-content\/uploads\/2025\/12\/IMG20250822150429-scaled.jpg\",\"datePublished\":\"2025-12-09T09:26:30+00:00\",\"dateModified\":\"2026-04-03T14:31:35+00:00\",\"breadcrumb\":{\"@id\":\"https:\/\/www.schramas.com\/winkel\/malus-domestica-oude-appelboom-elstar-onderstam-bitterfeld-45l-pot-ca-2m\/#breadcrumb\"},\"inLanguage\":\"sv-SE\",\"potentialAction\":[{\"@type\":\"ReadAction\",\"target\":[\"https:\/\/www.schramas.com\/winkel\/malus-domestica-oude-appelboom-elstar-onderstam-bitterfeld-45l-pot-ca-2m\/\"]}]},{\"@type\":\"ImageObject\",\"inLanguage\":\"sv-SE\",\"@id\":\"https:\/\/www.schramas.com\/winkel\/malus-domestica-oude-appelboom-elstar-onderstam-bitterfeld-45l-pot-ca-2m\/#primaryimage\",\"url\":\"https:\/\/www.schramas.com\/wp-content\/uploads\/2025\/12\/IMG20250822150429-scaled.jpg\",\"contentUrl\":\"https:\/\/www.schramas.com\/wp-content\/uploads\/2025\/12\/IMG20250822150429-scaled.jpg\",\"width\":1920,\"height\":2560,\"caption\":\"oplus_3211314\"},{\"@type\":\"BreadcrumbList\",\"@id\":\"https:\/\/www.schramas.com\/winkel\/malus-domestica-oude-appelboom-elstar-onderstam-bitterfeld-45l-pot-ca-2m\/#breadcrumb\",\"itemListElement\":[{\"@type\":\"ListItem\",\"position\":1,\"name\":\"Product\",\"item\":\"https:\/\/www.schramas.com\/assortiment\/\"},{\"@type\":\"ListItem\",\"position\":2,\"name\":\"Bomen &amp; Struiken\",\"item\":\"https:\/\/www.schramas.com\/product-category\/bomen-struiken\/\"},{\"@type\":\"ListItem\",\"position\":3,\"name\":\"Fruitbomen\",\"item\":\"https:\/\/www.schramas.com\/product-category\/bomen-struiken\/fruitbomen\/\"},{\"@type\":\"ListItem\",\"position\":4,\"name\":\"Oude\/grote fruitbomen\",\"item\":\"https:\/\/www.schramas.com\/product-category\/bomen-struiken\/fruitbomen\/oude-en-grote-fruitbomen\/\"},{\"@type\":\"ListItem\",\"position\":5,\"name\":\"Malus domestica &#8211; Oude Appelboom &#8216;Elstar&#8217; &#8211; Onderstam Bitterfeld &#8211; 45L pot &#8211; ca. 2m\"}]},{\"@type\":\"WebSite\",\"@id\":\"https:\/\/www.schramas.com\/#website\",\"url\":\"https:\/\/www.schramas.com\/\",\"name\":\"Schramas.com | Tuinplanten eenvoudig online bestellen | Direct van onze Kwekerij\",\"description\":\"\",\"alternateName\":\"Schramas.com - Alle planten direct van de kweker\",\"potentialAction\":[{\"@type\":\"SearchAction\",\"target\":{\"@type\":\"EntryPoint\",\"urlTemplate\":\"https:\/\/www.schramas.com\/?s={search_term_string}\"},\"query-input\":{\"@type\":\"PropertyValueSpecification\",\"valueRequired\":true,\"valueName\":\"search_term_string\"}}],\"inLanguage\":\"sv-SE\"}]}<\/script>\n<!-- \/ Yoast SEO plugin. -->","yoast_head_json":{"title":"Malus domestica - Gammalt \u00e4ppeltr\u00e4d 'Elstar' - Grundstam Bitterfeld - 45L kruka - ca. 2m k\u00f6p | V\u00e4xter enkel online best\u00e4llning | Schramas.com","robots":{"index":"index","follow":"follow","max-snippet":"max-snippet:-1","max-image-preview":"max-image-preview:large","max-video-preview":"max-video-preview:-1"},"canonical":"https:\/\/www.schramas.com\/se\/butik\/malus-domestica-gammalt-appeltrad-elstar-grundstam-bitterfeld-45l-kruka-ca-2m\/","og_locale":"sv_SE","og_type":"article","og_title":"Malus domestica - Oude Appelboom 'Elstar' - Onderstam Bitterfeld - 45L pot - ca. 2m kopen | Planten eenvoudig online bestellen | Schramas.com","og_description":"\u2022 1 x Malus domestica \u2018Elstar\u2019 \u2013 onderstam Bitterfeld \u2013 friszoete, sappige appels\u2022 Leverhoogte ca. 2 m \u2013 potmaat 45 liter\u2022 Zelfbestuivend, hogere opbrengst met oa \u2018Jonagold\u2019\u2022 Oogst in september\u2013oktober\u2022 Standplaats: zon \u2013 voedzame, goed doorlatende grond\u2022 Winterhard, volwassen boom met directe opbrengst\u2022 Verzending: op pallet voor veilig transport","og_url":"https:\/\/www.schramas.com\/se\/butik\/malus-domestica-gammalt-appeltrad-elstar-grundstam-bitterfeld-45l-kruka-ca-2m\/","og_site_name":"Planten eenvoudig online bestellen | Schramas.com","article_publisher":"https:\/\/www.facebook.com\/Schramascom-106872874153195\/","article_modified_time":"2026-04-03T14:31:35+00:00","og_image":[{"width":1920,"height":2560,"url":"http:\/\/www.schramas.com\/wp-content\/uploads\/2025\/12\/IMG20250822150429-scaled.jpg","type":"image\/jpeg"}],"twitter_card":"summary_large_image","twitter_misc":{"Ber\u00e4knad l\u00e4stid":"1 minut"},"schema":{"@context":"https:\/\/schema.org","@graph":[{"@type":["WebPage","ItemPage"],"@id":"https:\/\/www.schramas.com\/winkel\/malus-domestica-oude-appelboom-elstar-onderstam-bitterfeld-45l-pot-ca-2m\/","url":"https:\/\/www.schramas.com\/winkel\/malus-domestica-oude-appelboom-elstar-onderstam-bitterfeld-45l-pot-ca-2m\/","name":"Malus domestica - Gammalt \u00e4ppeltr\u00e4d 'Elstar' - Grundstam Bitterfeld - 45L kruka - ca. 2m k\u00f6p | V\u00e4xter enkel online best\u00e4llning | Schramas.com","isPartOf":{"@id":"https:\/\/www.schramas.com\/#website"},"primaryImageOfPage":{"@id":"https:\/\/www.schramas.com\/winkel\/malus-domestica-oude-appelboom-elstar-onderstam-bitterfeld-45l-pot-ca-2m\/#primaryimage"},"image":{"@id":"https:\/\/www.schramas.com\/winkel\/malus-domestica-oude-appelboom-elstar-onderstam-bitterfeld-45l-pot-ca-2m\/#primaryimage"},"thumbnailUrl":"https:\/\/www.schramas.com\/wp-content\/uploads\/2025\/12\/IMG20250822150429-scaled.jpg","datePublished":"2025-12-09T09:26:30+00:00","dateModified":"2026-04-03T14:31:35+00:00","breadcrumb":{"@id":"https:\/\/www.schramas.com\/winkel\/malus-domestica-oude-appelboom-elstar-onderstam-bitterfeld-45l-pot-ca-2m\/#breadcrumb"},"inLanguage":"sv-SE","potentialAction":[{"@type":"ReadAction","target":["https:\/\/www.schramas.com\/winkel\/malus-domestica-oude-appelboom-elstar-onderstam-bitterfeld-45l-pot-ca-2m\/"]}]},{"@type":"ImageObject","inLanguage":"sv-SE","@id":"https:\/\/www.schramas.com\/winkel\/malus-domestica-oude-appelboom-elstar-onderstam-bitterfeld-45l-pot-ca-2m\/#primaryimage","url":"https:\/\/www.schramas.com\/wp-content\/uploads\/2025\/12\/IMG20250822150429-scaled.jpg","contentUrl":"https:\/\/www.schramas.com\/wp-content\/uploads\/2025\/12\/IMG20250822150429-scaled.jpg","width":1920,"height":2560,"caption":"oplus_3211314"},{"@type":"BreadcrumbList","@id":"https:\/\/www.schramas.com\/winkel\/malus-domestica-oude-appelboom-elstar-onderstam-bitterfeld-45l-pot-ca-2m\/#breadcrumb","itemListElement":[{"@type":"ListItem","position":1,"name":"Product","item":"https:\/\/www.schramas.com\/assortiment\/"},{"@type":"ListItem","position":2,"name":"Bomen &amp; Struiken","item":"https:\/\/www.schramas.com\/product-category\/bomen-struiken\/"},{"@type":"ListItem","position":3,"name":"Fruitbomen","item":"https:\/\/www.schramas.com\/product-category\/bomen-struiken\/fruitbomen\/"},{"@type":"ListItem","position":4,"name":"Oude\/grote fruitbomen","item":"https:\/\/www.schramas.com\/product-category\/bomen-struiken\/fruitbomen\/oude-en-grote-fruitbomen\/"},{"@type":"ListItem","position":5,"name":"Malus domestica &#8211; Oude Appelboom &#8216;Elstar&#8217; &#8211; Onderstam Bitterfeld &#8211; 45L pot &#8211; ca. 2m"}]},{"@type":"WebSite","@id":"https:\/\/www.schramas.com\/#website","url":"https:\/\/www.schramas.com\/","name":"Schramas.com | Tr\u00e4dg\u00e5rdsv\u00e4xter som enkelt kan best\u00e4llas online | Direkt fr\u00e5n v\u00e5r plantskola","description":"","alternateName":"Schramas.com - Alle planten direct van de kweker","potentialAction":[{"@type":"SearchAction","target":{"@type":"EntryPoint","urlTemplate":"https:\/\/www.schramas.com\/?s={search_term_string}"},"query-input":{"@type":"PropertyValueSpecification","valueRequired":true,"valueName":"search_term_string"}}],"inLanguage":"sv-SE"}]}},"_links":{"self":[{"href":"https:\/\/www.schramas.com\/se\/wp-json\/wp\/v2\/product\/63846","targetHints":{"allow":["GET"]}}],"collection":[{"href":"https:\/\/www.schramas.com\/se\/wp-json\/wp\/v2\/product"}],"about":[{"href":"https:\/\/www.schramas.com\/se\/wp-json\/wp\/v2\/types\/product"}],"version-history":[{"count":1,"href":"https:\/\/www.schramas.com\/se\/wp-json\/wp\/v2\/product\/63846\/revisions"}],"predecessor-version":[{"id":63851,"href":"https:\/\/www.schramas.com\/se\/wp-json\/wp\/v2\/product\/63846\/revisions\/63851"}],"wp:featuredmedia":[{"embeddable":true,"href":"https:\/\/www.schramas.com\/se\/wp-json\/wp\/v2\/media\/63847"}],"wp:attachment":[{"href":"https:\/\/www.schramas.com\/se\/wp-json\/wp\/v2\/media?parent=63846"}],"wp:term":[{"taxonomy":"product_brand","embeddable":true,"href":"https:\/\/www.schramas.com\/se\/wp-json\/wp\/v2\/product_brand?post=63846"},{"taxonomy":"product_cat","embeddable":true,"href":"https:\/\/www.schramas.com\/se\/wp-json\/wp\/v2\/product_cat?post=63846"},{"taxonomy":"product_tag","embeddable":true,"href":"https:\/\/www.schramas.com\/se\/wp-json\/wp\/v2\/product_tag?post=63846"}],"curies":[{"name":"wp","href":"https:\/\/api.w.org\/{rel}","templated":true}]}}