{"id":64147,"date":"2025-12-11T16:18:03","date_gmt":"2025-12-11T15:18:03","guid":{"rendered":"https:\/\/www.schramas.com\/?post_type=product&#038;p=64147"},"modified":"2026-03-26T16:38:47","modified_gmt":"2026-03-26T15:38:47","slug":"mespilus-germanicus-tradfrukt-gammalt-mispel-trad-grundstam-kvitten-en-45l-kruka-ca-2m","status":"publish","type":"product","link":"https:\/\/www.schramas.com\/se\/butik\/mespilus-germanicus-tradfrukt-gammalt-mispel-trad-grundstam-kvitten-en-45l-kruka-ca-2m\/","title":{"rendered":"Mespilus germanicus \u2018Tree &amp; Fruit\u2019 - Gammalt mispeltr\u00e4d - Rotstock Kwee A - 45L kruka - ca 2m"},"content":{"rendered":"<p data-start=\"237\" data-end=\"399\">Dessa \u2018gamla\u2019 mispeltr\u00e4d ger omedelbart mogen struktur, karakt\u00e4r och avkastning i tr\u00e4dg\u00e5rden; fullvuxna exemplar i stora krukor, redo f\u00f6r omedelbar plantering.<\/p>\n<p data-start=\"401\" data-end=\"1035\">Den <strong data-start=\"404\" data-end=\"442\">Mespilus germanica \u2018Tr\u00e4d &amp; frukt\u2019<\/strong> \u00e4r en traditionell sortering av mispel som \u00e4r k\u00e4nd f\u00f6r sin <strong data-start=\"497\" data-end=\"526\">utm\u00e4rkt frukts\u00e4ttning<\/strong> och de stora, aromatiska m\u00e4rgarna som den producerar. De avl\u00e5nga till omv\u00e4nt \u00e4ggformade bladen \u00e4r t\u00e4tt h\u00e5riga, fint tandade och mjuka att k\u00e4nna p\u00e5. P\u00e5 h\u00f6sten skiftar bladen i en vacker f\u00e4rg till <strong data-start=\"720\" data-end=\"752\">varm r\u00f6dbrun och gyllene orange<\/strong>, vilket ger tr\u00e4det ett stort v\u00e4rde \u00e4ven som prydnadstr\u00e4d. Detta gamla medlar tr\u00e4d kommer p\u00e5 en h\u00f6jd av cirka <strong data-start=\"867\" data-end=\"878\">2 meter<\/strong>, uppvuxen i en <strong data-start=\"898\" data-end=\"914\">45 liters kruka<\/strong> p\u00e5 <strong data-start=\"918\" data-end=\"938\">Kwee A grundstam<\/strong>, vilket ger en <strong data-start=\"959\" data-end=\"994\">lugn, v\u00e4lkontrollerad tillv\u00e4xt<\/strong> och en p\u00e5litlig \u00e5rlig avkastning.<\/p>\n<p data-start=\"1037\" data-end=\"1617\">I maj-juni blommar \u2018Tree &amp; Fruit\u2019 \u00f6verd\u00e5digt med <strong data-start=\"1081\" data-end=\"1128\">uppr\u00e4ttst\u00e5ende, gr\u00e4ddvita blommor 3-4 cm breda<\/strong>, med ett anm\u00e4rkningsv\u00e4rt stort antal st\u00e5ndare. Denna blomning utg\u00f6r grunden f\u00f6r den senare frukts\u00e4ttningen, som \u00e4r exceptionellt bra hos denna sort. Misplarna \u00e4r <strong data-start=\"1284\" data-end=\"1303\">brun i f\u00e4rgen<\/strong>, om <strong data-start=\"1314\" data-end=\"1330\">4-5 cm i storlek<\/strong> och k\u00e4nns igen p\u00e5 den vida \u00f6ppningen p\u00e5 kalyxen. Som med alla sorter av mispel blir frukterna inte \u00e4tliga f\u00f6rr\u00e4n de \u00e4r <strong data-start=\"1441\" data-end=\"1454\">mjuk-mogen<\/strong> efter bletting (eftermognad). D\u00e5 utvecklar fruktk\u00f6ttet en s\u00f6t, mild och kryddig smak - perfekt f\u00f6r kompott, sylt, gel\u00e9 och traditionell mispelsirap.<\/p>\n<p data-start=\"1619\" data-end=\"1974\">Detta mispeltr\u00e4d \u00e4r <strong data-start=\"1638\" data-end=\"1652\">Hardy<\/strong>, tolererar kalkhaltig jord och \u00e4r k\u00e4nd f\u00f6r sin <strong data-start=\"1704\" data-end=\"1726\">v\u00e4rmebest\u00e4ndighet<\/strong> och djupt rotsystem. Den v\u00e4xer b\u00e4st p\u00e5 en <strong data-start=\"1777\" data-end=\"1822\">soligt till l\u00e4tt skuggigt l\u00e4ge<\/strong> med en n\u00e4ringsrik, v\u00e4ldr\u00e4nerad jord. Den mogna \u00e5ldern g\u00f6r att tr\u00e4det ger frukt direkt och ger tr\u00e4dg\u00e5rden en omedelbar karakt\u00e4r.<\/p>\n<p data-start=\"1976\" data-end=\"2050\">F\u00f6r s\u00e4ker transport \u00e4r dessa tunga tr\u00e4d <strong data-start=\"2022\" data-end=\"2049\">levereras p\u00e5 pall<\/strong>.<\/p>\n<p data-start=\"2052\" data-end=\"2379\"><strong data-start=\"2052\" data-end=\"2066\">F\u00f6rdelar:<\/strong><br data-start=\"2066\" data-end=\"2069\" \/>Stort, moget mispeltr\u00e4d (ca 2 m h\u00f6gt)<br data-start=\"2112\" data-end=\"2115\" \/>Rotstock Kwee A: lugn tillv\u00e4xt, v\u00e4l kontrollerad och produktiv<br data-start=\"2178\" data-end=\"2181\" \/>Mogen sort med stora, aromatiska medlar<br data-start=\"2227\" data-end=\"2230\" \/>Prydnadsv\u00e4rde: h\u00e5riga blad, lysande h\u00f6stf\u00e4rger, stora vita blommor<br data-start=\"2303\" data-end=\"2306\" \/>H\u00e4rdig, kalktolerant och v\u00e4rmebest\u00e4ndig<br data-start=\"2348\" data-end=\"2351\" \/>S\u00e4kert levererad p\u00e5 pall<\/p>\n<p data-start=\"2381\" data-end=\"2629\"><strong data-start=\"2381\" data-end=\"2424\">Varf\u00f6r v\u00e4lja detta gamla frukttr\u00e4d?<\/strong><br data-start=\"2424\" data-end=\"2427\" \/>\u2714 Traditionell sort med exceptionell b\u00f6rdighet<br data-start=\"2479\" data-end=\"2482\" \/>\u2714 Stora misplar med rik smak efter eftermognad<br data-start=\"2526\" data-end=\"2529\" \/>\u2714 Lugn, j\u00e4mn tillv\u00e4xt tack vare Kwee A grundstam<br data-start=\"2580\" data-end=\"2583\" \/>\u2714 Omedelbart moget tr\u00e4d med snabb avkastning<\/p>\n<p data-start=\"2631\" data-end=\"2810\"><strong data-start=\"2631\" data-end=\"2652\">Blomning och frukt:<\/strong><br data-start=\"2652\" data-end=\"2655\" \/>Blomning i maj-juni; sk\u00f6rd i <strong data-start=\"2683\" data-end=\"2695\">November<\/strong>. Mispeln blir \u00e4tbar f\u00f6rst n\u00e4r den mjuknar efter bl\u00f6tl\u00e4ggning och \u00e4r d\u00e5 perfekt f\u00f6r sylt, gel\u00e9 och kompott.<\/p>\n<p data-start=\"2812\" data-end=\"3066\"><strong data-start=\"2812\" data-end=\"2841\">Pitch &amp; sk\u00f6tsel:<\/strong><br data-start=\"2841\" data-end=\"2844\" \/>Soligt till l\u00e4tt skuggigt l\u00e4ge; n\u00e4ringsrik, v\u00e4ldr\u00e4nerad jord. Vattna regelbundet under den f\u00f6rsta tiden. Endast l\u00e4tt besk\u00e4rning \u00e4r n\u00f6dv\u00e4ndig p\u00e5 vintern. T\u00e5l kalkhaltig jord och \u00e4r motst\u00e5ndskraftig mot v\u00e4rme.<\/p>\n<p data-start=\"3068\" data-end=\"3305\"><strong data-start=\"3068\" data-end=\"3102\">Specifikationerna i korthet<\/strong><br data-start=\"3102\" data-end=\"3105\" \/>- H\u00f6jd vid leverans: ca 2 m<br data-start=\"3135\" data-end=\"3138\" \/>- Krukans storlek: 45 L<br data-start=\"3153\" data-end=\"3156\" \/>- Rotstock: Kwee A<br data-start=\"3175\" data-end=\"3178\" \/>- Blomning: maj-juni<br data-start=\"3195\" data-end=\"3198\" \/>- Sk\u00f6rd: november<br data-start=\"3215\" data-end=\"3218\" \/>- Port de la plante : medelstark, gammal tr\u00e4dstruktur<br data-start=\"3263\" data-end=\"3266\" \/>- L\u00e4mplig f\u00f6r: tr\u00e4dg\u00e5rd, g\u00e5rdsplan, frukttr\u00e4dg\u00e5rd<\/p>\n<p data-start=\"3307\" data-end=\"3482\">V\u00e5rt tr\u00e4d &amp; frukt p\u00e5 Kwee A \u00e4r ett robust, avkastande och karakt\u00e4rsfullt mispeltr\u00e4d som ger ett omedelbart v\u00e4rde till tr\u00e4dg\u00e5rden. (Det levererade tr\u00e4det kan skilja sig n\u00e5got fr\u00e5n bilden.)<\/p>","protected":false},"excerpt":{"rendered":"<p>- 1 x Mespilus germanica \u2018Boom &amp; Vrucht\u2019 - grundstam Kwee A - produktiv mispel med stora frukter<br data-start=\"3670\" data-end=\"3673\" \/>- Leveransh\u00f6jd ca 2 m - krukstorlek 45 liter<br data-start=\"3713\" data-end=\"3716\" \/>- Sj\u00e4lvpollinerande, h\u00f6gproduktiv sort<br data-start=\"3753\" data-end=\"3756\" \/>- Sk\u00f6rdas i november; \u00e4tbar efter mognad<br data-start=\"3797\" data-end=\"3800\" \/>- Placering: sol till ljus skugga - n\u00e4ringsrik, v\u00e4ldr\u00e4nerad jord<br data-start=\"3872\" data-end=\"3875\" \/>- H\u00e4rdig, kalktolerant och v\u00e4rmebest\u00e4ndig<br data-start=\"3919\" data-end=\"3922\" \/>- Frakt: p\u00e5 pall f\u00f6r s\u00e4ker transport<\/p>","protected":false},"featured_media":64150,"template":"","meta":{"_joinchat":[]},"product_brand":[],"product_cat":[233,3716],"product_tag":[4230,4233,4227,4228,4229,4231,4225,4232,4224,4236,4243,4242,4241,4240,4239,4234,4235,4255,4226,4238,4237],"class_list":{"0":"post-64147","1":"product","2":"type-product","3":"status-publish","4":"has-post-thumbnail","6":"product_cat-fruitbomen","7":"product_cat-oude-en-grote-fruitbomen","8":"product_tag-mespilus-germanica-kopen","9":"product_tag-mispel-planten","10":"product_tag-mispelbomen-online-bestellen","11":"product_tag-mispelboom-2-meter","12":"product_tag-mispelboom-45-liter-pot","13":"product_tag-mispelboom-ba29","14":"product_tag-mispelboom-bredase-reus","15":"product_tag-mispelboom-fruitboom","16":"product_tag-mispelboom-kopen","17":"product_tag-mispelboom-kwekerij","18":"product_tag-mispelboom-mispels-oogsten","19":"product_tag-mispelboom-onderhouden","20":"product_tag-mispelboom-snoeien","21":"product_tag-mispelboom-standplaats","22":"product_tag-mispelboom-voor-in-de-tuin","23":"product_tag-mispelboom-vruchten","24":"product_tag-mispels-kopen","25":"product_tag-mooie-fruitboom-kopen","26":"product_tag-oude-mispelboom-kopen","27":"product_tag-sterke-mispelboom","28":"product_tag-winterharde-mispelboom","29":"product_shipping_class-grote-fruitbomen","30":"pa_ewd_uwcf_colors-groen-2","31":"pa_groeihoogte-300-cm","32":"pa_pot-45-liter-pot","34":"first","35":"instock","36":"taxable","37":"shipping-taxable","38":"purchasable","39":"product-type-simple"},"yoast_head":"<!-- This site is optimized with the Yoast SEO plugin v24.2 - https:\/\/yoast.com\/wordpress\/plugins\/seo\/ -->\n<title>Mespilus germanicus &#039;Boom &amp; Vrucht&#039; - Oude Mispelboom - Onderstam Kwee A - 45L pot - ca. 2m kopen | Planten eenvoudig online bestellen | Schramas.com<\/title>\n<meta name=\"robots\" content=\"index, follow, max-snippet:-1, max-image-preview:large, max-video-preview:-1\" \/>\n<link rel=\"canonical\" href=\"https:\/\/www.schramas.com\/se\/butik\/mespilus-germanicus-tradfrukt-gammalt-mispel-trad-grundstam-kvitten-en-45l-kruka-ca-2m\/\" \/>\n<meta property=\"og:locale\" content=\"sv_SE\" \/>\n<meta property=\"og:type\" content=\"article\" \/>\n<meta property=\"og:title\" content=\"Mespilus germanicus &#039;Boom &amp; Vrucht&#039; - Oude Mispelboom - Onderstam Kwee A - 45L pot - ca. 2m kopen | Planten eenvoudig online bestellen | Schramas.com\" \/>\n<meta property=\"og:description\" content=\"\u2022 1 x Mespilus germanica \u2018Boom &amp; Vrucht\u2019 \u2013 onderstam Kwee A \u2013 rijkdragende mispel met grote vruchten\u2022 Leverhoogte ca. 2 m \u2013 potmaat 45 liter\u2022 Zelfbestuivend, zeer productief ras\u2022 Oogst in november; eetbaar na narijping\u2022 Standplaats: zon tot lichte schaduw \u2013 voedzame, goed doorlatende grond\u2022 Winterhard, kalktolerant en hittebestendig\u2022 Verzending: op pallet voor veilig transport\" \/>\n<meta property=\"og:url\" content=\"https:\/\/www.schramas.com\/se\/butik\/mespilus-germanicus-tradfrukt-gammalt-mispel-trad-grundstam-kvitten-en-45l-kruka-ca-2m\/\" \/>\n<meta property=\"og:site_name\" content=\"Planten eenvoudig online bestellen | Schramas.com\" \/>\n<meta property=\"article:publisher\" content=\"https:\/\/www.facebook.com\/Schramascom-106872874153195\/\" \/>\n<meta property=\"article:modified_time\" content=\"2026-03-26T15:38:47+00:00\" \/>\n<meta property=\"og:image\" content=\"http:\/\/www.schramas.com\/wp-content\/uploads\/2025\/12\/IMG20250822140456-scaled.jpg\" \/>\n\t<meta property=\"og:image:width\" content=\"1920\" \/>\n\t<meta property=\"og:image:height\" content=\"2560\" \/>\n\t<meta property=\"og:image:type\" content=\"image\/jpeg\" \/>\n<meta name=\"twitter:card\" content=\"summary_large_image\" \/>\n<meta name=\"twitter:label1\" content=\"Ber\u00e4knad l\u00e4stid\" \/>\n\t<meta name=\"twitter:data1\" content=\"1 minut\" \/>\n<script type=\"application\/ld+json\" class=\"yoast-schema-graph\">{\"@context\":\"https:\/\/schema.org\",\"@graph\":[{\"@type\":[\"WebPage\",\"ItemPage\"],\"@id\":\"https:\/\/www.schramas.com\/winkel\/mespilus-germanicus-boom-vrucht-oude-mispelboom-onderstam-kwee-a-45l-pot-ca-2m\/\",\"url\":\"https:\/\/www.schramas.com\/winkel\/mespilus-germanicus-boom-vrucht-oude-mispelboom-onderstam-kwee-a-45l-pot-ca-2m\/\",\"name\":\"Mespilus germanicus 'Boom & Vrucht' - Oude Mispelboom - Onderstam Kwee A - 45L pot - ca. 2m kopen | Planten eenvoudig online bestellen | Schramas.com\",\"isPartOf\":{\"@id\":\"https:\/\/www.schramas.com\/#website\"},\"primaryImageOfPage\":{\"@id\":\"https:\/\/www.schramas.com\/winkel\/mespilus-germanicus-boom-vrucht-oude-mispelboom-onderstam-kwee-a-45l-pot-ca-2m\/#primaryimage\"},\"image\":{\"@id\":\"https:\/\/www.schramas.com\/winkel\/mespilus-germanicus-boom-vrucht-oude-mispelboom-onderstam-kwee-a-45l-pot-ca-2m\/#primaryimage\"},\"thumbnailUrl\":\"https:\/\/www.schramas.com\/wp-content\/uploads\/2025\/12\/IMG20250822140456-scaled.jpg\",\"datePublished\":\"2025-12-11T15:18:03+00:00\",\"dateModified\":\"2026-03-26T15:38:47+00:00\",\"breadcrumb\":{\"@id\":\"https:\/\/www.schramas.com\/winkel\/mespilus-germanicus-boom-vrucht-oude-mispelboom-onderstam-kwee-a-45l-pot-ca-2m\/#breadcrumb\"},\"inLanguage\":\"sv-SE\",\"potentialAction\":[{\"@type\":\"ReadAction\",\"target\":[\"https:\/\/www.schramas.com\/winkel\/mespilus-germanicus-boom-vrucht-oude-mispelboom-onderstam-kwee-a-45l-pot-ca-2m\/\"]}]},{\"@type\":\"ImageObject\",\"inLanguage\":\"sv-SE\",\"@id\":\"https:\/\/www.schramas.com\/winkel\/mespilus-germanicus-boom-vrucht-oude-mispelboom-onderstam-kwee-a-45l-pot-ca-2m\/#primaryimage\",\"url\":\"https:\/\/www.schramas.com\/wp-content\/uploads\/2025\/12\/IMG20250822140456-scaled.jpg\",\"contentUrl\":\"https:\/\/www.schramas.com\/wp-content\/uploads\/2025\/12\/IMG20250822140456-scaled.jpg\",\"width\":1920,\"height\":2560,\"caption\":\"oplus_3211314\"},{\"@type\":\"BreadcrumbList\",\"@id\":\"https:\/\/www.schramas.com\/winkel\/mespilus-germanicus-boom-vrucht-oude-mispelboom-onderstam-kwee-a-45l-pot-ca-2m\/#breadcrumb\",\"itemListElement\":[{\"@type\":\"ListItem\",\"position\":1,\"name\":\"Product\",\"item\":\"https:\/\/www.schramas.com\/assortiment\/\"},{\"@type\":\"ListItem\",\"position\":2,\"name\":\"Bomen &amp; Struiken\",\"item\":\"https:\/\/www.schramas.com\/product-category\/bomen-struiken\/\"},{\"@type\":\"ListItem\",\"position\":3,\"name\":\"Fruitbomen\",\"item\":\"https:\/\/www.schramas.com\/product-category\/bomen-struiken\/fruitbomen\/\"},{\"@type\":\"ListItem\",\"position\":4,\"name\":\"Oude\/grote fruitbomen\",\"item\":\"https:\/\/www.schramas.com\/product-category\/bomen-struiken\/fruitbomen\/oude-en-grote-fruitbomen\/\"},{\"@type\":\"ListItem\",\"position\":5,\"name\":\"Mespilus germanicus &#8216;Boom &#038; Vrucht&#8217; &#8211; Oude Mispelboom &#8211; Onderstam Kwee A &#8211; 45L pot &#8211; ca. 2m\"}]},{\"@type\":\"WebSite\",\"@id\":\"https:\/\/www.schramas.com\/#website\",\"url\":\"https:\/\/www.schramas.com\/\",\"name\":\"Schramas.com | Tuinplanten eenvoudig online bestellen | Direct van onze Kwekerij\",\"description\":\"\",\"alternateName\":\"Schramas.com - Alle planten direct van de kweker\",\"potentialAction\":[{\"@type\":\"SearchAction\",\"target\":{\"@type\":\"EntryPoint\",\"urlTemplate\":\"https:\/\/www.schramas.com\/?s={search_term_string}\"},\"query-input\":{\"@type\":\"PropertyValueSpecification\",\"valueRequired\":true,\"valueName\":\"search_term_string\"}}],\"inLanguage\":\"sv-SE\"}]}<\/script>\n<!-- \/ Yoast SEO plugin. -->","yoast_head_json":{"title":"K\u00f6p Mespilus germanicus 'Tree &amp; Fruit' - Gammalt Mispeltr\u00e4d - Grundstam Kwee A - 45L kruka - ca 2m | V\u00e4xter enkel onlinebest\u00e4llning | Schramas.com","robots":{"index":"index","follow":"follow","max-snippet":"max-snippet:-1","max-image-preview":"max-image-preview:large","max-video-preview":"max-video-preview:-1"},"canonical":"https:\/\/www.schramas.com\/se\/butik\/mespilus-germanicus-tradfrukt-gammalt-mispel-trad-grundstam-kvitten-en-45l-kruka-ca-2m\/","og_locale":"sv_SE","og_type":"article","og_title":"Mespilus germanicus 'Boom & Vrucht' - Oude Mispelboom - Onderstam Kwee A - 45L pot - ca. 2m kopen | Planten eenvoudig online bestellen | Schramas.com","og_description":"\u2022 1 x Mespilus germanica \u2018Boom &amp; Vrucht\u2019 \u2013 onderstam Kwee A \u2013 rijkdragende mispel met grote vruchten\u2022 Leverhoogte ca. 2 m \u2013 potmaat 45 liter\u2022 Zelfbestuivend, zeer productief ras\u2022 Oogst in november; eetbaar na narijping\u2022 Standplaats: zon tot lichte schaduw \u2013 voedzame, goed doorlatende grond\u2022 Winterhard, kalktolerant en hittebestendig\u2022 Verzending: op pallet voor veilig transport","og_url":"https:\/\/www.schramas.com\/se\/butik\/mespilus-germanicus-tradfrukt-gammalt-mispel-trad-grundstam-kvitten-en-45l-kruka-ca-2m\/","og_site_name":"Planten eenvoudig online bestellen | Schramas.com","article_publisher":"https:\/\/www.facebook.com\/Schramascom-106872874153195\/","article_modified_time":"2026-03-26T15:38:47+00:00","og_image":[{"width":1920,"height":2560,"url":"http:\/\/www.schramas.com\/wp-content\/uploads\/2025\/12\/IMG20250822140456-scaled.jpg","type":"image\/jpeg"}],"twitter_card":"summary_large_image","twitter_misc":{"Ber\u00e4knad l\u00e4stid":"1 minut"},"schema":{"@context":"https:\/\/schema.org","@graph":[{"@type":["WebPage","ItemPage"],"@id":"https:\/\/www.schramas.com\/winkel\/mespilus-germanicus-boom-vrucht-oude-mispelboom-onderstam-kwee-a-45l-pot-ca-2m\/","url":"https:\/\/www.schramas.com\/winkel\/mespilus-germanicus-boom-vrucht-oude-mispelboom-onderstam-kwee-a-45l-pot-ca-2m\/","name":"K\u00f6p Mespilus germanicus 'Tree &amp; Fruit' - Gammalt Mispeltr\u00e4d - Grundstam Kwee A - 45L kruka - ca 2m | V\u00e4xter enkel onlinebest\u00e4llning | Schramas.com","isPartOf":{"@id":"https:\/\/www.schramas.com\/#website"},"primaryImageOfPage":{"@id":"https:\/\/www.schramas.com\/winkel\/mespilus-germanicus-boom-vrucht-oude-mispelboom-onderstam-kwee-a-45l-pot-ca-2m\/#primaryimage"},"image":{"@id":"https:\/\/www.schramas.com\/winkel\/mespilus-germanicus-boom-vrucht-oude-mispelboom-onderstam-kwee-a-45l-pot-ca-2m\/#primaryimage"},"thumbnailUrl":"https:\/\/www.schramas.com\/wp-content\/uploads\/2025\/12\/IMG20250822140456-scaled.jpg","datePublished":"2025-12-11T15:18:03+00:00","dateModified":"2026-03-26T15:38:47+00:00","breadcrumb":{"@id":"https:\/\/www.schramas.com\/winkel\/mespilus-germanicus-boom-vrucht-oude-mispelboom-onderstam-kwee-a-45l-pot-ca-2m\/#breadcrumb"},"inLanguage":"sv-SE","potentialAction":[{"@type":"ReadAction","target":["https:\/\/www.schramas.com\/winkel\/mespilus-germanicus-boom-vrucht-oude-mispelboom-onderstam-kwee-a-45l-pot-ca-2m\/"]}]},{"@type":"ImageObject","inLanguage":"sv-SE","@id":"https:\/\/www.schramas.com\/winkel\/mespilus-germanicus-boom-vrucht-oude-mispelboom-onderstam-kwee-a-45l-pot-ca-2m\/#primaryimage","url":"https:\/\/www.schramas.com\/wp-content\/uploads\/2025\/12\/IMG20250822140456-scaled.jpg","contentUrl":"https:\/\/www.schramas.com\/wp-content\/uploads\/2025\/12\/IMG20250822140456-scaled.jpg","width":1920,"height":2560,"caption":"oplus_3211314"},{"@type":"BreadcrumbList","@id":"https:\/\/www.schramas.com\/winkel\/mespilus-germanicus-boom-vrucht-oude-mispelboom-onderstam-kwee-a-45l-pot-ca-2m\/#breadcrumb","itemListElement":[{"@type":"ListItem","position":1,"name":"Product","item":"https:\/\/www.schramas.com\/assortiment\/"},{"@type":"ListItem","position":2,"name":"Bomen &amp; Struiken","item":"https:\/\/www.schramas.com\/product-category\/bomen-struiken\/"},{"@type":"ListItem","position":3,"name":"Fruitbomen","item":"https:\/\/www.schramas.com\/product-category\/bomen-struiken\/fruitbomen\/"},{"@type":"ListItem","position":4,"name":"Oude\/grote fruitbomen","item":"https:\/\/www.schramas.com\/product-category\/bomen-struiken\/fruitbomen\/oude-en-grote-fruitbomen\/"},{"@type":"ListItem","position":5,"name":"Mespilus germanicus &#8216;Boom &#038; Vrucht&#8217; &#8211; Oude Mispelboom &#8211; Onderstam Kwee A &#8211; 45L pot &#8211; ca. 2m"}]},{"@type":"WebSite","@id":"https:\/\/www.schramas.com\/#website","url":"https:\/\/www.schramas.com\/","name":"Schramas.com | Tr\u00e4dg\u00e5rdsv\u00e4xter som enkelt kan best\u00e4llas online | Direkt fr\u00e5n v\u00e5r plantskola","description":"","alternateName":"Schramas.com - Alle planten direct van de kweker","potentialAction":[{"@type":"SearchAction","target":{"@type":"EntryPoint","urlTemplate":"https:\/\/www.schramas.com\/?s={search_term_string}"},"query-input":{"@type":"PropertyValueSpecification","valueRequired":true,"valueName":"search_term_string"}}],"inLanguage":"sv-SE"}]}},"_links":{"self":[{"href":"https:\/\/www.schramas.com\/se\/wp-json\/wp\/v2\/product\/64147","targetHints":{"allow":["GET"]}}],"collection":[{"href":"https:\/\/www.schramas.com\/se\/wp-json\/wp\/v2\/product"}],"about":[{"href":"https:\/\/www.schramas.com\/se\/wp-json\/wp\/v2\/types\/product"}],"version-history":[{"count":1,"href":"https:\/\/www.schramas.com\/se\/wp-json\/wp\/v2\/product\/64147\/revisions"}],"predecessor-version":[{"id":64155,"href":"https:\/\/www.schramas.com\/se\/wp-json\/wp\/v2\/product\/64147\/revisions\/64155"}],"wp:featuredmedia":[{"embeddable":true,"href":"https:\/\/www.schramas.com\/se\/wp-json\/wp\/v2\/media\/64150"}],"wp:attachment":[{"href":"https:\/\/www.schramas.com\/se\/wp-json\/wp\/v2\/media?parent=64147"}],"wp:term":[{"taxonomy":"product_brand","embeddable":true,"href":"https:\/\/www.schramas.com\/se\/wp-json\/wp\/v2\/product_brand?post=64147"},{"taxonomy":"product_cat","embeddable":true,"href":"https:\/\/www.schramas.com\/se\/wp-json\/wp\/v2\/product_cat?post=64147"},{"taxonomy":"product_tag","embeddable":true,"href":"https:\/\/www.schramas.com\/se\/wp-json\/wp\/v2\/product_tag?post=64147"}],"curies":[{"name":"wp","href":"https:\/\/api.w.org\/{rel}","templated":true}]}}