{"id":64192,"date":"2025-12-12T15:50:49","date_gmt":"2025-12-12T14:50:49","guid":{"rendered":"https:\/\/www.schramas.com\/?post_type=product&#038;p=64192"},"modified":"2026-03-26T16:38:50","modified_gmt":"2026-03-26T15:38:50","slug":"prunus-domestica-mirabelle-de-nancy-gammalt-plommontrad-grundstam-st-julien-45l-kruka-ca-1-5m","status":"publish","type":"product","link":"https:\/\/www.schramas.com\/se\/butik\/prunus-domestica-mirabelle-de-nancy-gammalt-plommontrad-grundstam-st-julien-45l-kruka-ca-1-5m\/","title":{"rendered":"Prunus domestica \u2018Mirabelle de Nancy\u2019 - Gammalt plommontr\u00e4d - St.Julien-grundstam - 45L kruka - ca 1,5m"},"content":{"rendered":"<p data-start=\"153\" data-end=\"316\">Dessa \u2018gamla\u2019 plommontr\u00e4d ger omedelbart mogen struktur, karakt\u00e4r och avkastning i tr\u00e4dg\u00e5rden; fullvuxna exemplar i stora krukor, redo f\u00f6r omedelbar plantering.<\/p>\n<p data-start=\"318\" data-end=\"891\">Den <strong data-start=\"321\" data-end=\"362\">Prunus domestica &#039;Mirabelle de Nancy&#039;<\/strong> \u00e4r en klassisk fransk mirabelplommonsort som \u00e4lskas \u00f6ver hela v\u00e4rlden f\u00f6r sina <strong data-start=\"437\" data-end=\"465\">sm\u00e5, gyllene plommon<\/strong> med en exceptionell <strong data-start=\"488\" data-end=\"518\">s\u00f6t och aromatisk smak<\/strong>. Frukten \u00e4r perfekt f\u00f6r f\u00e4rsk anv\u00e4ndning, sylt, pajer och lik\u00f6rtillverkning. Detta gamla plommontr\u00e4d kommer upp i en h\u00f6jd av cirka <strong data-start=\"671\" data-end=\"684\">1,5 meter<\/strong>, uppvuxen i en <strong data-start=\"704\" data-end=\"720\">45 liters kruka<\/strong> p\u00e5 <strong data-start=\"724\" data-end=\"748\">St Julien grundstam<\/strong>. Denna grundstam ger en <strong data-start=\"780\" data-end=\"802\">medelh\u00f6g tillv\u00e4xt<\/strong>, god rotutveckling och ett tr\u00e4d som b\u00e4r p\u00e5litligt och f\u00f6rblir l\u00e4tthanterligt.<\/p>\n<p data-start=\"893\" data-end=\"1239\">Mirabelle de Nancy blommar rikt tidigt p\u00e5 v\u00e5ren med vita blommor som lockar till sig m\u00e5nga bin. Sk\u00f6rden f\u00f6ljer i <strong data-start=\"1017\" data-end=\"1026\">sommar<\/strong>, d\u00e4r tr\u00e4det blir rikligt med sm\u00e5, runda plommon med varmgul f\u00e4rg och intensivt s\u00f6t smak. Denna sort \u00e4r <strong data-start=\"1156\" data-end=\"1174\">sj\u00e4lvpollinerande<\/strong>, vilket g\u00f6r den mycket l\u00e4mplig f\u00f6r solit\u00e4rplantering i tr\u00e4dg\u00e5rden.<\/p>\n<p data-start=\"1241\" data-end=\"1655\">Detta plommontr\u00e4d \u00e4r <strong data-start=\"1261\" data-end=\"1275\">Hardy<\/strong>, \u00e4r motst\u00e5ndskraftig mot det holl\u00e4ndska klimatet och v\u00e4xer b\u00e4st p\u00e5 en <strong data-start=\"1347\" data-end=\"1381\">soligt, skyddat l\u00e4ge<\/strong> med en n\u00e4ringsrik och v\u00e4ldr\u00e4nerad jord. St Julien-grundstammen skapar ett balanserat tr\u00e4d med en bra balans mellan tillv\u00e4xt och produktion. P\u00e5 grund av sin mogna \u00e5lder kan tr\u00e4det snart producera frukt och tillf\u00f6r omedelbar charm och avkastning till tr\u00e4dg\u00e5rden.<\/p>\n<p data-start=\"1657\" data-end=\"1731\">F\u00f6r s\u00e4ker transport \u00e4r dessa tunga tr\u00e4d <strong data-start=\"1703\" data-end=\"1730\">levereras p\u00e5 pall<\/strong>.<\/p>\n<p data-start=\"1733\" data-end=\"2023\"><strong data-start=\"1733\" data-end=\"1747\">F\u00f6rdelar:<\/strong><br data-start=\"1747\" data-end=\"1750\" \/>Stort, moget plommontr\u00e4d (ca 1,5 m h\u00f6gt)<br data-start=\"1796\" data-end=\"1799\" \/>St Julien-grundstam: medelstark tillv\u00e4xt, p\u00e5litlig och v\u00e4l kontrollerbar<br data-start=\"1872\" data-end=\"1875\" \/>Mycket s\u00f6ta, aromatiska mirabelleplommon<br data-start=\"1913\" data-end=\"1916\" \/>Rik v\u00e5rblomning, biv\u00e4nlig<br data-start=\"1954\" data-end=\"1957\" \/>T\u00e5lig och l\u00e4ttsk\u00f6tt<br data-start=\"1992\" data-end=\"1995\" \/>S\u00e4kert levererad p\u00e5 pall<\/p>\n<p data-start=\"2025\" data-end=\"2279\"><strong data-start=\"2025\" data-end=\"2068\">Varf\u00f6r v\u00e4lja detta gamla frukttr\u00e4d?<\/strong><br data-start=\"2068\" data-end=\"2071\" \/>\u2714 \u00c4kta fransk mirabellesort med exceptionell smak<br data-start=\"2125\" data-end=\"2128\" \/>\u2714 Sj\u00e4lvpollinerande och d\u00e4rf\u00f6r l\u00e4tt att placera<br data-start=\"2178\" data-end=\"2181\" \/>\u2714 P\u00e5litlig avkastning tack vare St Julien-grundstammen<br data-start=\"2230\" data-end=\"2233\" \/>\u2714 Omedelbart moget tr\u00e4d med snabb produktion<\/p>\n<p data-start=\"2281\" data-end=\"2435\"><strong data-start=\"2281\" data-end=\"2302\">Blomning och frukt:<\/strong><br data-start=\"2302\" data-end=\"2305\" \/>Blomning i mars-april; sk\u00f6rd i <strong data-start=\"2336\" data-end=\"2348\">Augusti<\/strong>. Plommonen \u00e4r sm\u00e5, gyllengula och mycket s\u00f6ta, idealiska f\u00f6r f\u00e4rsk konsumtion och bearbetning.<\/p>\n<p data-start=\"2437\" data-end=\"2638\"><strong data-start=\"2437\" data-end=\"2466\">Pitch &amp; sk\u00f6tsel:<\/strong><br data-start=\"2466\" data-end=\"2469\" \/>Soligt, skyddat l\u00e4ge; n\u00e4ringsrik, v\u00e4ldr\u00e4nerad jord. Vattna regelbundet efter plantering. Besk\u00e4r plommon f\u00f6retr\u00e4desvis <strong data-start=\"2598\" data-end=\"2613\">efter sk\u00f6rd<\/strong> F\u00f6r att f\u00f6rebygga sjukdomar.<\/p>\n<p data-start=\"2640\" data-end=\"2886\"><strong data-start=\"2640\" data-end=\"2674\">Specifikationerna i korthet<\/strong><br data-start=\"2674\" data-end=\"2677\" \/>- H\u00f6jd vid leverans: ca 1,5 m<br data-start=\"2709\" data-end=\"2712\" \/>- Krukans storlek: 45 L<br data-start=\"2727\" data-end=\"2730\" \/>- Rotstock: St Julien<br data-start=\"2753\" data-end=\"2756\" \/>- Blomning: mars-april<br data-start=\"2776\" data-end=\"2779\" \/>- Sk\u00f6rd: augusti<br data-start=\"2796\" data-end=\"2799\" \/>- Port de la plante : medelstark, gammal tr\u00e4dstruktur<br data-start=\"2844\" data-end=\"2847\" \/>- L\u00e4mplig f\u00f6r: tr\u00e4dg\u00e5rd, g\u00e5rdsplan, frukttr\u00e4dg\u00e5rd<\/p>\n<p data-start=\"2888\" data-end=\"3074\">V\u00e5rt Mirabelle de Nancy p\u00e5 St Julien \u00e4r ett v\u00e4lsmakande, produktivt och karakt\u00e4rsfullt plommontr\u00e4d som ger ett omedelbart merv\u00e4rde till tr\u00e4dg\u00e5rden. (Det levererade tr\u00e4det kan skilja sig n\u00e5got fr\u00e5n bilden).<\/p>","protected":false},"excerpt":{"rendered":"<p>- 1 x Prunus domestica \u2018Mirabelle de Nancy\u2019 - St Julien-grundstam - s\u00f6ta gyllengula mirabelleplommon<br data-start=\"3270\" data-end=\"3273\" \/>- Leveransh\u00f6jd ca 1,5 m - krukstorlek 45 liter<br data-start=\"3315\" data-end=\"3318\" \/>- Sj\u00e4lvpollinerande, h\u00f6gavkastande sort<br data-start=\"3351\" data-end=\"3354\" \/>- Sk\u00f6rd i augusti<br data-start=\"3373\" data-end=\"3376\" \/>- Placering: sol - b\u00f6rdig, v\u00e4ldr\u00e4nerad jord<br data-start=\"3429\" data-end=\"3432\" \/>- H\u00e4rdig, medelstark tillv\u00e4xt tack vare St Julien-grundstammen<br data-start=\"3490\" data-end=\"3493\" \/>- Frakt: p\u00e5 pall f\u00f6r s\u00e4ker transport<\/p>","protected":false},"featured_media":64193,"template":"","meta":{"_joinchat":[]},"product_brand":[],"product_cat":[233,3716],"product_tag":[3763,4275,4259,4258,4265,3762,4260,4278,3865,4279,4263,4280,4276,3425,4266,4274,4281,4270,4271,4272,4283,4269,4273,4261,4268,4282,4277,4264,4284,4262,4267,3612,3607],"class_list":{"0":"post-64192","1":"product","2":"type-product","3":"status-publish","4":"has-post-thumbnail","6":"product_cat-fruitbomen","7":"product_cat-oude-en-grote-fruitbomen","8":"product_tag-5-meter","9":"product_tag-mirabelle-de-nancy-boom","10":"product_tag-oude-pruimenboom-kopen","11":"product_tag-pruimenbomen-kopen","12":"product_tag-pruimenbomen-online-bestellen","13":"product_tag-pruimenboom-1","14":"product_tag-pruimenboom-45-liter-pot","15":"product_tag-pruimenboom-boomgaard","16":"product_tag-pruimenboom-direct-van-de-kweker","17":"product_tag-pruimenboom-erf","18":"product_tag-pruimenboom-fruitboom","19":"product_tag-pruimenboom-grote-volwassen-boom","20":"product_tag-pruimenboom-jam-maken","21":"product_tag-pruimenboom-kopen","22":"product_tag-pruimenboom-kwekerij","23":"product_tag-pruimenboom-mirabel","24":"product_tag-pruimenboom-nederlandse-kwekerij","25":"product_tag-pruimenboom-onderhouden","26":"product_tag-pruimenboom-oogsttijd","27":"product_tag-pruimenboom-opbrengst","28":"product_tag-pruimenboom-rijkdragend","29":"product_tag-pruimenboom-snoeien","30":"product_tag-pruimenboom-soorten","31":"product_tag-pruimenboom-st-julien","32":"product_tag-pruimenboom-standplaats","33":"product_tag-pruimenboom-sterke-groei","34":"product_tag-pruimenboom-taarten","35":"product_tag-pruimenboom-voor-in-de-tuin","36":"product_tag-pruimenboom-zomerfruit","37":"product_tag-prunus-domestica-kopen","38":"product_tag-sterke-pruimenboom","39":"product_tag-winterharde-pruimenboom","40":"product_tag-zelfbestuivende-pruimenboom","41":"product_shipping_class-grote-fruitbomen","42":"pa_ewd_uwcf_colors-groen-2","43":"pa_groeihoogte-300-cm","44":"pa_pot-45-liter-pot","46":"first","47":"instock","48":"taxable","49":"shipping-taxable","50":"purchasable","51":"product-type-simple"},"yoast_head":"<!-- This site is optimized with the Yoast SEO plugin v24.2 - https:\/\/yoast.com\/wordpress\/plugins\/seo\/ -->\n<title>Prunus domestica &#039;Mirabelle de Nancy&#039; - Oude Pruimenboom - Onderstam St.Julien - 45L pot - ca. 1.5m kopen | Planten eenvoudig online bestellen | Schramas.com<\/title>\n<meta name=\"robots\" content=\"index, follow, max-snippet:-1, max-image-preview:large, max-video-preview:-1\" \/>\n<link rel=\"canonical\" href=\"https:\/\/www.schramas.com\/se\/butik\/prunus-domestica-mirabelle-de-nancy-gammalt-plommontrad-grundstam-st-julien-45l-kruka-ca-1-5m\/\" \/>\n<meta property=\"og:locale\" content=\"sv_SE\" \/>\n<meta property=\"og:type\" content=\"article\" \/>\n<meta property=\"og:title\" content=\"Prunus domestica &#039;Mirabelle de Nancy&#039; - Oude Pruimenboom - Onderstam St.Julien - 45L pot - ca. 1.5m kopen | Planten eenvoudig online bestellen | Schramas.com\" \/>\n<meta property=\"og:description\" content=\"\u2022 1 x Prunus domestica \u2018Mirabelle de Nancy\u2019 \u2013 onderstam St. Julien \u2013 zoete goudgele mirabelpruimen\u2022 Leverhoogte ca. 1,5 m \u2013 potmaat 45 liter\u2022 Zelfbestuivend, rijkdragend ras\u2022 Oogst in augustus\u2022 Standplaats: zon \u2013 voedzame, goed doorlatende grond\u2022 Winterhard, middelsterke groei door St. Julien-onderstam\u2022 Verzending: op pallet voor veilig transport\" \/>\n<meta property=\"og:url\" content=\"https:\/\/www.schramas.com\/se\/butik\/prunus-domestica-mirabelle-de-nancy-gammalt-plommontrad-grundstam-st-julien-45l-kruka-ca-1-5m\/\" \/>\n<meta property=\"og:site_name\" content=\"Planten eenvoudig online bestellen | Schramas.com\" \/>\n<meta property=\"article:publisher\" content=\"https:\/\/www.facebook.com\/Schramascom-106872874153195\/\" \/>\n<meta property=\"article:modified_time\" content=\"2026-03-26T15:38:50+00:00\" \/>\n<meta property=\"og:image\" content=\"http:\/\/www.schramas.com\/wp-content\/uploads\/2025\/12\/IMG20250822160018-scaled.jpg\" \/>\n\t<meta property=\"og:image:width\" content=\"1920\" \/>\n\t<meta property=\"og:image:height\" content=\"2560\" \/>\n\t<meta property=\"og:image:type\" content=\"image\/jpeg\" \/>\n<meta name=\"twitter:card\" content=\"summary_large_image\" \/>\n<meta name=\"twitter:label1\" content=\"Ber\u00e4knad l\u00e4stid\" \/>\n\t<meta name=\"twitter:data1\" content=\"1 minut\" \/>\n<script type=\"application\/ld+json\" class=\"yoast-schema-graph\">{\"@context\":\"https:\/\/schema.org\",\"@graph\":[{\"@type\":[\"WebPage\",\"ItemPage\"],\"@id\":\"https:\/\/www.schramas.com\/winkel\/prunus-domestica-mirabelle-de-nancy-oude-pruimenboom-onderstam-st-julien-45l-pot-ca-1-5m\/\",\"url\":\"https:\/\/www.schramas.com\/winkel\/prunus-domestica-mirabelle-de-nancy-oude-pruimenboom-onderstam-st-julien-45l-pot-ca-1-5m\/\",\"name\":\"Prunus domestica 'Mirabelle de Nancy' - Oude Pruimenboom - Onderstam St.Julien - 45L pot - ca. 1.5m kopen | Planten eenvoudig online bestellen | Schramas.com\",\"isPartOf\":{\"@id\":\"https:\/\/www.schramas.com\/#website\"},\"primaryImageOfPage\":{\"@id\":\"https:\/\/www.schramas.com\/winkel\/prunus-domestica-mirabelle-de-nancy-oude-pruimenboom-onderstam-st-julien-45l-pot-ca-1-5m\/#primaryimage\"},\"image\":{\"@id\":\"https:\/\/www.schramas.com\/winkel\/prunus-domestica-mirabelle-de-nancy-oude-pruimenboom-onderstam-st-julien-45l-pot-ca-1-5m\/#primaryimage\"},\"thumbnailUrl\":\"https:\/\/www.schramas.com\/wp-content\/uploads\/2025\/12\/IMG20250822160018-scaled.jpg\",\"datePublished\":\"2025-12-12T14:50:49+00:00\",\"dateModified\":\"2026-03-26T15:38:50+00:00\",\"breadcrumb\":{\"@id\":\"https:\/\/www.schramas.com\/winkel\/prunus-domestica-mirabelle-de-nancy-oude-pruimenboom-onderstam-st-julien-45l-pot-ca-1-5m\/#breadcrumb\"},\"inLanguage\":\"sv-SE\",\"potentialAction\":[{\"@type\":\"ReadAction\",\"target\":[\"https:\/\/www.schramas.com\/winkel\/prunus-domestica-mirabelle-de-nancy-oude-pruimenboom-onderstam-st-julien-45l-pot-ca-1-5m\/\"]}]},{\"@type\":\"ImageObject\",\"inLanguage\":\"sv-SE\",\"@id\":\"https:\/\/www.schramas.com\/winkel\/prunus-domestica-mirabelle-de-nancy-oude-pruimenboom-onderstam-st-julien-45l-pot-ca-1-5m\/#primaryimage\",\"url\":\"https:\/\/www.schramas.com\/wp-content\/uploads\/2025\/12\/IMG20250822160018-scaled.jpg\",\"contentUrl\":\"https:\/\/www.schramas.com\/wp-content\/uploads\/2025\/12\/IMG20250822160018-scaled.jpg\",\"width\":1920,\"height\":2560,\"caption\":\"oplus_3211314\"},{\"@type\":\"BreadcrumbList\",\"@id\":\"https:\/\/www.schramas.com\/winkel\/prunus-domestica-mirabelle-de-nancy-oude-pruimenboom-onderstam-st-julien-45l-pot-ca-1-5m\/#breadcrumb\",\"itemListElement\":[{\"@type\":\"ListItem\",\"position\":1,\"name\":\"Product\",\"item\":\"https:\/\/www.schramas.com\/assortiment\/\"},{\"@type\":\"ListItem\",\"position\":2,\"name\":\"Bomen &amp; Struiken\",\"item\":\"https:\/\/www.schramas.com\/product-category\/bomen-struiken\/\"},{\"@type\":\"ListItem\",\"position\":3,\"name\":\"Fruitbomen\",\"item\":\"https:\/\/www.schramas.com\/product-category\/bomen-struiken\/fruitbomen\/\"},{\"@type\":\"ListItem\",\"position\":4,\"name\":\"Oude\/grote fruitbomen\",\"item\":\"https:\/\/www.schramas.com\/product-category\/bomen-struiken\/fruitbomen\/oude-en-grote-fruitbomen\/\"},{\"@type\":\"ListItem\",\"position\":5,\"name\":\"Prunus domestica &#8216;Mirabelle de Nancy&#8217; &#8211; Oude Pruimenboom &#8211; Onderstam St.Julien &#8211; 45L pot &#8211; ca. 1.5m\"}]},{\"@type\":\"WebSite\",\"@id\":\"https:\/\/www.schramas.com\/#website\",\"url\":\"https:\/\/www.schramas.com\/\",\"name\":\"Schramas.com | Tuinplanten eenvoudig online bestellen | Direct van onze Kwekerij\",\"description\":\"\",\"alternateName\":\"Schramas.com - Alle planten direct van de kweker\",\"potentialAction\":[{\"@type\":\"SearchAction\",\"target\":{\"@type\":\"EntryPoint\",\"urlTemplate\":\"https:\/\/www.schramas.com\/?s={search_term_string}\"},\"query-input\":{\"@type\":\"PropertyValueSpecification\",\"valueRequired\":true,\"valueName\":\"search_term_string\"}}],\"inLanguage\":\"sv-SE\"}]}<\/script>\n<!-- \/ Yoast SEO plugin. -->","yoast_head_json":{"title":"K\u00f6p Prunus domestica 'Mirabelle de Nancy' - Gammalt plommontr\u00e4d - St.Julien grundstam - 45L kruka - ca 1,5m | K\u00f6p v\u00e4xter enkelt online | Schramas.com","robots":{"index":"index","follow":"follow","max-snippet":"max-snippet:-1","max-image-preview":"max-image-preview:large","max-video-preview":"max-video-preview:-1"},"canonical":"https:\/\/www.schramas.com\/se\/butik\/prunus-domestica-mirabelle-de-nancy-gammalt-plommontrad-grundstam-st-julien-45l-kruka-ca-1-5m\/","og_locale":"sv_SE","og_type":"article","og_title":"Prunus domestica 'Mirabelle de Nancy' - Oude Pruimenboom - Onderstam St.Julien - 45L pot - ca. 1.5m kopen | Planten eenvoudig online bestellen | Schramas.com","og_description":"\u2022 1 x Prunus domestica \u2018Mirabelle de Nancy\u2019 \u2013 onderstam St. Julien \u2013 zoete goudgele mirabelpruimen\u2022 Leverhoogte ca. 1,5 m \u2013 potmaat 45 liter\u2022 Zelfbestuivend, rijkdragend ras\u2022 Oogst in augustus\u2022 Standplaats: zon \u2013 voedzame, goed doorlatende grond\u2022 Winterhard, middelsterke groei door St. Julien-onderstam\u2022 Verzending: op pallet voor veilig transport","og_url":"https:\/\/www.schramas.com\/se\/butik\/prunus-domestica-mirabelle-de-nancy-gammalt-plommontrad-grundstam-st-julien-45l-kruka-ca-1-5m\/","og_site_name":"Planten eenvoudig online bestellen | Schramas.com","article_publisher":"https:\/\/www.facebook.com\/Schramascom-106872874153195\/","article_modified_time":"2026-03-26T15:38:50+00:00","og_image":[{"width":1920,"height":2560,"url":"http:\/\/www.schramas.com\/wp-content\/uploads\/2025\/12\/IMG20250822160018-scaled.jpg","type":"image\/jpeg"}],"twitter_card":"summary_large_image","twitter_misc":{"Ber\u00e4knad l\u00e4stid":"1 minut"},"schema":{"@context":"https:\/\/schema.org","@graph":[{"@type":["WebPage","ItemPage"],"@id":"https:\/\/www.schramas.com\/winkel\/prunus-domestica-mirabelle-de-nancy-oude-pruimenboom-onderstam-st-julien-45l-pot-ca-1-5m\/","url":"https:\/\/www.schramas.com\/winkel\/prunus-domestica-mirabelle-de-nancy-oude-pruimenboom-onderstam-st-julien-45l-pot-ca-1-5m\/","name":"K\u00f6p Prunus domestica 'Mirabelle de Nancy' - Gammalt plommontr\u00e4d - St.Julien grundstam - 45L kruka - ca 1,5m | K\u00f6p v\u00e4xter enkelt online | Schramas.com","isPartOf":{"@id":"https:\/\/www.schramas.com\/#website"},"primaryImageOfPage":{"@id":"https:\/\/www.schramas.com\/winkel\/prunus-domestica-mirabelle-de-nancy-oude-pruimenboom-onderstam-st-julien-45l-pot-ca-1-5m\/#primaryimage"},"image":{"@id":"https:\/\/www.schramas.com\/winkel\/prunus-domestica-mirabelle-de-nancy-oude-pruimenboom-onderstam-st-julien-45l-pot-ca-1-5m\/#primaryimage"},"thumbnailUrl":"https:\/\/www.schramas.com\/wp-content\/uploads\/2025\/12\/IMG20250822160018-scaled.jpg","datePublished":"2025-12-12T14:50:49+00:00","dateModified":"2026-03-26T15:38:50+00:00","breadcrumb":{"@id":"https:\/\/www.schramas.com\/winkel\/prunus-domestica-mirabelle-de-nancy-oude-pruimenboom-onderstam-st-julien-45l-pot-ca-1-5m\/#breadcrumb"},"inLanguage":"sv-SE","potentialAction":[{"@type":"ReadAction","target":["https:\/\/www.schramas.com\/winkel\/prunus-domestica-mirabelle-de-nancy-oude-pruimenboom-onderstam-st-julien-45l-pot-ca-1-5m\/"]}]},{"@type":"ImageObject","inLanguage":"sv-SE","@id":"https:\/\/www.schramas.com\/winkel\/prunus-domestica-mirabelle-de-nancy-oude-pruimenboom-onderstam-st-julien-45l-pot-ca-1-5m\/#primaryimage","url":"https:\/\/www.schramas.com\/wp-content\/uploads\/2025\/12\/IMG20250822160018-scaled.jpg","contentUrl":"https:\/\/www.schramas.com\/wp-content\/uploads\/2025\/12\/IMG20250822160018-scaled.jpg","width":1920,"height":2560,"caption":"oplus_3211314"},{"@type":"BreadcrumbList","@id":"https:\/\/www.schramas.com\/winkel\/prunus-domestica-mirabelle-de-nancy-oude-pruimenboom-onderstam-st-julien-45l-pot-ca-1-5m\/#breadcrumb","itemListElement":[{"@type":"ListItem","position":1,"name":"Product","item":"https:\/\/www.schramas.com\/assortiment\/"},{"@type":"ListItem","position":2,"name":"Bomen &amp; Struiken","item":"https:\/\/www.schramas.com\/product-category\/bomen-struiken\/"},{"@type":"ListItem","position":3,"name":"Fruitbomen","item":"https:\/\/www.schramas.com\/product-category\/bomen-struiken\/fruitbomen\/"},{"@type":"ListItem","position":4,"name":"Oude\/grote fruitbomen","item":"https:\/\/www.schramas.com\/product-category\/bomen-struiken\/fruitbomen\/oude-en-grote-fruitbomen\/"},{"@type":"ListItem","position":5,"name":"Prunus domestica &#8216;Mirabelle de Nancy&#8217; &#8211; Oude Pruimenboom &#8211; Onderstam St.Julien &#8211; 45L pot &#8211; ca. 1.5m"}]},{"@type":"WebSite","@id":"https:\/\/www.schramas.com\/#website","url":"https:\/\/www.schramas.com\/","name":"Schramas.com | Tr\u00e4dg\u00e5rdsv\u00e4xter som enkelt kan best\u00e4llas online | Direkt fr\u00e5n v\u00e5r plantskola","description":"","alternateName":"Schramas.com - Alle planten direct van de kweker","potentialAction":[{"@type":"SearchAction","target":{"@type":"EntryPoint","urlTemplate":"https:\/\/www.schramas.com\/?s={search_term_string}"},"query-input":{"@type":"PropertyValueSpecification","valueRequired":true,"valueName":"search_term_string"}}],"inLanguage":"sv-SE"}]}},"_links":{"self":[{"href":"https:\/\/www.schramas.com\/se\/wp-json\/wp\/v2\/product\/64192","targetHints":{"allow":["GET"]}}],"collection":[{"href":"https:\/\/www.schramas.com\/se\/wp-json\/wp\/v2\/product"}],"about":[{"href":"https:\/\/www.schramas.com\/se\/wp-json\/wp\/v2\/types\/product"}],"version-history":[{"count":1,"href":"https:\/\/www.schramas.com\/se\/wp-json\/wp\/v2\/product\/64192\/revisions"}],"predecessor-version":[{"id":64197,"href":"https:\/\/www.schramas.com\/se\/wp-json\/wp\/v2\/product\/64192\/revisions\/64197"}],"wp:featuredmedia":[{"embeddable":true,"href":"https:\/\/www.schramas.com\/se\/wp-json\/wp\/v2\/media\/64193"}],"wp:attachment":[{"href":"https:\/\/www.schramas.com\/se\/wp-json\/wp\/v2\/media?parent=64192"}],"wp:term":[{"taxonomy":"product_brand","embeddable":true,"href":"https:\/\/www.schramas.com\/se\/wp-json\/wp\/v2\/product_brand?post=64192"},{"taxonomy":"product_cat","embeddable":true,"href":"https:\/\/www.schramas.com\/se\/wp-json\/wp\/v2\/product_cat?post=64192"},{"taxonomy":"product_tag","embeddable":true,"href":"https:\/\/www.schramas.com\/se\/wp-json\/wp\/v2\/product_tag?post=64192"}],"curies":[{"name":"wp","href":"https:\/\/api.w.org\/{rel}","templated":true}]}}