{"id":69870,"date":"2026-03-26T15:56:52","date_gmt":"2026-03-26T14:56:52","guid":{"rendered":"https:\/\/www.schramas.com\/?post_type=product&#038;p=69870"},"modified":"2026-03-26T16:26:06","modified_gmt":"2026-03-26T15:26:06","slug":"set-om-4-osterrikiska-tallar-pinus-nigra-nirga-hojd-25cm-9cm-kruka","status":"publish","type":"product","link":"https:\/\/www.schramas.com\/se\/butik\/set-om-4-osterrikiska-tallar-pinus-nigra-nirga-hojd-25cm-9cm-kruka\/","title":{"rendered":"Set med 4 \u00f6sterrikiska tallar - Pinus nigra nirga - H\u00f6jd 25 cm - 9 cm kruka"},"content":{"rendered":"<p data-start=\"395\" data-end=\"703\">Denna Pinus nigra nigra, \u00e4ven k\u00e4nd som \u00f6sterrikisk tall eller svarttall, \u00e4r ett kraftigt och m\u00e5ngsidigt barrtr\u00e4d som \u00e4r k\u00e4nt f\u00f6r sin starka tillv\u00e4xt och sitt robusta utseende. Denna art f\u00e5r m\u00f6rkgr\u00f6na barr och utvecklar senare i livet en karakteristisk m\u00f6rkgr\u00e5, djupt r\u00e4fflad bark.<\/p>\n<p data-start=\"705\" data-end=\"912\">Dess goda anpassningsf\u00f6rm\u00e5ga och starka tillv\u00e4xt g\u00f6r att denna tall passar f\u00f6r en m\u00e4ngd olika anv\u00e4ndningsomr\u00e5den i tr\u00e4dg\u00e5rden. Den kan planteras antingen som solit\u00e4r eller i grupper f\u00f6r skydd eller struktur.<\/p>\n<p data-start=\"705\" data-end=\"912\">\n<p data-start=\"914\" data-end=\"931\"><strong>St\u00e4ll in inneh\u00e5ll<\/strong><\/p>\n<p data-start=\"933\" data-end=\"1028\">- 4x Pinus nigra nigra<br data-start=\"955\" data-end=\"958\" \/>- Krukstorlek: 9 cm plantskolekruka<br data-start=\"984\" data-end=\"987\" \/>- H\u00f6jd vid leverans: 25 cm (v\u00e4gledande)<\/p>\n<p data-start=\"1030\" data-end=\"1241\">Plantorna levereras i en 9 cm stor plantskolekruka. Det h\u00e4r \u00e4r unga plantor som forts\u00e4tter att v\u00e4xa efter planteringen. H\u00f6jden vid leverans \u00e4r d\u00e4rf\u00f6r v\u00e4gledande och kan variera beroende p\u00e5 s\u00e4song och tillv\u00e4xtstadium.<\/p>\n<p data-start=\"1243\" data-end=\"1256\"><strong>Om arten<\/strong><\/p>\n<p data-start=\"1258\" data-end=\"1480\">Pinus nigra nigra tillh\u00f6r tallfamiljen (Pinaceae) och \u00e4r ett vintergr\u00f6nt barrtr\u00e4d som h\u00e4rstammar fr\u00e5n delar av s\u00f6dra och centrala Europa. Tr\u00e4det bildar kraftiga grenar med buntar av tv\u00e5 m\u00f6rkgr\u00f6na barr.<\/p>\n<p data-start=\"1482\" data-end=\"1679\">Barken \u00e4r ett sl\u00e5ende k\u00e4nnetecken f\u00f6r denna art. I unga \u00e5r \u00e4r den relativt sl\u00e4t, men n\u00e4r tr\u00e4det \u00e5ldras utvecklas en djupt r\u00e4fflad, m\u00f6rkgr\u00e5 till svartaktig bark.<\/p>\n<p data-start=\"1681\" data-end=\"1880\">Tr\u00e4det bildar ljusbruna kottar som syns p\u00e5 grenarna efter mognad. Tomma kottar kan falla av p\u00e5 v\u00e5ren. Tack vare sin t\u00e4ta tillv\u00e4xt ger denna tall skydd och kan locka till sig f\u00e5glar.<\/p>\n<p data-start=\"1681\" data-end=\"1880\">\n<p data-start=\"1882\" data-end=\"1892\"><strong>V\u00e5rd<\/strong><\/p>\n<p data-start=\"1894\" data-end=\"2077\">\u00d6sterrikisk tall v\u00e4xer b\u00e4st i ett soligt l\u00e4ge. Arten har f\u00e5 jordkrav och v\u00e4xer bra i olika typer av jord, f\u00f6rutsatt att de \u00e4r v\u00e4ldr\u00e4nerade.<\/p>\n<p data-start=\"2079\" data-end=\"2294\">Vattenbehovet \u00e4r genomsnittligt. Under den f\u00f6rsta tiden efter plantering \u00e4r det viktigt att vattna regelbundet f\u00f6r att v\u00e4xten ska kunna rota sig v\u00e4l. N\u00e4r tr\u00e4det v\u00e4l har slagit rot \u00e4r det starkt och kr\u00e4ver relativt lite underh\u00e5ll.<\/p>\n<p data-start=\"2296\" data-end=\"2438\">Dess tolerans mot vind, inklusive havsbris, och luftf\u00f6roreningar g\u00f6r ocks\u00e5 denna art l\u00e4mplig f\u00f6r mindre skyddade eller urbana platser.<\/p>\n<p data-start=\"2296\" data-end=\"2438\">\n<p data-start=\"2440\" data-end=\"2445\"><strong>Besk\u00e4ra<\/strong><\/p>\n<p data-start=\"2447\" data-end=\"2684\">Pinus nigra nigra t\u00e5l besk\u00e4rning bra. Om s\u00e5 \u00f6nskas kan tillv\u00e4xten begr\u00e4nsas genom att unga skott sk\u00e4rs ned n\u00e5got p\u00e5 v\u00e5ren. P\u00e5 s\u00e5 s\u00e4tt kan tr\u00e4det h\u00e5llas mer kompakt, vilket ocks\u00e5 g\u00f6r det l\u00e4mpligt f\u00f6r mindre tr\u00e4dg\u00e5rdar.<\/p>\n<p data-start=\"2686\" data-end=\"2764\">Kraftig besk\u00e4rning i gammal ved tolereras mindre v\u00e4l och rekommenderas d\u00e4rf\u00f6r inte.<\/p>\n<p data-start=\"2686\" data-end=\"2764\">\n<p data-start=\"2766\" data-end=\"2782\"><strong>Vinterv\u00e5rd<\/strong><\/p>\n<p data-start=\"2784\" data-end=\"2967\">Den \u00f6sterrikiska tallen \u00e4r mycket t\u00e5lig och beh\u00e5ller sina barr p\u00e5 vintern. P\u00e5 s\u00e5 s\u00e4tt h\u00e5ller den sig gr\u00f6n \u00e5ret runt och ger struktur i tr\u00e4dg\u00e5rden \u00e4ven p\u00e5 vintern.<\/p>\n<p data-start=\"2784\" data-end=\"2967\">\n<p data-start=\"2969\" data-end=\"2987\"><strong>Anv\u00e4ndning i tr\u00e4dg\u00e5rden<\/strong><\/p>\n<p data-start=\"2989\" data-end=\"3158\">Detta barrtr\u00e4d \u00e4r l\u00e4mpligt som solit\u00e4r, i grupper eller som vindskydd. Tack vare sin kraftiga tillv\u00e4xt och t\u00e4ta struktur kan den ocks\u00e5 anv\u00e4ndas som skydd och insynsskydd.<\/p>\n<p data-start=\"3160\" data-end=\"3396\">F\u00f6r den som gillar vintergr\u00f6na planteringar g\u00e5r den h\u00e4r arten bra att kombinera med andra barrtr\u00e4d eller vintergr\u00f6na buskar. Genom att kombinera olika arter skapas en tr\u00e4dg\u00e5rd som beh\u00e5ller sin struktur och f\u00e4rg \u00e5ret runt.<\/p>","protected":false},"excerpt":{"rendered":"<p data-start=\"18\" data-end=\"333\">- Botaniskt namn: Pinus nigra nigra<br data-start=\"54\" data-end=\"57\" \/>- Holl\u00e4ndskt namn: \u00d6sterrikisk tall \/ Svart tall<br data-start=\"106\" data-end=\"109\" \/>- Egenskaper: starkt vintergr\u00f6nt barrtr\u00e4d med m\u00f6rka barr och robust tillv\u00e4xt<br data-start=\"188\" data-end=\"191\" \/>- Vuxenh\u00f6jd: 15-20 meter (h\u00f6gre under idealiska f\u00f6rh\u00e5llanden)<br data-start=\"258\" data-end=\"261\" \/>- Position: soligt<br data-start=\"295\" data-end=\"298\" \/>- H\u00e4rdighet: mycket h\u00e4rdig<\/p>\n<p data-start=\"335\" data-end=\"364\">","protected":false},"featured_media":69875,"template":"","meta":{"_joinchat":[]},"product_brand":[],"product_cat":[262,867,1012,3193,305],"product_tag":[1307,5037,5040,5038,5034,5041,5035,5043,5031,5032,5039,5029,5028,5036,5027,5042,5033,5030],"class_list":{"0":"post-69870","1":"product","2":"type-product","3":"status-publish","4":"has-post-thumbnail","6":"product_cat-bomen-struiken","7":"product_cat-pakket-deals","8":"product_cat-overige-deals","9":"product_cat-sierbomen","10":"product_cat-planten-heesters","11":"product_tag-conifeer","12":"product_tag-conifeer-kopen","13":"product_tag-conifeer-tuinplant","14":"product_tag-den-9-cm-pot","15":"product_tag-den-kopen","16":"product_tag-den-kwekerij","17":"product_tag-den-plant","18":"product_tag-den-schramas-com","19":"product_tag-dennenboom","20":"product_tag-naaldboom","21":"product_tag-naaldboom-tuin","22":"product_tag-oostenrijkse-den","23":"product_tag-pinus-nigra","24":"product_tag-pinus-nigra-kopen","25":"product_tag-pinus-nigra-nigra","26":"product_tag-pinus-nigra-nigra-kopen","27":"product_tag-wintergroene-boom","28":"product_tag-zwarte-den","29":"pa_bloeimaanden-mei","30":"pa_bloeimaanden-juni","31":"pa_ewd_uwcf_colors-groen-2","32":"pa_groeihoogte-600-cm","33":"pa_pot-9-cm-pot","35":"first","36":"instock","37":"taxable","38":"shipping-taxable","39":"purchasable","40":"product-type-simple"},"yoast_head":"<!-- This site is optimized with the Yoast SEO plugin v24.2 - https:\/\/yoast.com\/wordpress\/plugins\/seo\/ -->\n<title>Set van 4 Oostenrijkse dennen - Pinus nigra nirga - Hoogte 25cm - 9cm pot kopen | Planten eenvoudig online bestellen | Schramas.com<\/title>\n<meta name=\"robots\" content=\"index, follow, max-snippet:-1, max-image-preview:large, max-video-preview:-1\" \/>\n<link rel=\"canonical\" href=\"https:\/\/www.schramas.com\/se\/butik\/set-om-4-osterrikiska-tallar-pinus-nigra-nirga-hojd-25cm-9cm-kruka\/\" \/>\n<meta property=\"og:locale\" content=\"sv_SE\" \/>\n<meta property=\"og:type\" content=\"article\" \/>\n<meta property=\"og:title\" content=\"Set van 4 Oostenrijkse dennen - Pinus nigra nirga - Hoogte 25cm - 9cm pot kopen | Planten eenvoudig online bestellen | Schramas.com\" \/>\n<meta property=\"og:description\" content=\"\u2022 Botanische naam: Pinus nigra nigra\u2022 Nederlandse naam: Oostenrijkse den \/ Zwarte den\u2022 Kenmerk: sterke, wintergroene naaldboom met donkere naalden en robuuste groei\u2022 Volwassen hoogte: 15\u201320 meter (hoger onder ideale omstandigheden)\u2022 Standplaats: zonnige standplaats\u2022 Winterhardheid: zeer winterhard\" \/>\n<meta property=\"og:url\" content=\"https:\/\/www.schramas.com\/se\/butik\/set-om-4-osterrikiska-tallar-pinus-nigra-nirga-hojd-25cm-9cm-kruka\/\" \/>\n<meta property=\"og:site_name\" content=\"Planten eenvoudig online bestellen | Schramas.com\" \/>\n<meta property=\"article:publisher\" content=\"https:\/\/www.facebook.com\/Schramascom-106872874153195\/\" \/>\n<meta property=\"article:modified_time\" content=\"2026-03-26T15:26:06+00:00\" \/>\n<meta property=\"og:image\" content=\"http:\/\/www.schramas.com\/wp-content\/uploads\/2026\/03\/Untitled-6.webp\" \/>\n\t<meta property=\"og:image:width\" content=\"800\" \/>\n\t<meta property=\"og:image:height\" content=\"800\" \/>\n\t<meta property=\"og:image:type\" content=\"image\/webp\" \/>\n<meta name=\"twitter:card\" content=\"summary_large_image\" \/>\n<meta name=\"twitter:label1\" content=\"Ber\u00e4knad l\u00e4stid\" \/>\n\t<meta name=\"twitter:data1\" content=\"1 minut\" \/>\n<script type=\"application\/ld+json\" class=\"yoast-schema-graph\">{\"@context\":\"https:\/\/schema.org\",\"@graph\":[{\"@type\":[\"WebPage\",\"ItemPage\"],\"@id\":\"https:\/\/www.schramas.com\/winkel\/set-van-4-oostenrijkse-dennen-pinus-nigra-nirga-hoogte-25cm-9cm-pot\/\",\"url\":\"https:\/\/www.schramas.com\/winkel\/set-van-4-oostenrijkse-dennen-pinus-nigra-nirga-hoogte-25cm-9cm-pot\/\",\"name\":\"Set van 4 Oostenrijkse dennen - Pinus nigra nirga - Hoogte 25cm - 9cm pot kopen | Planten eenvoudig online bestellen | Schramas.com\",\"isPartOf\":{\"@id\":\"https:\/\/www.schramas.com\/#website\"},\"primaryImageOfPage\":{\"@id\":\"https:\/\/www.schramas.com\/winkel\/set-van-4-oostenrijkse-dennen-pinus-nigra-nirga-hoogte-25cm-9cm-pot\/#primaryimage\"},\"image\":{\"@id\":\"https:\/\/www.schramas.com\/winkel\/set-van-4-oostenrijkse-dennen-pinus-nigra-nirga-hoogte-25cm-9cm-pot\/#primaryimage\"},\"thumbnailUrl\":\"https:\/\/www.schramas.com\/wp-content\/uploads\/2026\/03\/Untitled-6.webp\",\"datePublished\":\"2026-03-26T14:56:52+00:00\",\"dateModified\":\"2026-03-26T15:26:06+00:00\",\"breadcrumb\":{\"@id\":\"https:\/\/www.schramas.com\/winkel\/set-van-4-oostenrijkse-dennen-pinus-nigra-nirga-hoogte-25cm-9cm-pot\/#breadcrumb\"},\"inLanguage\":\"sv-SE\",\"potentialAction\":[{\"@type\":\"ReadAction\",\"target\":[\"https:\/\/www.schramas.com\/winkel\/set-van-4-oostenrijkse-dennen-pinus-nigra-nirga-hoogte-25cm-9cm-pot\/\"]}]},{\"@type\":\"ImageObject\",\"inLanguage\":\"sv-SE\",\"@id\":\"https:\/\/www.schramas.com\/winkel\/set-van-4-oostenrijkse-dennen-pinus-nigra-nirga-hoogte-25cm-9cm-pot\/#primaryimage\",\"url\":\"https:\/\/www.schramas.com\/wp-content\/uploads\/2026\/03\/Untitled-6.webp\",\"contentUrl\":\"https:\/\/www.schramas.com\/wp-content\/uploads\/2026\/03\/Untitled-6.webp\",\"width\":800,\"height\":800},{\"@type\":\"BreadcrumbList\",\"@id\":\"https:\/\/www.schramas.com\/winkel\/set-van-4-oostenrijkse-dennen-pinus-nigra-nirga-hoogte-25cm-9cm-pot\/#breadcrumb\",\"itemListElement\":[{\"@type\":\"ListItem\",\"position\":1,\"name\":\"Product\",\"item\":\"https:\/\/www.schramas.com\/assortiment\/\"},{\"@type\":\"ListItem\",\"position\":2,\"name\":\"Pakketdeals\",\"item\":\"https:\/\/www.schramas.com\/product-category\/pakket-deals\/\"},{\"@type\":\"ListItem\",\"position\":3,\"name\":\"Set van 4 Oostenrijkse dennen &#8211; Pinus nigra nirga &#8211; Hoogte 25cm &#8211; 9cm pot\"}]},{\"@type\":\"WebSite\",\"@id\":\"https:\/\/www.schramas.com\/#website\",\"url\":\"https:\/\/www.schramas.com\/\",\"name\":\"Schramas.com | Tuinplanten eenvoudig online bestellen | Direct van onze Kwekerij\",\"description\":\"\",\"alternateName\":\"Schramas.com - Alle planten direct van de kweker\",\"potentialAction\":[{\"@type\":\"SearchAction\",\"target\":{\"@type\":\"EntryPoint\",\"urlTemplate\":\"https:\/\/www.schramas.com\/?s={search_term_string}\"},\"query-input\":{\"@type\":\"PropertyValueSpecification\",\"valueRequired\":true,\"valueName\":\"search_term_string\"}}],\"inLanguage\":\"sv-SE\"}]}<\/script>\n<!-- \/ Yoast SEO plugin. -->","yoast_head_json":{"title":"Set med 4 \u00f6sterrikiska tallar - Pinus nigra nirga - H\u00f6jd 25cm - 9cm kruka k\u00f6p | V\u00e4xter enkel onlinebest\u00e4llning | Schramas.com","robots":{"index":"index","follow":"follow","max-snippet":"max-snippet:-1","max-image-preview":"max-image-preview:large","max-video-preview":"max-video-preview:-1"},"canonical":"https:\/\/www.schramas.com\/se\/butik\/set-om-4-osterrikiska-tallar-pinus-nigra-nirga-hojd-25cm-9cm-kruka\/","og_locale":"sv_SE","og_type":"article","og_title":"Set van 4 Oostenrijkse dennen - Pinus nigra nirga - Hoogte 25cm - 9cm pot kopen | Planten eenvoudig online bestellen | Schramas.com","og_description":"\u2022 Botanische naam: Pinus nigra nigra\u2022 Nederlandse naam: Oostenrijkse den \/ Zwarte den\u2022 Kenmerk: sterke, wintergroene naaldboom met donkere naalden en robuuste groei\u2022 Volwassen hoogte: 15\u201320 meter (hoger onder ideale omstandigheden)\u2022 Standplaats: zonnige standplaats\u2022 Winterhardheid: zeer winterhard","og_url":"https:\/\/www.schramas.com\/se\/butik\/set-om-4-osterrikiska-tallar-pinus-nigra-nirga-hojd-25cm-9cm-kruka\/","og_site_name":"Planten eenvoudig online bestellen | Schramas.com","article_publisher":"https:\/\/www.facebook.com\/Schramascom-106872874153195\/","article_modified_time":"2026-03-26T15:26:06+00:00","og_image":[{"width":800,"height":800,"url":"http:\/\/www.schramas.com\/wp-content\/uploads\/2026\/03\/Untitled-6.webp","type":"image\/webp"}],"twitter_card":"summary_large_image","twitter_misc":{"Ber\u00e4knad l\u00e4stid":"1 minut"},"schema":{"@context":"https:\/\/schema.org","@graph":[{"@type":["WebPage","ItemPage"],"@id":"https:\/\/www.schramas.com\/winkel\/set-van-4-oostenrijkse-dennen-pinus-nigra-nirga-hoogte-25cm-9cm-pot\/","url":"https:\/\/www.schramas.com\/winkel\/set-van-4-oostenrijkse-dennen-pinus-nigra-nirga-hoogte-25cm-9cm-pot\/","name":"Set med 4 \u00f6sterrikiska tallar - Pinus nigra nirga - H\u00f6jd 25cm - 9cm kruka k\u00f6p | V\u00e4xter enkel onlinebest\u00e4llning | Schramas.com","isPartOf":{"@id":"https:\/\/www.schramas.com\/#website"},"primaryImageOfPage":{"@id":"https:\/\/www.schramas.com\/winkel\/set-van-4-oostenrijkse-dennen-pinus-nigra-nirga-hoogte-25cm-9cm-pot\/#primaryimage"},"image":{"@id":"https:\/\/www.schramas.com\/winkel\/set-van-4-oostenrijkse-dennen-pinus-nigra-nirga-hoogte-25cm-9cm-pot\/#primaryimage"},"thumbnailUrl":"https:\/\/www.schramas.com\/wp-content\/uploads\/2026\/03\/Untitled-6.webp","datePublished":"2026-03-26T14:56:52+00:00","dateModified":"2026-03-26T15:26:06+00:00","breadcrumb":{"@id":"https:\/\/www.schramas.com\/winkel\/set-van-4-oostenrijkse-dennen-pinus-nigra-nirga-hoogte-25cm-9cm-pot\/#breadcrumb"},"inLanguage":"sv-SE","potentialAction":[{"@type":"ReadAction","target":["https:\/\/www.schramas.com\/winkel\/set-van-4-oostenrijkse-dennen-pinus-nigra-nirga-hoogte-25cm-9cm-pot\/"]}]},{"@type":"ImageObject","inLanguage":"sv-SE","@id":"https:\/\/www.schramas.com\/winkel\/set-van-4-oostenrijkse-dennen-pinus-nigra-nirga-hoogte-25cm-9cm-pot\/#primaryimage","url":"https:\/\/www.schramas.com\/wp-content\/uploads\/2026\/03\/Untitled-6.webp","contentUrl":"https:\/\/www.schramas.com\/wp-content\/uploads\/2026\/03\/Untitled-6.webp","width":800,"height":800},{"@type":"BreadcrumbList","@id":"https:\/\/www.schramas.com\/winkel\/set-van-4-oostenrijkse-dennen-pinus-nigra-nirga-hoogte-25cm-9cm-pot\/#breadcrumb","itemListElement":[{"@type":"ListItem","position":1,"name":"Product","item":"https:\/\/www.schramas.com\/assortiment\/"},{"@type":"ListItem","position":2,"name":"Pakketdeals","item":"https:\/\/www.schramas.com\/product-category\/pakket-deals\/"},{"@type":"ListItem","position":3,"name":"Set van 4 Oostenrijkse dennen &#8211; Pinus nigra nirga &#8211; Hoogte 25cm &#8211; 9cm pot"}]},{"@type":"WebSite","@id":"https:\/\/www.schramas.com\/#website","url":"https:\/\/www.schramas.com\/","name":"Schramas.com | Tr\u00e4dg\u00e5rdsv\u00e4xter som enkelt kan best\u00e4llas online | Direkt fr\u00e5n v\u00e5r plantskola","description":"","alternateName":"Schramas.com - Alle planten direct van de kweker","potentialAction":[{"@type":"SearchAction","target":{"@type":"EntryPoint","urlTemplate":"https:\/\/www.schramas.com\/?s={search_term_string}"},"query-input":{"@type":"PropertyValueSpecification","valueRequired":true,"valueName":"search_term_string"}}],"inLanguage":"sv-SE"}]}},"_links":{"self":[{"href":"https:\/\/www.schramas.com\/se\/wp-json\/wp\/v2\/product\/69870","targetHints":{"allow":["GET"]}}],"collection":[{"href":"https:\/\/www.schramas.com\/se\/wp-json\/wp\/v2\/product"}],"about":[{"href":"https:\/\/www.schramas.com\/se\/wp-json\/wp\/v2\/types\/product"}],"version-history":[{"count":1,"href":"https:\/\/www.schramas.com\/se\/wp-json\/wp\/v2\/product\/69870\/revisions"}],"predecessor-version":[{"id":69876,"href":"https:\/\/www.schramas.com\/se\/wp-json\/wp\/v2\/product\/69870\/revisions\/69876"}],"wp:featuredmedia":[{"embeddable":true,"href":"https:\/\/www.schramas.com\/se\/wp-json\/wp\/v2\/media\/69875"}],"wp:attachment":[{"href":"https:\/\/www.schramas.com\/se\/wp-json\/wp\/v2\/media?parent=69870"}],"wp:term":[{"taxonomy":"product_brand","embeddable":true,"href":"https:\/\/www.schramas.com\/se\/wp-json\/wp\/v2\/product_brand?post=69870"},{"taxonomy":"product_cat","embeddable":true,"href":"https:\/\/www.schramas.com\/se\/wp-json\/wp\/v2\/product_cat?post=69870"},{"taxonomy":"product_tag","embeddable":true,"href":"https:\/\/www.schramas.com\/se\/wp-json\/wp\/v2\/product_tag?post=69870"}],"curies":[{"name":"wp","href":"https:\/\/api.w.org\/{rel}","templated":true}]}}