{"id":8046,"date":"2019-11-15T19:46:11","date_gmt":"2019-11-15T18:46:11","guid":{"rendered":"https:\/\/www.schramas.com\/?post_type=product&#038;p=8046"},"modified":"2026-02-19T10:34:33","modified_gmt":"2026-02-19T09:34:33","slug":"prunus-domestica-st-julien-en-ympbar","status":"publish","type":"product","link":"https:\/\/www.schramas.com\/se\/butik\/prunus-domestica-st-julien-en-ympbar\/","title":{"rendered":"Prunus domestica St julien A 8mm+ ympbar"},"content":{"rendered":"<p>Prunus domestica &#039;St. Julien A&#039; \u00e4r en halvkraftig grundstam k\u00e4nd f\u00f6r sin m\u00e5ngsidighet och tillf\u00f6rlitlighet. Denna grundstam \u00e4r l\u00e4mplig f\u00f6r ett brett utbud av stenfrukter, s\u00e5som plommon, persikor, nektariner och vissa aprikoser.<\/p>\n<p>Viktiga egenskaper:<br \/>\nVigor: Halvkraftig, med en mogen tr\u00e4dstorlek p\u00e5 cirka 75% j\u00e4mf\u00f6rt med en planta.<br \/>\nKompatibilitet: L\u00e4mplig f\u00f6r europeiska och japanska plommon, mirabelle plommon, damascene plommon och persikor. Kan \u00e4ven anv\u00e4ndas till aprikoser, \u00e4ven om detta \u00e4r mindre vanligt.<br \/>\nH\u00e4rdighet: Motst\u00e5ndskraftig mot kallt klimat och temperaturfluktuationer p\u00e5 v\u00e5ren.<br \/>\nF\u00f6rdelar:<br \/>\nProduktivitet: Tidig frukts\u00e4ttning och bra fruktutbyte med utm\u00e4rkt storlek.<br \/>\nSj\u00e4lvv\u00e4xande: Inget permanent st\u00f6d kr\u00e4vs, vilket g\u00f6r underh\u00e5llet l\u00e4ttare.<br \/>\nResiliens: M\u00e5ttlig resistens mot Phytophthora, bakteriell cancer och krongall.<br \/>\nApplikationer:<br \/>\nJordtyper: L\u00e4mplig f\u00f6r en m\u00e4ngd olika jordar, \u00e4ven om k\u00e4nslighet f\u00f6r rotknutnematoder och PTSL (Peach Tree Shortlivedness) b\u00f6r beaktas.<br \/>\nKlimat: Idealisk f\u00f6r svalare omr\u00e5den med varierande v\u00e5rtemperaturer.<br \/>\nSlutsats:<br \/>\nDen &#039;St. Julien A&#039; \u00e4r ett utm\u00e4rkt val f\u00f6r odlare som s\u00f6ker en p\u00e5litlig, halvkraftig grundstam med bred kompatibilitet och en bepr\u00f6vad meritlista i kalla klimat. Tack vare sin m\u00e5ngsidighet och h\u00e5llbarhet f\u00f6rblir denna grundstamm ett popul\u00e4rt val i b\u00e5de kommersiella och privata frukttr\u00e4dg\u00e5rdar.<\/p>","protected":false},"excerpt":{"rendered":"<p>Starkv\u00e4xande, h\u00e4rdig grundstam som l\u00e4mpar sig f\u00f6r plommon och aprikoser.<\/p>","protected":false},"featured_media":8093,"template":"","meta":{"_joinchat":[]},"product_brand":[],"product_cat":[264],"product_tag":[309,580,568,576,573,1015],"class_list":{"0":"post-8046","1":"product","2":"type-product","3":"status-publish","4":"has-post-thumbnail","6":"product_cat-prunus","7":"product_tag-abrikoos","8":"product_tag-matig-sterk-groeiend","9":"product_tag-onderstam","10":"product_tag-perzik","11":"product_tag-pruim","12":"product_tag-rootstock","14":"first","15":"outofstock","16":"taxable","17":"shipping-taxable","18":"purchasable","19":"product-type-simple"},"yoast_head":"<!-- This site is optimized with the Yoast SEO plugin v24.2 - https:\/\/yoast.com\/wordpress\/plugins\/seo\/ -->\n<title>Prunus domestica St julien A 8mm+ entbaar kopen | Planten eenvoudig online bestellen | Schramas.com<\/title>\n<meta name=\"robots\" content=\"index, follow, max-snippet:-1, max-image-preview:large, max-video-preview:-1\" \/>\n<link rel=\"canonical\" href=\"https:\/\/www.schramas.com\/se\/butik\/prunus-domestica-st-julien-en-ympbar\/\" \/>\n<meta property=\"og:locale\" content=\"sv_SE\" \/>\n<meta property=\"og:type\" content=\"article\" \/>\n<meta property=\"og:title\" content=\"Prunus domestica St julien A 8mm+ entbaar kopen | Planten eenvoudig online bestellen | Schramas.com\" \/>\n<meta property=\"og:description\" content=\"Sterkgroeiende winterharde onderstam geschikt voor pruimen en abrikozen.\" \/>\n<meta property=\"og:url\" content=\"https:\/\/www.schramas.com\/se\/butik\/prunus-domestica-st-julien-en-ympbar\/\" \/>\n<meta property=\"og:site_name\" content=\"Planten eenvoudig online bestellen | Schramas.com\" \/>\n<meta property=\"article:publisher\" content=\"https:\/\/www.facebook.com\/Schramascom-106872874153195\/\" \/>\n<meta property=\"article:modified_time\" content=\"2026-02-19T09:34:33+00:00\" \/>\n<meta property=\"og:image\" content=\"http:\/\/www.schramas.com\/wp-content\/uploads\/2019\/11\/S766-e1574070682807-scaled.jpg\" \/>\n\t<meta property=\"og:image:width\" content=\"1920\" \/>\n\t<meta property=\"og:image:height\" content=\"2560\" \/>\n\t<meta property=\"og:image:type\" content=\"image\/jpeg\" \/>\n<meta name=\"twitter:card\" content=\"summary_large_image\" \/>\n<meta name=\"twitter:label1\" content=\"Ber\u00e4knad l\u00e4stid\" \/>\n\t<meta name=\"twitter:data1\" content=\"1 minut\" \/>\n<script type=\"application\/ld+json\" class=\"yoast-schema-graph\">{\"@context\":\"https:\/\/schema.org\",\"@graph\":[{\"@type\":[\"WebPage\",\"ItemPage\"],\"@id\":\"https:\/\/www.schramas.com\/winkel\/prunus-domestica-st-julien-a-entbaar\/\",\"url\":\"https:\/\/www.schramas.com\/winkel\/prunus-domestica-st-julien-a-entbaar\/\",\"name\":\"Prunus domestica St julien A 8mm+ entbaar kopen | Planten eenvoudig online bestellen | Schramas.com\",\"isPartOf\":{\"@id\":\"https:\/\/www.schramas.com\/#website\"},\"primaryImageOfPage\":{\"@id\":\"https:\/\/www.schramas.com\/winkel\/prunus-domestica-st-julien-a-entbaar\/#primaryimage\"},\"image\":{\"@id\":\"https:\/\/www.schramas.com\/winkel\/prunus-domestica-st-julien-a-entbaar\/#primaryimage\"},\"thumbnailUrl\":\"https:\/\/www.schramas.com\/wp-content\/uploads\/2019\/11\/S766-e1574070682807-scaled.jpg\",\"datePublished\":\"2019-11-15T18:46:11+00:00\",\"dateModified\":\"2026-02-19T09:34:33+00:00\",\"breadcrumb\":{\"@id\":\"https:\/\/www.schramas.com\/winkel\/prunus-domestica-st-julien-a-entbaar\/#breadcrumb\"},\"inLanguage\":\"sv-SE\",\"potentialAction\":[{\"@type\":\"ReadAction\",\"target\":[\"https:\/\/www.schramas.com\/winkel\/prunus-domestica-st-julien-a-entbaar\/\"]}]},{\"@type\":\"ImageObject\",\"inLanguage\":\"sv-SE\",\"@id\":\"https:\/\/www.schramas.com\/winkel\/prunus-domestica-st-julien-a-entbaar\/#primaryimage\",\"url\":\"https:\/\/www.schramas.com\/wp-content\/uploads\/2019\/11\/S766-e1574070682807-scaled.jpg\",\"contentUrl\":\"https:\/\/www.schramas.com\/wp-content\/uploads\/2019\/11\/S766-e1574070682807-scaled.jpg\",\"width\":1920,\"height\":2560},{\"@type\":\"BreadcrumbList\",\"@id\":\"https:\/\/www.schramas.com\/winkel\/prunus-domestica-st-julien-a-entbaar\/#breadcrumb\",\"itemListElement\":[{\"@type\":\"ListItem\",\"position\":1,\"name\":\"Product\",\"item\":\"https:\/\/www.schramas.com\/assortiment\/\"},{\"@type\":\"ListItem\",\"position\":2,\"name\":\"Zelf kweken \/ Onderstammen\",\"item\":\"https:\/\/www.schramas.com\/product-category\/zelf-kweken\/\"},{\"@type\":\"ListItem\",\"position\":3,\"name\":\"Onderstammen voor pruimen, kersen, abrikozen, nectarines en perziken\",\"item\":\"https:\/\/www.schramas.com\/product-category\/zelf-kweken\/prunus\/\"},{\"@type\":\"ListItem\",\"position\":4,\"name\":\"Prunus domestica St julien A 8mm+ entbaar\"}]},{\"@type\":\"WebSite\",\"@id\":\"https:\/\/www.schramas.com\/#website\",\"url\":\"https:\/\/www.schramas.com\/\",\"name\":\"Schramas.com | Tuinplanten eenvoudig online bestellen | Direct van onze Kwekerij\",\"description\":\"\",\"alternateName\":\"Schramas.com - Alle planten direct van de kweker\",\"potentialAction\":[{\"@type\":\"SearchAction\",\"target\":{\"@type\":\"EntryPoint\",\"urlTemplate\":\"https:\/\/www.schramas.com\/?s={search_term_string}\"},\"query-input\":{\"@type\":\"PropertyValueSpecification\",\"valueRequired\":true,\"valueName\":\"search_term_string\"}}],\"inLanguage\":\"sv-SE\"}]}<\/script>\n<!-- \/ Yoast SEO plugin. -->","yoast_head_json":{"title":"K\u00f6p Prunus domestica St julien A 8mm+ ympbar | Best\u00e4ll enkelt v\u00e4xter online | Schramas.com","robots":{"index":"index","follow":"follow","max-snippet":"max-snippet:-1","max-image-preview":"max-image-preview:large","max-video-preview":"max-video-preview:-1"},"canonical":"https:\/\/www.schramas.com\/se\/butik\/prunus-domestica-st-julien-en-ympbar\/","og_locale":"sv_SE","og_type":"article","og_title":"Prunus domestica St julien A 8mm+ entbaar kopen | Planten eenvoudig online bestellen | Schramas.com","og_description":"Sterkgroeiende winterharde onderstam geschikt voor pruimen en abrikozen.","og_url":"https:\/\/www.schramas.com\/se\/butik\/prunus-domestica-st-julien-en-ympbar\/","og_site_name":"Planten eenvoudig online bestellen | Schramas.com","article_publisher":"https:\/\/www.facebook.com\/Schramascom-106872874153195\/","article_modified_time":"2026-02-19T09:34:33+00:00","og_image":[{"width":1920,"height":2560,"url":"http:\/\/www.schramas.com\/wp-content\/uploads\/2019\/11\/S766-e1574070682807-scaled.jpg","type":"image\/jpeg"}],"twitter_card":"summary_large_image","twitter_misc":{"Ber\u00e4knad l\u00e4stid":"1 minut"},"schema":{"@context":"https:\/\/schema.org","@graph":[{"@type":["WebPage","ItemPage"],"@id":"https:\/\/www.schramas.com\/winkel\/prunus-domestica-st-julien-a-entbaar\/","url":"https:\/\/www.schramas.com\/winkel\/prunus-domestica-st-julien-a-entbaar\/","name":"K\u00f6p Prunus domestica St julien A 8mm+ ympbar | Best\u00e4ll enkelt v\u00e4xter online | Schramas.com","isPartOf":{"@id":"https:\/\/www.schramas.com\/#website"},"primaryImageOfPage":{"@id":"https:\/\/www.schramas.com\/winkel\/prunus-domestica-st-julien-a-entbaar\/#primaryimage"},"image":{"@id":"https:\/\/www.schramas.com\/winkel\/prunus-domestica-st-julien-a-entbaar\/#primaryimage"},"thumbnailUrl":"https:\/\/www.schramas.com\/wp-content\/uploads\/2019\/11\/S766-e1574070682807-scaled.jpg","datePublished":"2019-11-15T18:46:11+00:00","dateModified":"2026-02-19T09:34:33+00:00","breadcrumb":{"@id":"https:\/\/www.schramas.com\/winkel\/prunus-domestica-st-julien-a-entbaar\/#breadcrumb"},"inLanguage":"sv-SE","potentialAction":[{"@type":"ReadAction","target":["https:\/\/www.schramas.com\/winkel\/prunus-domestica-st-julien-a-entbaar\/"]}]},{"@type":"ImageObject","inLanguage":"sv-SE","@id":"https:\/\/www.schramas.com\/winkel\/prunus-domestica-st-julien-a-entbaar\/#primaryimage","url":"https:\/\/www.schramas.com\/wp-content\/uploads\/2019\/11\/S766-e1574070682807-scaled.jpg","contentUrl":"https:\/\/www.schramas.com\/wp-content\/uploads\/2019\/11\/S766-e1574070682807-scaled.jpg","width":1920,"height":2560},{"@type":"BreadcrumbList","@id":"https:\/\/www.schramas.com\/winkel\/prunus-domestica-st-julien-a-entbaar\/#breadcrumb","itemListElement":[{"@type":"ListItem","position":1,"name":"Product","item":"https:\/\/www.schramas.com\/assortiment\/"},{"@type":"ListItem","position":2,"name":"Zelf kweken \/ Onderstammen","item":"https:\/\/www.schramas.com\/product-category\/zelf-kweken\/"},{"@type":"ListItem","position":3,"name":"Onderstammen voor pruimen, kersen, abrikozen, nectarines en perziken","item":"https:\/\/www.schramas.com\/product-category\/zelf-kweken\/prunus\/"},{"@type":"ListItem","position":4,"name":"Prunus domestica St julien A 8mm+ entbaar"}]},{"@type":"WebSite","@id":"https:\/\/www.schramas.com\/#website","url":"https:\/\/www.schramas.com\/","name":"Schramas.com | Tr\u00e4dg\u00e5rdsv\u00e4xter som enkelt kan best\u00e4llas online | Direkt fr\u00e5n v\u00e5r plantskola","description":"","alternateName":"Schramas.com - Alle planten direct van de kweker","potentialAction":[{"@type":"SearchAction","target":{"@type":"EntryPoint","urlTemplate":"https:\/\/www.schramas.com\/?s={search_term_string}"},"query-input":{"@type":"PropertyValueSpecification","valueRequired":true,"valueName":"search_term_string"}}],"inLanguage":"sv-SE"}]}},"_links":{"self":[{"href":"https:\/\/www.schramas.com\/se\/wp-json\/wp\/v2\/product\/8046","targetHints":{"allow":["GET"]}}],"collection":[{"href":"https:\/\/www.schramas.com\/se\/wp-json\/wp\/v2\/product"}],"about":[{"href":"https:\/\/www.schramas.com\/se\/wp-json\/wp\/v2\/types\/product"}],"version-history":[{"count":1,"href":"https:\/\/www.schramas.com\/se\/wp-json\/wp\/v2\/product\/8046\/revisions"}],"predecessor-version":[{"id":45131,"href":"https:\/\/www.schramas.com\/se\/wp-json\/wp\/v2\/product\/8046\/revisions\/45131"}],"wp:featuredmedia":[{"embeddable":true,"href":"https:\/\/www.schramas.com\/se\/wp-json\/wp\/v2\/media\/8093"}],"wp:attachment":[{"href":"https:\/\/www.schramas.com\/se\/wp-json\/wp\/v2\/media?parent=8046"}],"wp:term":[{"taxonomy":"product_brand","embeddable":true,"href":"https:\/\/www.schramas.com\/se\/wp-json\/wp\/v2\/product_brand?post=8046"},{"taxonomy":"product_cat","embeddable":true,"href":"https:\/\/www.schramas.com\/se\/wp-json\/wp\/v2\/product_cat?post=8046"},{"taxonomy":"product_tag","embeddable":true,"href":"https:\/\/www.schramas.com\/se\/wp-json\/wp\/v2\/product_tag?post=8046"}],"curies":[{"name":"wp","href":"https:\/\/api.w.org\/{rel}","templated":true}]}}