{"id":8050,"date":"2019-11-15T19:48:32","date_gmt":"2019-11-15T18:48:32","guid":{"rendered":"https:\/\/www.schramas.com\/?post_type=product&#038;p=8050"},"modified":"2026-02-19T10:34:32","modified_gmt":"2026-02-19T09:34:32","slug":"prunus-domestica-krymsk-99-pbr-ympbar","status":"publish","type":"product","link":"https:\/\/www.schramas.com\/se\/butik\/prunus-domestica-krymsk-99-pbr-ympbar\/","title":{"rendered":"Prunus domestica Krymsk 99 pbr 8mm+ ympbar"},"content":{"rendered":"<p>Prunus domestica &#039;Krymsk 99&#039; \u00e4r en modern, halvkompakt grundstam k\u00e4nd f\u00f6r sin h\u00f6ga produktivitet och utm\u00e4rkta fruktkvalitet. Denna m\u00e5ngsidiga grundstam \u00e4r s\u00e4rskilt l\u00e4mplig f\u00f6r intensiv odling av plommon och aprikoser, s\u00e4rskilt p\u00e5 b\u00f6rdiga jordar.<\/p>\n<p>Viktiga egenskaper:<br \/>\nVigor: Medium vigor, som h\u00e5ller tr\u00e4den kompakta och l\u00e4ttare att underh\u00e5lla.<br \/>\nProduktivitet: Fr\u00e4mjar tidig produktion med stora frukter och genomg\u00e5ende h\u00f6g avkastning.<br \/>\nAnpassningsf\u00f6rm\u00e5ga: L\u00e4mplig f\u00f6r olika jordtyper, inklusive v\u00e5ta jordar. Rekommenderas inte f\u00f6r fattiga sandjordar.<br \/>\nResistens: Ger naturlig resistens mot nematoder, bakteriell cancer och olika andra sjukdomar.<br \/>\nApplikationer:<br \/>\nFrukttr\u00e4d: Idealiskt l\u00e4mpade f\u00f6r plommon och aprikoser, med bevisad kompatibilitet med n\u00e4stan alla kommersiella aprikossorter.<br \/>\nKlimat: L\u00e4mplig f\u00f6r kalla klimat tack vare sin utm\u00e4rkta vinterh\u00e4rdighet.<br \/>\nF\u00f6rdelar:<br \/>\nH\u00e4lsosam tillv\u00e4xt: Vegetativt f\u00f6r\u00f6kas genom sticklingar, vilket s\u00e4kerst\u00e4ller enhetlig tillv\u00e4xt och prestanda.<br \/>\nEffektiv odling: Perfekt f\u00f6r odlare som s\u00f6ker maximal produktivitet i en kompakt storlek.<br \/>\nSlutsats:<br \/>\n&#039;Krymsk 99&#039; \u00e4r ett m\u00e5ngsidigt och p\u00e5litligt val f\u00f6r odlare som letar efter en halvkompakt grundstam med h\u00f6g produktivitet och god anpassningsf\u00f6rm\u00e5ga. L\u00e4mplig f\u00f6r intensiv odling p\u00e5 b\u00f6rdiga jordar, med exceptionell motst\u00e5ndskraft mot sjukdomar och kyla.<\/p>","protected":false},"excerpt":{"rendered":"<p>Starkt v\u00e4xande, vinterh\u00e4rdig grundstam l\u00e4mplig f\u00f6r plommon.<\/p>","protected":false},"featured_media":8092,"template":"","meta":{"_joinchat":[]},"product_brand":[],"product_cat":[264],"product_tag":[568,573,1015,571],"class_list":{"0":"post-8050","1":"product","2":"type-product","3":"status-publish","4":"has-post-thumbnail","6":"product_cat-prunus","7":"product_tag-onderstam","8":"product_tag-pruim","9":"product_tag-rootstock","10":"product_tag-zwak-groeiend","12":"first","13":"outofstock","14":"taxable","15":"shipping-taxable","16":"purchasable","17":"product-type-simple"},"yoast_head":"<!-- This site is optimized with the Yoast SEO plugin v24.2 - https:\/\/yoast.com\/wordpress\/plugins\/seo\/ -->\n<title>Prunus domestica Krymsk 99 pbr 8mm+ entbaar kopen | Planten eenvoudig online bestellen | Schramas.com<\/title>\n<meta name=\"robots\" content=\"index, follow, max-snippet:-1, max-image-preview:large, max-video-preview:-1\" \/>\n<link rel=\"canonical\" href=\"https:\/\/www.schramas.com\/se\/butik\/prunus-domestica-krymsk-99-pbr-ympbar\/\" \/>\n<meta property=\"og:locale\" content=\"sv_SE\" \/>\n<meta property=\"og:type\" content=\"article\" \/>\n<meta property=\"og:title\" content=\"Prunus domestica Krymsk 99 pbr 8mm+ entbaar kopen | Planten eenvoudig online bestellen | Schramas.com\" \/>\n<meta property=\"og:description\" content=\"Sterkgroeiende winterharde onderstam geschikt voor pruim.\" \/>\n<meta property=\"og:url\" content=\"https:\/\/www.schramas.com\/se\/butik\/prunus-domestica-krymsk-99-pbr-ympbar\/\" \/>\n<meta property=\"og:site_name\" content=\"Planten eenvoudig online bestellen | Schramas.com\" \/>\n<meta property=\"article:publisher\" content=\"https:\/\/www.facebook.com\/Schramascom-106872874153195\/\" \/>\n<meta property=\"article:modified_time\" content=\"2026-02-19T09:34:32+00:00\" \/>\n<meta property=\"og:image\" content=\"http:\/\/www.schramas.com\/wp-content\/uploads\/2019\/11\/weiwa-e1574069059877-scaled.jpg\" \/>\n\t<meta property=\"og:image:width\" content=\"1920\" \/>\n\t<meta property=\"og:image:height\" content=\"2560\" \/>\n\t<meta property=\"og:image:type\" content=\"image\/jpeg\" \/>\n<meta name=\"twitter:card\" content=\"summary_large_image\" \/>\n<meta name=\"twitter:label1\" content=\"Ber\u00e4knad l\u00e4stid\" \/>\n\t<meta name=\"twitter:data1\" content=\"1 minut\" \/>\n<script type=\"application\/ld+json\" class=\"yoast-schema-graph\">{\"@context\":\"https:\/\/schema.org\",\"@graph\":[{\"@type\":[\"WebPage\",\"ItemPage\"],\"@id\":\"https:\/\/www.schramas.com\/winkel\/prunus-domestica-krymsk-99-pbr-entbaar\/\",\"url\":\"https:\/\/www.schramas.com\/winkel\/prunus-domestica-krymsk-99-pbr-entbaar\/\",\"name\":\"Prunus domestica Krymsk 99 pbr 8mm+ entbaar kopen | Planten eenvoudig online bestellen | Schramas.com\",\"isPartOf\":{\"@id\":\"https:\/\/www.schramas.com\/#website\"},\"primaryImageOfPage\":{\"@id\":\"https:\/\/www.schramas.com\/winkel\/prunus-domestica-krymsk-99-pbr-entbaar\/#primaryimage\"},\"image\":{\"@id\":\"https:\/\/www.schramas.com\/winkel\/prunus-domestica-krymsk-99-pbr-entbaar\/#primaryimage\"},\"thumbnailUrl\":\"https:\/\/www.schramas.com\/wp-content\/uploads\/2019\/11\/weiwa-e1574069059877-scaled.jpg\",\"datePublished\":\"2019-11-15T18:48:32+00:00\",\"dateModified\":\"2026-02-19T09:34:32+00:00\",\"breadcrumb\":{\"@id\":\"https:\/\/www.schramas.com\/winkel\/prunus-domestica-krymsk-99-pbr-entbaar\/#breadcrumb\"},\"inLanguage\":\"sv-SE\",\"potentialAction\":[{\"@type\":\"ReadAction\",\"target\":[\"https:\/\/www.schramas.com\/winkel\/prunus-domestica-krymsk-99-pbr-entbaar\/\"]}]},{\"@type\":\"ImageObject\",\"inLanguage\":\"sv-SE\",\"@id\":\"https:\/\/www.schramas.com\/winkel\/prunus-domestica-krymsk-99-pbr-entbaar\/#primaryimage\",\"url\":\"https:\/\/www.schramas.com\/wp-content\/uploads\/2019\/11\/weiwa-e1574069059877-scaled.jpg\",\"contentUrl\":\"https:\/\/www.schramas.com\/wp-content\/uploads\/2019\/11\/weiwa-e1574069059877-scaled.jpg\",\"width\":1920,\"height\":2560},{\"@type\":\"BreadcrumbList\",\"@id\":\"https:\/\/www.schramas.com\/winkel\/prunus-domestica-krymsk-99-pbr-entbaar\/#breadcrumb\",\"itemListElement\":[{\"@type\":\"ListItem\",\"position\":1,\"name\":\"Product\",\"item\":\"https:\/\/www.schramas.com\/assortiment\/\"},{\"@type\":\"ListItem\",\"position\":2,\"name\":\"Zelf kweken \/ Onderstammen\",\"item\":\"https:\/\/www.schramas.com\/product-category\/zelf-kweken\/\"},{\"@type\":\"ListItem\",\"position\":3,\"name\":\"Onderstammen voor pruimen, kersen, abrikozen, nectarines en perziken\",\"item\":\"https:\/\/www.schramas.com\/product-category\/zelf-kweken\/prunus\/\"},{\"@type\":\"ListItem\",\"position\":4,\"name\":\"Prunus domestica Krymsk 99 pbr 8mm+ entbaar\"}]},{\"@type\":\"WebSite\",\"@id\":\"https:\/\/www.schramas.com\/#website\",\"url\":\"https:\/\/www.schramas.com\/\",\"name\":\"Schramas.com | Tuinplanten eenvoudig online bestellen | Direct van onze Kwekerij\",\"description\":\"\",\"alternateName\":\"Schramas.com - Alle planten direct van de kweker\",\"potentialAction\":[{\"@type\":\"SearchAction\",\"target\":{\"@type\":\"EntryPoint\",\"urlTemplate\":\"https:\/\/www.schramas.com\/?s={search_term_string}\"},\"query-input\":{\"@type\":\"PropertyValueSpecification\",\"valueRequired\":true,\"valueName\":\"search_term_string\"}}],\"inLanguage\":\"sv-SE\"}]}<\/script>\n<!-- \/ Yoast SEO plugin. -->","yoast_head_json":{"title":"K\u00f6p Prunus domestica Krymsk 99 pbr 8mm+ ympbar | Best\u00e4ll enkelt v\u00e4xter online | Schramas.com","robots":{"index":"index","follow":"follow","max-snippet":"max-snippet:-1","max-image-preview":"max-image-preview:large","max-video-preview":"max-video-preview:-1"},"canonical":"https:\/\/www.schramas.com\/se\/butik\/prunus-domestica-krymsk-99-pbr-ympbar\/","og_locale":"sv_SE","og_type":"article","og_title":"Prunus domestica Krymsk 99 pbr 8mm+ entbaar kopen | Planten eenvoudig online bestellen | Schramas.com","og_description":"Sterkgroeiende winterharde onderstam geschikt voor pruim.","og_url":"https:\/\/www.schramas.com\/se\/butik\/prunus-domestica-krymsk-99-pbr-ympbar\/","og_site_name":"Planten eenvoudig online bestellen | Schramas.com","article_publisher":"https:\/\/www.facebook.com\/Schramascom-106872874153195\/","article_modified_time":"2026-02-19T09:34:32+00:00","og_image":[{"width":1920,"height":2560,"url":"http:\/\/www.schramas.com\/wp-content\/uploads\/2019\/11\/weiwa-e1574069059877-scaled.jpg","type":"image\/jpeg"}],"twitter_card":"summary_large_image","twitter_misc":{"Ber\u00e4knad l\u00e4stid":"1 minut"},"schema":{"@context":"https:\/\/schema.org","@graph":[{"@type":["WebPage","ItemPage"],"@id":"https:\/\/www.schramas.com\/winkel\/prunus-domestica-krymsk-99-pbr-entbaar\/","url":"https:\/\/www.schramas.com\/winkel\/prunus-domestica-krymsk-99-pbr-entbaar\/","name":"K\u00f6p Prunus domestica Krymsk 99 pbr 8mm+ ympbar | Best\u00e4ll enkelt v\u00e4xter online | Schramas.com","isPartOf":{"@id":"https:\/\/www.schramas.com\/#website"},"primaryImageOfPage":{"@id":"https:\/\/www.schramas.com\/winkel\/prunus-domestica-krymsk-99-pbr-entbaar\/#primaryimage"},"image":{"@id":"https:\/\/www.schramas.com\/winkel\/prunus-domestica-krymsk-99-pbr-entbaar\/#primaryimage"},"thumbnailUrl":"https:\/\/www.schramas.com\/wp-content\/uploads\/2019\/11\/weiwa-e1574069059877-scaled.jpg","datePublished":"2019-11-15T18:48:32+00:00","dateModified":"2026-02-19T09:34:32+00:00","breadcrumb":{"@id":"https:\/\/www.schramas.com\/winkel\/prunus-domestica-krymsk-99-pbr-entbaar\/#breadcrumb"},"inLanguage":"sv-SE","potentialAction":[{"@type":"ReadAction","target":["https:\/\/www.schramas.com\/winkel\/prunus-domestica-krymsk-99-pbr-entbaar\/"]}]},{"@type":"ImageObject","inLanguage":"sv-SE","@id":"https:\/\/www.schramas.com\/winkel\/prunus-domestica-krymsk-99-pbr-entbaar\/#primaryimage","url":"https:\/\/www.schramas.com\/wp-content\/uploads\/2019\/11\/weiwa-e1574069059877-scaled.jpg","contentUrl":"https:\/\/www.schramas.com\/wp-content\/uploads\/2019\/11\/weiwa-e1574069059877-scaled.jpg","width":1920,"height":2560},{"@type":"BreadcrumbList","@id":"https:\/\/www.schramas.com\/winkel\/prunus-domestica-krymsk-99-pbr-entbaar\/#breadcrumb","itemListElement":[{"@type":"ListItem","position":1,"name":"Product","item":"https:\/\/www.schramas.com\/assortiment\/"},{"@type":"ListItem","position":2,"name":"Zelf kweken \/ Onderstammen","item":"https:\/\/www.schramas.com\/product-category\/zelf-kweken\/"},{"@type":"ListItem","position":3,"name":"Onderstammen voor pruimen, kersen, abrikozen, nectarines en perziken","item":"https:\/\/www.schramas.com\/product-category\/zelf-kweken\/prunus\/"},{"@type":"ListItem","position":4,"name":"Prunus domestica Krymsk 99 pbr 8mm+ entbaar"}]},{"@type":"WebSite","@id":"https:\/\/www.schramas.com\/#website","url":"https:\/\/www.schramas.com\/","name":"Schramas.com | Tr\u00e4dg\u00e5rdsv\u00e4xter som enkelt kan best\u00e4llas online | Direkt fr\u00e5n v\u00e5r plantskola","description":"","alternateName":"Schramas.com - Alle planten direct van de kweker","potentialAction":[{"@type":"SearchAction","target":{"@type":"EntryPoint","urlTemplate":"https:\/\/www.schramas.com\/?s={search_term_string}"},"query-input":{"@type":"PropertyValueSpecification","valueRequired":true,"valueName":"search_term_string"}}],"inLanguage":"sv-SE"}]}},"_links":{"self":[{"href":"https:\/\/www.schramas.com\/se\/wp-json\/wp\/v2\/product\/8050","targetHints":{"allow":["GET"]}}],"collection":[{"href":"https:\/\/www.schramas.com\/se\/wp-json\/wp\/v2\/product"}],"about":[{"href":"https:\/\/www.schramas.com\/se\/wp-json\/wp\/v2\/types\/product"}],"version-history":[{"count":1,"href":"https:\/\/www.schramas.com\/se\/wp-json\/wp\/v2\/product\/8050\/revisions"}],"predecessor-version":[{"id":45133,"href":"https:\/\/www.schramas.com\/se\/wp-json\/wp\/v2\/product\/8050\/revisions\/45133"}],"wp:featuredmedia":[{"embeddable":true,"href":"https:\/\/www.schramas.com\/se\/wp-json\/wp\/v2\/media\/8092"}],"wp:attachment":[{"href":"https:\/\/www.schramas.com\/se\/wp-json\/wp\/v2\/media?parent=8050"}],"wp:term":[{"taxonomy":"product_brand","embeddable":true,"href":"https:\/\/www.schramas.com\/se\/wp-json\/wp\/v2\/product_brand?post=8050"},{"taxonomy":"product_cat","embeddable":true,"href":"https:\/\/www.schramas.com\/se\/wp-json\/wp\/v2\/product_cat?post=8050"},{"taxonomy":"product_tag","embeddable":true,"href":"https:\/\/www.schramas.com\/se\/wp-json\/wp\/v2\/product_tag?post=8050"}],"curies":[{"name":"wp","href":"https:\/\/api.w.org\/{rel}","templated":true}]}}