{"id":8201,"date":"2019-11-18T16:44:46","date_gmt":"2019-11-18T15:44:46","guid":{"rendered":"https:\/\/www.schramas.com\/?post_type=product&#038;p=8201"},"modified":"2026-05-01T12:25:17","modified_gmt":"2026-05-01T10:25:17","slug":"inbindningsmaterial","status":"publish","type":"product","link":"https:\/\/www.schramas.com\/se\/butik\/inbindningsmaterial\/","title":{"rendered":"Ymptejp f\u00f6r frukttr\u00e4d - 30 mm bred - sj\u00e4lvh\u00e4ftande - 100 m l\u00e5ng - tejp f\u00f6r ympning och oculering"},"content":{"rendered":"<p><strong>Sj\u00e4lvh\u00e4ftande tejp som kan anv\u00e4ndas f\u00f6r handdekoration, b\u00e5de utomhus och inomhus.<\/strong><\/p>\n<p>Enttape - den perfekta l\u00f6sningen f\u00f6r ympning och okulering av frukttr\u00e4d. Denna h\u00f6gkvalitativa tejp \u00e4r speciellt utformad f\u00f6r att hj\u00e4lpa till att f\u00e4sta ympsticklingar och ympkvistar, s\u00e5 att du kan ympa bekymmersfritt och fr\u00e4mja tillv\u00e4xtprocessen.<\/p>\n<p>Ymptejpen \u00e4r tillverkad av ett mjukt, elastiskt material och ger en fast, vattent\u00e4t f\u00f6rsegling som f\u00f6rhindrar uttorkning och infektion i ympleden. Dessutom \u00e4r tejpen l\u00e4tt att anv\u00e4nda och applicera p\u00e5 sticklingarnas sk\u00e4rytor.<\/p>\n<p>Investera i b\u00e4sta kvalitet f\u00f6r dina frukttr\u00e4d och best\u00e4ll v\u00e5r ymptejp nu. Perfekt f\u00f6r b\u00e5de professionella och amat\u00f6rtr\u00e4dg\u00e5rdsm\u00e4stare.<\/p>\n<p>M\u00e5tt: 100mx30mm<\/p>","protected":false},"excerpt":{"rendered":"<p>Sj\u00e4lvh\u00e4ftande tejp som kan anv\u00e4ndas f\u00f6r handdekoration, b\u00e5de utomhus och inomhus.<\/p>\n<p>M\u00e5tt: 100mx30mm<\/p>","protected":false},"featured_media":44680,"template":"","meta":{"_joinchat":[]},"product_brand":[],"product_cat":[137,144],"product_tag":[560,567,566,563],"class_list":{"0":"post-8201","1":"product","2":"type-product","3":"status-publish","4":"has-post-thumbnail","6":"product_cat-accessoires","7":"product_cat-bindmateriaal","8":"product_tag-enten","9":"product_tag-enttape","10":"product_tag-tape","11":"product_tag-veredelen","13":"first","14":"instock","15":"taxable","16":"shipping-taxable","17":"purchasable","18":"product-type-simple"},"yoast_head":"<!-- This site is optimized with the Yoast SEO plugin v24.2 - https:\/\/yoast.com\/wordpress\/plugins\/seo\/ -->\n<title>Fruitbomen enttape - 30mm breed - Zelfklevend - 100m lengte - tape voor enten en oculeren kopen | Planten eenvoudig online bestellen | Schramas.com<\/title>\n<meta name=\"robots\" content=\"index, follow, max-snippet:-1, max-image-preview:large, max-video-preview:-1\" \/>\n<link rel=\"canonical\" href=\"https:\/\/www.schramas.com\/se\/butik\/inbindningsmaterial\/\" \/>\n<meta property=\"og:locale\" content=\"sv_SE\" \/>\n<meta property=\"og:type\" content=\"article\" \/>\n<meta property=\"og:title\" content=\"Fruitbomen enttape - 30mm breed - Zelfklevend - 100m lengte - tape voor enten en oculeren kopen | Planten eenvoudig online bestellen | Schramas.com\" \/>\n<meta property=\"og:description\" content=\"Zelfklevende tape te gebruiken voor handveredelingen, zowel buiten als binnen.  Afmetingen: 100mx30mm\" \/>\n<meta property=\"og:url\" content=\"https:\/\/www.schramas.com\/se\/butik\/inbindningsmaterial\/\" \/>\n<meta property=\"og:site_name\" content=\"Planten eenvoudig online bestellen | Schramas.com\" \/>\n<meta property=\"article:publisher\" content=\"https:\/\/www.facebook.com\/Schramascom-106872874153195\/\" \/>\n<meta property=\"article:modified_time\" content=\"2026-05-01T10:25:17+00:00\" \/>\n<meta property=\"og:image\" content=\"http:\/\/www.schramas.com\/wp-content\/uploads\/2019\/11\/enttapesfeer2.jpg\" \/>\n\t<meta property=\"og:image:width\" content=\"1200\" \/>\n\t<meta property=\"og:image:height\" content=\"1200\" \/>\n\t<meta property=\"og:image:type\" content=\"image\/jpeg\" \/>\n<meta name=\"twitter:card\" content=\"summary_large_image\" \/>\n<meta name=\"twitter:label1\" content=\"Ber\u00e4knad l\u00e4stid\" \/>\n\t<meta name=\"twitter:data1\" content=\"1 minut\" \/>\n<script type=\"application\/ld+json\" class=\"yoast-schema-graph\">{\"@context\":\"https:\/\/schema.org\",\"@graph\":[{\"@type\":[\"WebPage\",\"ItemPage\"],\"@id\":\"https:\/\/www.schramas.com\/winkel\/bindmateriaal\/\",\"url\":\"https:\/\/www.schramas.com\/winkel\/bindmateriaal\/\",\"name\":\"Fruitbomen enttape - 30mm breed - Zelfklevend - 100m lengte - tape voor enten en oculeren kopen | Planten eenvoudig online bestellen | Schramas.com\",\"isPartOf\":{\"@id\":\"https:\/\/www.schramas.com\/#website\"},\"primaryImageOfPage\":{\"@id\":\"https:\/\/www.schramas.com\/winkel\/bindmateriaal\/#primaryimage\"},\"image\":{\"@id\":\"https:\/\/www.schramas.com\/winkel\/bindmateriaal\/#primaryimage\"},\"thumbnailUrl\":\"https:\/\/www.schramas.com\/wp-content\/uploads\/2019\/11\/enttapesfeer2.jpg\",\"datePublished\":\"2019-11-18T15:44:46+00:00\",\"dateModified\":\"2026-05-01T10:25:17+00:00\",\"breadcrumb\":{\"@id\":\"https:\/\/www.schramas.com\/winkel\/bindmateriaal\/#breadcrumb\"},\"inLanguage\":\"sv-SE\",\"potentialAction\":[{\"@type\":\"ReadAction\",\"target\":[\"https:\/\/www.schramas.com\/winkel\/bindmateriaal\/\"]}]},{\"@type\":\"ImageObject\",\"inLanguage\":\"sv-SE\",\"@id\":\"https:\/\/www.schramas.com\/winkel\/bindmateriaal\/#primaryimage\",\"url\":\"https:\/\/www.schramas.com\/wp-content\/uploads\/2019\/11\/enttapesfeer2.jpg\",\"contentUrl\":\"https:\/\/www.schramas.com\/wp-content\/uploads\/2019\/11\/enttapesfeer2.jpg\",\"width\":1200,\"height\":1200},{\"@type\":\"BreadcrumbList\",\"@id\":\"https:\/\/www.schramas.com\/winkel\/bindmateriaal\/#breadcrumb\",\"itemListElement\":[{\"@type\":\"ListItem\",\"position\":1,\"name\":\"Product\",\"item\":\"https:\/\/www.schramas.com\/assortiment\/\"},{\"@type\":\"ListItem\",\"position\":2,\"name\":\"Accessoires\",\"item\":\"https:\/\/www.schramas.com\/product-category\/accessoires\/\"},{\"@type\":\"ListItem\",\"position\":3,\"name\":\"Bindmateriaal\",\"item\":\"https:\/\/www.schramas.com\/product-category\/accessoires\/bindmateriaal\/\"},{\"@type\":\"ListItem\",\"position\":4,\"name\":\"Fruitbomen enttape &#8211; 30mm breed &#8211; Zelfklevend &#8211; 100m lengte &#8211; tape voor enten en oculeren\"}]},{\"@type\":\"WebSite\",\"@id\":\"https:\/\/www.schramas.com\/#website\",\"url\":\"https:\/\/www.schramas.com\/\",\"name\":\"Schramas.com | Tuinplanten eenvoudig online bestellen | Direct van onze Kwekerij\",\"description\":\"\",\"alternateName\":\"Schramas.com - Alle planten direct van de kweker\",\"potentialAction\":[{\"@type\":\"SearchAction\",\"target\":{\"@type\":\"EntryPoint\",\"urlTemplate\":\"https:\/\/www.schramas.com\/?s={search_term_string}\"},\"query-input\":{\"@type\":\"PropertyValueSpecification\",\"valueRequired\":true,\"valueName\":\"search_term_string\"}}],\"inLanguage\":\"sv-SE\"}]}<\/script>\n<!-- \/ Yoast SEO plugin. -->","yoast_head_json":{"title":"Ymptejp f\u00f6r frukttr\u00e4d - 30 mm bred - Sj\u00e4lvh\u00e4ftande - 100 m l\u00e4ngd - k\u00f6p tejp f\u00f6r ympning och oculering | K\u00f6p v\u00e4xter enkelt online | Schramas.com","robots":{"index":"index","follow":"follow","max-snippet":"max-snippet:-1","max-image-preview":"max-image-preview:large","max-video-preview":"max-video-preview:-1"},"canonical":"https:\/\/www.schramas.com\/se\/butik\/inbindningsmaterial\/","og_locale":"sv_SE","og_type":"article","og_title":"Fruitbomen enttape - 30mm breed - Zelfklevend - 100m lengte - tape voor enten en oculeren kopen | Planten eenvoudig online bestellen | Schramas.com","og_description":"Zelfklevende tape te gebruiken voor handveredelingen, zowel buiten als binnen.  Afmetingen: 100mx30mm","og_url":"https:\/\/www.schramas.com\/se\/butik\/inbindningsmaterial\/","og_site_name":"Planten eenvoudig online bestellen | Schramas.com","article_publisher":"https:\/\/www.facebook.com\/Schramascom-106872874153195\/","article_modified_time":"2026-05-01T10:25:17+00:00","og_image":[{"width":1200,"height":1200,"url":"http:\/\/www.schramas.com\/wp-content\/uploads\/2019\/11\/enttapesfeer2.jpg","type":"image\/jpeg"}],"twitter_card":"summary_large_image","twitter_misc":{"Ber\u00e4knad l\u00e4stid":"1 minut"},"schema":{"@context":"https:\/\/schema.org","@graph":[{"@type":["WebPage","ItemPage"],"@id":"https:\/\/www.schramas.com\/winkel\/bindmateriaal\/","url":"https:\/\/www.schramas.com\/winkel\/bindmateriaal\/","name":"Ymptejp f\u00f6r frukttr\u00e4d - 30 mm bred - Sj\u00e4lvh\u00e4ftande - 100 m l\u00e4ngd - k\u00f6p tejp f\u00f6r ympning och oculering | K\u00f6p v\u00e4xter enkelt online | Schramas.com","isPartOf":{"@id":"https:\/\/www.schramas.com\/#website"},"primaryImageOfPage":{"@id":"https:\/\/www.schramas.com\/winkel\/bindmateriaal\/#primaryimage"},"image":{"@id":"https:\/\/www.schramas.com\/winkel\/bindmateriaal\/#primaryimage"},"thumbnailUrl":"https:\/\/www.schramas.com\/wp-content\/uploads\/2019\/11\/enttapesfeer2.jpg","datePublished":"2019-11-18T15:44:46+00:00","dateModified":"2026-05-01T10:25:17+00:00","breadcrumb":{"@id":"https:\/\/www.schramas.com\/winkel\/bindmateriaal\/#breadcrumb"},"inLanguage":"sv-SE","potentialAction":[{"@type":"ReadAction","target":["https:\/\/www.schramas.com\/winkel\/bindmateriaal\/"]}]},{"@type":"ImageObject","inLanguage":"sv-SE","@id":"https:\/\/www.schramas.com\/winkel\/bindmateriaal\/#primaryimage","url":"https:\/\/www.schramas.com\/wp-content\/uploads\/2019\/11\/enttapesfeer2.jpg","contentUrl":"https:\/\/www.schramas.com\/wp-content\/uploads\/2019\/11\/enttapesfeer2.jpg","width":1200,"height":1200},{"@type":"BreadcrumbList","@id":"https:\/\/www.schramas.com\/winkel\/bindmateriaal\/#breadcrumb","itemListElement":[{"@type":"ListItem","position":1,"name":"Product","item":"https:\/\/www.schramas.com\/assortiment\/"},{"@type":"ListItem","position":2,"name":"Accessoires","item":"https:\/\/www.schramas.com\/product-category\/accessoires\/"},{"@type":"ListItem","position":3,"name":"Bindmateriaal","item":"https:\/\/www.schramas.com\/product-category\/accessoires\/bindmateriaal\/"},{"@type":"ListItem","position":4,"name":"Fruitbomen enttape &#8211; 30mm breed &#8211; Zelfklevend &#8211; 100m lengte &#8211; tape voor enten en oculeren"}]},{"@type":"WebSite","@id":"https:\/\/www.schramas.com\/#website","url":"https:\/\/www.schramas.com\/","name":"Schramas.com | Tr\u00e4dg\u00e5rdsv\u00e4xter som enkelt kan best\u00e4llas online | Direkt fr\u00e5n v\u00e5r plantskola","description":"","alternateName":"Schramas.com - Alle planten direct van de kweker","potentialAction":[{"@type":"SearchAction","target":{"@type":"EntryPoint","urlTemplate":"https:\/\/www.schramas.com\/?s={search_term_string}"},"query-input":{"@type":"PropertyValueSpecification","valueRequired":true,"valueName":"search_term_string"}}],"inLanguage":"sv-SE"}]}},"_links":{"self":[{"href":"https:\/\/www.schramas.com\/se\/wp-json\/wp\/v2\/product\/8201","targetHints":{"allow":["GET"]}}],"collection":[{"href":"https:\/\/www.schramas.com\/se\/wp-json\/wp\/v2\/product"}],"about":[{"href":"https:\/\/www.schramas.com\/se\/wp-json\/wp\/v2\/types\/product"}],"version-history":[{"count":1,"href":"https:\/\/www.schramas.com\/se\/wp-json\/wp\/v2\/product\/8201\/revisions"}],"predecessor-version":[{"id":42983,"href":"https:\/\/www.schramas.com\/se\/wp-json\/wp\/v2\/product\/8201\/revisions\/42983"}],"wp:featuredmedia":[{"embeddable":true,"href":"https:\/\/www.schramas.com\/se\/wp-json\/wp\/v2\/media\/44680"}],"wp:attachment":[{"href":"https:\/\/www.schramas.com\/se\/wp-json\/wp\/v2\/media?parent=8201"}],"wp:term":[{"taxonomy":"product_brand","embeddable":true,"href":"https:\/\/www.schramas.com\/se\/wp-json\/wp\/v2\/product_brand?post=8201"},{"taxonomy":"product_cat","embeddable":true,"href":"https:\/\/www.schramas.com\/se\/wp-json\/wp\/v2\/product_cat?post=8201"},{"taxonomy":"product_tag","embeddable":true,"href":"https:\/\/www.schramas.com\/se\/wp-json\/wp\/v2\/product_tag?post=8201"}],"curies":[{"name":"wp","href":"https:\/\/api.w.org\/{rel}","templated":true}]}}