{"id":9165,"date":"2020-03-02T11:30:28","date_gmt":"2020-03-02T10:30:28","guid":{"rendered":"https:\/\/www.schramas.com\/?post_type=product&#038;p=9165"},"modified":"2025-07-10T12:16:53","modified_gmt":"2025-07-10T10:16:53","slug":"sparris-officinalis-grolim-2-liters-gryta","status":"publish","type":"product","link":"https:\/\/www.schramas.com\/se\/butik\/sparris-officinalis-grolim-2-liters-gryta\/","title":{"rendered":"Asparagus officinalis 'Grolim' vit sparris, 2-liters kruka"},"content":{"rendered":"<p>Grolim trivs b\u00e4st p\u00e5 kraftiga jordar som \u00e4r v\u00e4ldr\u00e4nerade. Goda resultat uppn\u00e5s p\u00e5 b\u00e5de sand- och lerjord. Tomter med h\u00f6ga grundvattenniv\u00e5er eller k\u00e4nsliga f\u00f6r \u00f6versv\u00e4mning \u00e4r mindre l\u00e4mpliga. Under varma och v\u00e4xtf\u00f6rh\u00e5llanden producerar Grolim optimalt b\u00e5de vad g\u00e4ller kilo och kvalitet. Grolim \u00e4r idealisk f\u00f6r svart och vit foliebel\u00e4ggning eller anv\u00e4ndning av tidig t\u00e4ckfolie. M\u00e5nga praktiska erfarenheter har visat att det b\u00e4sta resultatet uppn\u00e5s med ett planteringsavst\u00e5nd p\u00e5 5 \u2013 8 plantor per m1. Med Grolim leder inte h\u00f6ga v\u00e4xtt\u00e4theter snabbt till tunna stj\u00e4lkar, generellt blir sorteringen mer enhetlig och sk\u00f6rden b\u00e4ttre vad g\u00e4ller kvalitet och kvantitet. Rekommenderat plantdjup \u00e4r 18 \u2013 20 cm. Produktens h\u00f6jd \u00e4r +\/_ 70 cm<\/p>","protected":false},"excerpt":{"rendered":"<p>Sparris officinalis &#039;Grolim&#039;<\/p>\n<p>Vit sparris<\/p>\n<p>F\u00e4rg: vit<\/p>\n<p>Max. h\u00f6jd 150 \u2013 200 cm<\/p>\n<p>S\u00f6ta \u00e4tbara tillv\u00e4xtskott.<\/p>\n<p>Vegetabilisk. Ger redan efter det andra \u00e5ret<\/p>\n<p>Leveransh\u00f6jd inkl kruka: 20 cm<\/p>\n<p>Plantan levereras i 2 liters kruka.<\/p>\n<p>Medeltidig sort med bra sk\u00f6rd.<\/p>","protected":false},"featured_media":13012,"template":"","meta":{"_joinchat":[]},"product_brand":[],"product_cat":[760,761],"product_tag":[722,723,724,520,726],"class_list":{"0":"post-9165","1":"product","2":"type-product","3":"status-publish","4":"has-post-thumbnail","6":"product_cat-asperges","7":"product_cat-lente","8":"product_tag-aspagus","9":"product_tag-asperge","10":"product_tag-groente","11":"product_tag-wit","12":"product_tag-zelf-kweken","14":"first","15":"outofstock","16":"taxable","17":"shipping-taxable","18":"purchasable","19":"product-type-simple"},"yoast_head":"<!-- This site is optimized with the Yoast SEO plugin v24.2 - https:\/\/yoast.com\/wordpress\/plugins\/seo\/ -->\n<title>Asparagus officinalis &#039;Grolim&#039; witte asperge, 2 liter pot kopen | Planten eenvoudig online bestellen | Schramas.com<\/title>\n<meta name=\"robots\" content=\"index, follow, max-snippet:-1, max-image-preview:large, max-video-preview:-1\" \/>\n<link rel=\"canonical\" href=\"https:\/\/www.schramas.com\/se\/butik\/sparris-officinalis-grolim-2-liters-gryta\/\" \/>\n<meta property=\"og:locale\" content=\"sv_SE\" \/>\n<meta property=\"og:type\" content=\"article\" \/>\n<meta property=\"og:title\" content=\"Asparagus officinalis &#039;Grolim&#039; witte asperge, 2 liter pot kopen | Planten eenvoudig online bestellen | Schramas.com\" \/>\n<meta property=\"og:description\" content=\"Asparagus officinalis &#039;Grolim&#039;  Witte asperge  Kleur: wit  Max. hoogte 150 - 200 cm  Zoete eetbare groeischeut.  Groente. In het 2e jaar al opbrengst  Leverhoogte incl. pot: 20 cm  Plant geleverd in 2 liter pot.  Middelvroeg soort met goede opbrengst.\" \/>\n<meta property=\"og:url\" content=\"https:\/\/www.schramas.com\/se\/butik\/sparris-officinalis-grolim-2-liters-gryta\/\" \/>\n<meta property=\"og:site_name\" content=\"Planten eenvoudig online bestellen | Schramas.com\" \/>\n<meta property=\"article:publisher\" content=\"https:\/\/www.facebook.com\/Schramascom-106872874153195\/\" \/>\n<meta property=\"article:modified_time\" content=\"2025-07-10T10:16:53+00:00\" \/>\n<meta property=\"og:image\" content=\"https:\/\/www.schramas.com\/wp-content\/uploads\/2020\/11\/Asparagus-Grolim-Schramas-met-cirkel.png\" \/>\n\t<meta property=\"og:image:width\" content=\"500\" \/>\n\t<meta property=\"og:image:height\" content=\"500\" \/>\n\t<meta property=\"og:image:type\" content=\"image\/png\" \/>\n<meta name=\"twitter:card\" content=\"summary_large_image\" \/>\n<meta name=\"twitter:label1\" content=\"Ber\u00e4knad l\u00e4stid\" \/>\n\t<meta name=\"twitter:data1\" content=\"1 minut\" \/>\n<script type=\"application\/ld+json\" class=\"yoast-schema-graph\">{\"@context\":\"https:\/\/schema.org\",\"@graph\":[{\"@type\":[\"WebPage\",\"ItemPage\"],\"@id\":\"https:\/\/www.schramas.com\/winkel\/asparagus-officinalis-grolim-2-liter-pot\/\",\"url\":\"https:\/\/www.schramas.com\/winkel\/asparagus-officinalis-grolim-2-liter-pot\/\",\"name\":\"Asparagus officinalis 'Grolim' witte asperge, 2 liter pot kopen | Planten eenvoudig online bestellen | Schramas.com\",\"isPartOf\":{\"@id\":\"https:\/\/www.schramas.com\/#website\"},\"primaryImageOfPage\":{\"@id\":\"https:\/\/www.schramas.com\/winkel\/asparagus-officinalis-grolim-2-liter-pot\/#primaryimage\"},\"image\":{\"@id\":\"https:\/\/www.schramas.com\/winkel\/asparagus-officinalis-grolim-2-liter-pot\/#primaryimage\"},\"thumbnailUrl\":\"https:\/\/www.schramas.com\/wp-content\/uploads\/2020\/11\/Asparagus-Grolim-Schramas-met-cirkel.png\",\"datePublished\":\"2020-03-02T10:30:28+00:00\",\"dateModified\":\"2025-07-10T10:16:53+00:00\",\"breadcrumb\":{\"@id\":\"https:\/\/www.schramas.com\/winkel\/asparagus-officinalis-grolim-2-liter-pot\/#breadcrumb\"},\"inLanguage\":\"sv-SE\",\"potentialAction\":[{\"@type\":\"ReadAction\",\"target\":[\"https:\/\/www.schramas.com\/winkel\/asparagus-officinalis-grolim-2-liter-pot\/\"]}]},{\"@type\":\"ImageObject\",\"inLanguage\":\"sv-SE\",\"@id\":\"https:\/\/www.schramas.com\/winkel\/asparagus-officinalis-grolim-2-liter-pot\/#primaryimage\",\"url\":\"https:\/\/www.schramas.com\/wp-content\/uploads\/2020\/11\/Asparagus-Grolim-Schramas-met-cirkel.png\",\"contentUrl\":\"https:\/\/www.schramas.com\/wp-content\/uploads\/2020\/11\/Asparagus-Grolim-Schramas-met-cirkel.png\",\"width\":500,\"height\":500},{\"@type\":\"BreadcrumbList\",\"@id\":\"https:\/\/www.schramas.com\/winkel\/asparagus-officinalis-grolim-2-liter-pot\/#breadcrumb\",\"itemListElement\":[{\"@type\":\"ListItem\",\"position\":1,\"name\":\"Product\",\"item\":\"https:\/\/www.schramas.com\/assortiment\/\"},{\"@type\":\"ListItem\",\"position\":2,\"name\":\"Asperges\",\"item\":\"https:\/\/www.schramas.com\/sv\/produktkategori\/sparris\/\"},{\"@type\":\"ListItem\",\"position\":3,\"name\":\"Asparagus officinalis &#8216;Grolim&#8217; witte asperge, 2 liter pot\"}]},{\"@type\":\"WebSite\",\"@id\":\"https:\/\/www.schramas.com\/#website\",\"url\":\"https:\/\/www.schramas.com\/\",\"name\":\"Schramas.com | Tuinplanten eenvoudig online bestellen | Direct van onze Kwekerij\",\"description\":\"\",\"alternateName\":\"Schramas.com - Alle planten direct van de kweker\",\"potentialAction\":[{\"@type\":\"SearchAction\",\"target\":{\"@type\":\"EntryPoint\",\"urlTemplate\":\"https:\/\/www.schramas.com\/?s={search_term_string}\"},\"query-input\":{\"@type\":\"PropertyValueSpecification\",\"valueRequired\":true,\"valueName\":\"search_term_string\"}}],\"inLanguage\":\"sv-SE\"}]}<\/script>\n<!-- \/ Yoast SEO plugin. -->","yoast_head_json":{"title":"K\u00f6p Asparagus officinalis &#039;Grolim&#039; vit sparris, 2 liters kastrull | Best\u00e4ll enkelt v\u00e4xter online | Schramas.com","robots":{"index":"index","follow":"follow","max-snippet":"max-snippet:-1","max-image-preview":"max-image-preview:large","max-video-preview":"max-video-preview:-1"},"canonical":"https:\/\/www.schramas.com\/se\/butik\/sparris-officinalis-grolim-2-liters-gryta\/","og_locale":"sv_SE","og_type":"article","og_title":"Asparagus officinalis 'Grolim' witte asperge, 2 liter pot kopen | Planten eenvoudig online bestellen | Schramas.com","og_description":"Asparagus officinalis 'Grolim'  Witte asperge  Kleur: wit  Max. hoogte 150 - 200 cm  Zoete eetbare groeischeut.  Groente. In het 2e jaar al opbrengst  Leverhoogte incl. pot: 20 cm  Plant geleverd in 2 liter pot.  Middelvroeg soort met goede opbrengst.","og_url":"https:\/\/www.schramas.com\/se\/butik\/sparris-officinalis-grolim-2-liters-gryta\/","og_site_name":"Planten eenvoudig online bestellen | Schramas.com","article_publisher":"https:\/\/www.facebook.com\/Schramascom-106872874153195\/","article_modified_time":"2025-07-10T10:16:53+00:00","og_image":[{"width":500,"height":500,"url":"https:\/\/www.schramas.com\/wp-content\/uploads\/2020\/11\/Asparagus-Grolim-Schramas-met-cirkel.png","type":"image\/png"}],"twitter_card":"summary_large_image","twitter_misc":{"Ber\u00e4knad l\u00e4stid":"1 minut"},"schema":{"@context":"https:\/\/schema.org","@graph":[{"@type":["WebPage","ItemPage"],"@id":"https:\/\/www.schramas.com\/winkel\/asparagus-officinalis-grolim-2-liter-pot\/","url":"https:\/\/www.schramas.com\/winkel\/asparagus-officinalis-grolim-2-liter-pot\/","name":"K\u00f6p Asparagus officinalis &#039;Grolim&#039; vit sparris, 2 liters kastrull | Best\u00e4ll enkelt v\u00e4xter online | Schramas.com","isPartOf":{"@id":"https:\/\/www.schramas.com\/#website"},"primaryImageOfPage":{"@id":"https:\/\/www.schramas.com\/winkel\/asparagus-officinalis-grolim-2-liter-pot\/#primaryimage"},"image":{"@id":"https:\/\/www.schramas.com\/winkel\/asparagus-officinalis-grolim-2-liter-pot\/#primaryimage"},"thumbnailUrl":"https:\/\/www.schramas.com\/wp-content\/uploads\/2020\/11\/Asparagus-Grolim-Schramas-met-cirkel.png","datePublished":"2020-03-02T10:30:28+00:00","dateModified":"2025-07-10T10:16:53+00:00","breadcrumb":{"@id":"https:\/\/www.schramas.com\/winkel\/asparagus-officinalis-grolim-2-liter-pot\/#breadcrumb"},"inLanguage":"sv-SE","potentialAction":[{"@type":"ReadAction","target":["https:\/\/www.schramas.com\/winkel\/asparagus-officinalis-grolim-2-liter-pot\/"]}]},{"@type":"ImageObject","inLanguage":"sv-SE","@id":"https:\/\/www.schramas.com\/winkel\/asparagus-officinalis-grolim-2-liter-pot\/#primaryimage","url":"https:\/\/www.schramas.com\/wp-content\/uploads\/2020\/11\/Asparagus-Grolim-Schramas-met-cirkel.png","contentUrl":"https:\/\/www.schramas.com\/wp-content\/uploads\/2020\/11\/Asparagus-Grolim-Schramas-met-cirkel.png","width":500,"height":500},{"@type":"BreadcrumbList","@id":"https:\/\/www.schramas.com\/winkel\/asparagus-officinalis-grolim-2-liter-pot\/#breadcrumb","itemListElement":[{"@type":"ListItem","position":1,"name":"Product","item":"https:\/\/www.schramas.com\/assortiment\/"},{"@type":"ListItem","position":2,"name":"Asperges","item":"https:\/\/www.schramas.com\/sv\/produktkategori\/sparris\/"},{"@type":"ListItem","position":3,"name":"Asparagus officinalis &#8216;Grolim&#8217; witte asperge, 2 liter pot"}]},{"@type":"WebSite","@id":"https:\/\/www.schramas.com\/#website","url":"https:\/\/www.schramas.com\/","name":"Schramas.com | Tr\u00e4dg\u00e5rdsv\u00e4xter som enkelt kan best\u00e4llas online | Direkt fr\u00e5n v\u00e5r plantskola","description":"","alternateName":"Schramas.com - Alle planten direct van de kweker","potentialAction":[{"@type":"SearchAction","target":{"@type":"EntryPoint","urlTemplate":"https:\/\/www.schramas.com\/?s={search_term_string}"},"query-input":{"@type":"PropertyValueSpecification","valueRequired":true,"valueName":"search_term_string"}}],"inLanguage":"sv-SE"}]}},"_links":{"self":[{"href":"https:\/\/www.schramas.com\/se\/wp-json\/wp\/v2\/product\/9165","targetHints":{"allow":["GET"]}}],"collection":[{"href":"https:\/\/www.schramas.com\/se\/wp-json\/wp\/v2\/product"}],"about":[{"href":"https:\/\/www.schramas.com\/se\/wp-json\/wp\/v2\/types\/product"}],"version-history":[{"count":0,"href":"https:\/\/www.schramas.com\/se\/wp-json\/wp\/v2\/product\/9165\/revisions"}],"wp:featuredmedia":[{"embeddable":true,"href":"https:\/\/www.schramas.com\/se\/wp-json\/wp\/v2\/media\/13012"}],"wp:attachment":[{"href":"https:\/\/www.schramas.com\/se\/wp-json\/wp\/v2\/media?parent=9165"}],"wp:term":[{"taxonomy":"product_brand","embeddable":true,"href":"https:\/\/www.schramas.com\/se\/wp-json\/wp\/v2\/product_brand?post=9165"},{"taxonomy":"product_cat","embeddable":true,"href":"https:\/\/www.schramas.com\/se\/wp-json\/wp\/v2\/product_cat?post=9165"},{"taxonomy":"product_tag","embeddable":true,"href":"https:\/\/www.schramas.com\/se\/wp-json\/wp\/v2\/product_tag?post=9165"}],"curies":[{"name":"wp","href":"https:\/\/api.w.org\/{rel}","templated":true}]}}