{"id":9176,"date":"2020-03-02T12:23:28","date_gmt":"2020-03-02T11:23:28","guid":{"rendered":"https:\/\/www.schramas.com\/?post_type=product&#038;p=9176"},"modified":"2026-03-26T16:33:46","modified_gmt":"2026-03-26T15:33:46","slug":"rubus-boysenberry-2-liters-gryta","status":"publish","type":"product","link":"https:\/\/www.schramas.com\/se\/butik\/rubus-boysenberry-2-liters-gryta\/","title":{"rendered":"Rubus Boysenberry, hybrid hallon &amp; bj\u00f6rnb\u00e4r, 2-liters kruka"},"content":{"rendered":"<p>Rubus Boysenberry \u00e4r en speciell v\u00e4xt: en korsning mellan ett bj\u00f6rnb\u00e4r och hallon! Kalla det vad du vill, hallon eller bj\u00f6rnb\u00e4r. Frukterna har f\u00e4rgen som ett bj\u00f6rnb\u00e4r men \u00e4r s\u00f6tare och st\u00f6rre \u00e4n bj\u00f6rnb\u00e4r. V\u00e4xten gillar en solig plats och ger frukt fr\u00e5n augusti till frost.<\/p>","protected":false},"excerpt":{"rendered":"<p>Rubus Boysenberry<\/p>\n<p>Bj\u00f6rnb\u00e4r-hallon: Boysonberry<\/p>\n<p>F\u00e4rg: svart<\/p>\n<p>Utbyte: stor, s\u00f6t frukt<\/p>\n<p>Hardy<\/p>\n<p>Max. h\u00f6jd ca 150-200 cm<\/p>\n<p>Taggl\u00f6s buske<\/p>\n<p>V\u00e4xten levereras i en 2-liters kruka<\/p>","protected":false},"featured_media":9177,"template":"","meta":{"_joinchat":[]},"product_brand":[],"product_cat":[234,294],"product_tag":[728,729,727,730,595],"class_list":{"0":"post-9176","1":"product","2":"type-product","3":"status-publish","4":"has-post-thumbnail","6":"product_cat-fruitstruiken","7":"product_cat-specials","8":"product_tag-boysonberry","9":"product_tag-boysonbes","10":"product_tag-braam-framboos","11":"product_tag-doornloos","12":"product_tag-zacht-fruit","14":"first","15":"outofstock","16":"taxable","17":"shipping-taxable","18":"purchasable","19":"product-type-simple"},"yoast_head":"<!-- This site is optimized with the Yoast SEO plugin v24.2 - https:\/\/yoast.com\/wordpress\/plugins\/seo\/ -->\n<title>Rubus Boysenberry, kruising framboos &amp; braam, 2 liter pot kopen | Planten eenvoudig online bestellen | Schramas.com<\/title>\n<meta name=\"robots\" content=\"index, follow, max-snippet:-1, max-image-preview:large, max-video-preview:-1\" \/>\n<link rel=\"canonical\" href=\"https:\/\/www.schramas.com\/se\/butik\/rubus-boysenberry-2-liters-gryta\/\" \/>\n<meta property=\"og:locale\" content=\"sv_SE\" \/>\n<meta property=\"og:type\" content=\"article\" \/>\n<meta property=\"og:title\" content=\"Rubus Boysenberry, kruising framboos &amp; braam, 2 liter pot kopen | Planten eenvoudig online bestellen | Schramas.com\" \/>\n<meta property=\"og:description\" content=\"Rubus Boysenberry  Braam-framboos: Boysonbes  Kleur: zwart  Opbrengst: groot, zoet fruit  Winterhard  Max. hoogte circa 150-200 cm  Doornloze struik  Plant wordt geleverd in 2 liter pot\" \/>\n<meta property=\"og:url\" content=\"https:\/\/www.schramas.com\/se\/butik\/rubus-boysenberry-2-liters-gryta\/\" \/>\n<meta property=\"og:site_name\" content=\"Planten eenvoudig online bestellen | Schramas.com\" \/>\n<meta property=\"article:publisher\" content=\"https:\/\/www.facebook.com\/Schramascom-106872874153195\/\" \/>\n<meta property=\"article:modified_time\" content=\"2026-03-26T15:33:46+00:00\" \/>\n<meta property=\"og:image\" content=\"https:\/\/www.schramas.com\/wp-content\/uploads\/2020\/03\/boysenberry.jpg\" \/>\n\t<meta property=\"og:image:width\" content=\"275\" \/>\n\t<meta property=\"og:image:height\" content=\"183\" \/>\n\t<meta property=\"og:image:type\" content=\"image\/jpeg\" \/>\n<meta name=\"twitter:card\" content=\"summary_large_image\" \/>\n<script type=\"application\/ld+json\" class=\"yoast-schema-graph\">{\"@context\":\"https:\/\/schema.org\",\"@graph\":[{\"@type\":[\"WebPage\",\"ItemPage\"],\"@id\":\"https:\/\/www.schramas.com\/winkel\/rubus-boysenberry-2-liter-pot\/\",\"url\":\"https:\/\/www.schramas.com\/winkel\/rubus-boysenberry-2-liter-pot\/\",\"name\":\"Rubus Boysenberry, kruising framboos & braam, 2 liter pot kopen | Planten eenvoudig online bestellen | Schramas.com\",\"isPartOf\":{\"@id\":\"https:\/\/www.schramas.com\/#website\"},\"primaryImageOfPage\":{\"@id\":\"https:\/\/www.schramas.com\/winkel\/rubus-boysenberry-2-liter-pot\/#primaryimage\"},\"image\":{\"@id\":\"https:\/\/www.schramas.com\/winkel\/rubus-boysenberry-2-liter-pot\/#primaryimage\"},\"thumbnailUrl\":\"https:\/\/www.schramas.com\/wp-content\/uploads\/2020\/03\/boysenberry.jpg\",\"datePublished\":\"2020-03-02T11:23:28+00:00\",\"dateModified\":\"2026-03-26T15:33:46+00:00\",\"breadcrumb\":{\"@id\":\"https:\/\/www.schramas.com\/winkel\/rubus-boysenberry-2-liter-pot\/#breadcrumb\"},\"inLanguage\":\"sv-SE\",\"potentialAction\":[{\"@type\":\"ReadAction\",\"target\":[\"https:\/\/www.schramas.com\/winkel\/rubus-boysenberry-2-liter-pot\/\"]}]},{\"@type\":\"ImageObject\",\"inLanguage\":\"sv-SE\",\"@id\":\"https:\/\/www.schramas.com\/winkel\/rubus-boysenberry-2-liter-pot\/#primaryimage\",\"url\":\"https:\/\/www.schramas.com\/wp-content\/uploads\/2020\/03\/boysenberry.jpg\",\"contentUrl\":\"https:\/\/www.schramas.com\/wp-content\/uploads\/2020\/03\/boysenberry.jpg\",\"width\":275,\"height\":183},{\"@type\":\"BreadcrumbList\",\"@id\":\"https:\/\/www.schramas.com\/winkel\/rubus-boysenberry-2-liter-pot\/#breadcrumb\",\"itemListElement\":[{\"@type\":\"ListItem\",\"position\":1,\"name\":\"Product\",\"item\":\"https:\/\/www.schramas.com\/assortiment\/\"},{\"@type\":\"ListItem\",\"position\":2,\"name\":\"Bomen &amp; Struiken\",\"item\":\"https:\/\/www.schramas.com\/product-category\/bomen-struiken\/\"},{\"@type\":\"ListItem\",\"position\":3,\"name\":\"Specials\",\"item\":\"https:\/\/www.schramas.com\/product-category\/bomen-struiken\/specials\/\"},{\"@type\":\"ListItem\",\"position\":4,\"name\":\"Rubus Boysenberry, kruising framboos &#038; braam, 2 liter pot\"}]},{\"@type\":\"WebSite\",\"@id\":\"https:\/\/www.schramas.com\/#website\",\"url\":\"https:\/\/www.schramas.com\/\",\"name\":\"Schramas.com | Tuinplanten eenvoudig online bestellen | Direct van onze Kwekerij\",\"description\":\"\",\"alternateName\":\"Schramas.com - Alle planten direct van de kweker\",\"potentialAction\":[{\"@type\":\"SearchAction\",\"target\":{\"@type\":\"EntryPoint\",\"urlTemplate\":\"https:\/\/www.schramas.com\/?s={search_term_string}\"},\"query-input\":{\"@type\":\"PropertyValueSpecification\",\"valueRequired\":true,\"valueName\":\"search_term_string\"}}],\"inLanguage\":\"sv-SE\"}]}<\/script>\n<!-- \/ Yoast SEO plugin. -->","yoast_head_json":{"title":"K\u00f6p Rubus Boysenb\u00e4r, korsning hallon &amp; bj\u00f6rnb\u00e4r, 2 liters kruka | Best\u00e4ll enkelt v\u00e4xter online | Schramas.com","robots":{"index":"index","follow":"follow","max-snippet":"max-snippet:-1","max-image-preview":"max-image-preview:large","max-video-preview":"max-video-preview:-1"},"canonical":"https:\/\/www.schramas.com\/se\/butik\/rubus-boysenberry-2-liters-gryta\/","og_locale":"sv_SE","og_type":"article","og_title":"Rubus Boysenberry, kruising framboos & braam, 2 liter pot kopen | Planten eenvoudig online bestellen | Schramas.com","og_description":"Rubus Boysenberry  Braam-framboos: Boysonbes  Kleur: zwart  Opbrengst: groot, zoet fruit  Winterhard  Max. hoogte circa 150-200 cm  Doornloze struik  Plant wordt geleverd in 2 liter pot","og_url":"https:\/\/www.schramas.com\/se\/butik\/rubus-boysenberry-2-liters-gryta\/","og_site_name":"Planten eenvoudig online bestellen | Schramas.com","article_publisher":"https:\/\/www.facebook.com\/Schramascom-106872874153195\/","article_modified_time":"2026-03-26T15:33:46+00:00","og_image":[{"width":275,"height":183,"url":"https:\/\/www.schramas.com\/wp-content\/uploads\/2020\/03\/boysenberry.jpg","type":"image\/jpeg"}],"twitter_card":"summary_large_image","schema":{"@context":"https:\/\/schema.org","@graph":[{"@type":["WebPage","ItemPage"],"@id":"https:\/\/www.schramas.com\/winkel\/rubus-boysenberry-2-liter-pot\/","url":"https:\/\/www.schramas.com\/winkel\/rubus-boysenberry-2-liter-pot\/","name":"K\u00f6p Rubus Boysenb\u00e4r, korsning hallon &amp; bj\u00f6rnb\u00e4r, 2 liters kruka | Best\u00e4ll enkelt v\u00e4xter online | Schramas.com","isPartOf":{"@id":"https:\/\/www.schramas.com\/#website"},"primaryImageOfPage":{"@id":"https:\/\/www.schramas.com\/winkel\/rubus-boysenberry-2-liter-pot\/#primaryimage"},"image":{"@id":"https:\/\/www.schramas.com\/winkel\/rubus-boysenberry-2-liter-pot\/#primaryimage"},"thumbnailUrl":"https:\/\/www.schramas.com\/wp-content\/uploads\/2020\/03\/boysenberry.jpg","datePublished":"2020-03-02T11:23:28+00:00","dateModified":"2026-03-26T15:33:46+00:00","breadcrumb":{"@id":"https:\/\/www.schramas.com\/winkel\/rubus-boysenberry-2-liter-pot\/#breadcrumb"},"inLanguage":"sv-SE","potentialAction":[{"@type":"ReadAction","target":["https:\/\/www.schramas.com\/winkel\/rubus-boysenberry-2-liter-pot\/"]}]},{"@type":"ImageObject","inLanguage":"sv-SE","@id":"https:\/\/www.schramas.com\/winkel\/rubus-boysenberry-2-liter-pot\/#primaryimage","url":"https:\/\/www.schramas.com\/wp-content\/uploads\/2020\/03\/boysenberry.jpg","contentUrl":"https:\/\/www.schramas.com\/wp-content\/uploads\/2020\/03\/boysenberry.jpg","width":275,"height":183},{"@type":"BreadcrumbList","@id":"https:\/\/www.schramas.com\/winkel\/rubus-boysenberry-2-liter-pot\/#breadcrumb","itemListElement":[{"@type":"ListItem","position":1,"name":"Product","item":"https:\/\/www.schramas.com\/assortiment\/"},{"@type":"ListItem","position":2,"name":"Bomen &amp; Struiken","item":"https:\/\/www.schramas.com\/product-category\/bomen-struiken\/"},{"@type":"ListItem","position":3,"name":"Specials","item":"https:\/\/www.schramas.com\/product-category\/bomen-struiken\/specials\/"},{"@type":"ListItem","position":4,"name":"Rubus Boysenberry, kruising framboos &#038; braam, 2 liter pot"}]},{"@type":"WebSite","@id":"https:\/\/www.schramas.com\/#website","url":"https:\/\/www.schramas.com\/","name":"Schramas.com | Tr\u00e4dg\u00e5rdsv\u00e4xter som enkelt kan best\u00e4llas online | Direkt fr\u00e5n v\u00e5r plantskola","description":"","alternateName":"Schramas.com - Alle planten direct van de kweker","potentialAction":[{"@type":"SearchAction","target":{"@type":"EntryPoint","urlTemplate":"https:\/\/www.schramas.com\/?s={search_term_string}"},"query-input":{"@type":"PropertyValueSpecification","valueRequired":true,"valueName":"search_term_string"}}],"inLanguage":"sv-SE"}]}},"_links":{"self":[{"href":"https:\/\/www.schramas.com\/se\/wp-json\/wp\/v2\/product\/9176","targetHints":{"allow":["GET"]}}],"collection":[{"href":"https:\/\/www.schramas.com\/se\/wp-json\/wp\/v2\/product"}],"about":[{"href":"https:\/\/www.schramas.com\/se\/wp-json\/wp\/v2\/types\/product"}],"version-history":[{"count":0,"href":"https:\/\/www.schramas.com\/se\/wp-json\/wp\/v2\/product\/9176\/revisions"}],"wp:featuredmedia":[{"embeddable":true,"href":"https:\/\/www.schramas.com\/se\/wp-json\/wp\/v2\/media\/9177"}],"wp:attachment":[{"href":"https:\/\/www.schramas.com\/se\/wp-json\/wp\/v2\/media?parent=9176"}],"wp:term":[{"taxonomy":"product_brand","embeddable":true,"href":"https:\/\/www.schramas.com\/se\/wp-json\/wp\/v2\/product_brand?post=9176"},{"taxonomy":"product_cat","embeddable":true,"href":"https:\/\/www.schramas.com\/se\/wp-json\/wp\/v2\/product_cat?post=9176"},{"taxonomy":"product_tag","embeddable":true,"href":"https:\/\/www.schramas.com\/se\/wp-json\/wp\/v2\/product_tag?post=9176"}],"curies":[{"name":"wp","href":"https:\/\/api.w.org\/{rel}","templated":true}]}}