{"id":9346,"date":"2020-03-25T16:16:40","date_gmt":"2020-03-25T15:16:40","guid":{"rendered":"https:\/\/www.schramas.com\/?post_type=product&#038;p=9346"},"modified":"2026-03-26T16:33:56","modified_gmt":"2026-03-26T15:33:56","slug":"ribes-rubrum-vit-hollander-2-liter-kruka","status":"publish","type":"product","link":"https:\/\/www.schramas.com\/se\/butik\/ribes-rubrum-vit-hollander-2-liter-kruka\/","title":{"rendered":"Ribes rubrum 'White Dutchman', vita vinb\u00e4r, 2 liter kruka"},"content":{"rendered":"<p>Denna sort \u00e4r en av de \u00e4ldsta vinb\u00e4rssorterna. Den v\u00e4xer snabbt och har de godaste b\u00e4ren och h\u00f6g avkastning. B\u00e4ren mognar tidigt (ofta redan i juli) och \u00e4r s\u00f6tare \u00e4n r\u00f6da vinb\u00e4r. Ju mer sol desto s\u00f6tare b\u00e4r.<\/p>","protected":false},"excerpt":{"rendered":"<p>Ribes rubrum 'Vit holl\u00e4ndare'<\/p>\n<p>Vita vinb\u00e4r.<\/p>\n<p>Smaka friskt s\u00f6tt<\/p>\n<p>Fruktens f\u00e4rg gulvit (gulare beroende p\u00e5 antalet soltimmar)<\/p>\n<p>Max h\u00f6jd: 1,75 meter<\/p>\n<p>L\u00e4mplig f\u00f6r b\u00e5de uteplats och \u00f6ppen mark.<\/p>\n<p>Sj\u00e4lvpollinerande.<\/p>\n<p>Hardy<\/p>\n<p>Leveransh\u00f6jd inkl. kruka: +\/_50 cm<\/p>\n<p>Krukstorlek: 2 liter.<\/p>","protected":false},"featured_media":12488,"template":"","meta":{"_joinchat":[]},"product_brand":[],"product_cat":[41],"product_tag":[646,603,598,351,649,648,316],"class_list":{"0":"post-9346","1":"product","2":"type-product","3":"status-publish","4":"has-post-thumbnail","6":"product_cat-aalbessen","7":"product_tag-aalbes","8":"product_tag-bessen","9":"product_tag-ribes","10":"product_tag-winterhard","11":"product_tag-witte-bes","12":"product_tag-witte-hollander","13":"product_tag-zelfbestuivend","14":"pa_bloeimaanden-mei","15":"pa_bloeimaanden-juni","16":"pa_ewd_uwcf_colors-wit","17":"pa_groeihoogte-150-200-cm","18":"pa_pot-9-cm-pot","20":"first","21":"instock","22":"taxable","23":"shipping-taxable","24":"purchasable","25":"product-type-simple"},"yoast_head":"<!-- This site is optimized with the Yoast SEO plugin v24.2 - https:\/\/yoast.com\/wordpress\/plugins\/seo\/ -->\n<title>Ribes rubrum &#039;Witte Hollander&#039;, witte aalbes, 2 liter pot kopen | Planten eenvoudig online bestellen | Schramas.com<\/title>\n<meta name=\"robots\" content=\"index, follow, max-snippet:-1, max-image-preview:large, max-video-preview:-1\" \/>\n<link rel=\"canonical\" href=\"https:\/\/www.schramas.com\/se\/butik\/ribes-rubrum-vit-hollander-2-liter-kruka\/\" \/>\n<meta property=\"og:locale\" content=\"sv_SE\" \/>\n<meta property=\"og:type\" content=\"article\" \/>\n<meta property=\"og:title\" content=\"Ribes rubrum &#039;Witte Hollander&#039;, witte aalbes, 2 liter pot kopen | Planten eenvoudig online bestellen | Schramas.com\" \/>\n<meta property=\"og:description\" content=\"Ribes rubrum &#039;Witte Hollander&#039;  Witte aalbes.  Smaak fris zoet  Kleur vrucht geel wit ( geler naar gelang het aantal zonuren)  Hoogte max: 1,75 meter  Geschikt voor zowel patio als volle grond.  Zelf bestuivend.  Winterhard  Leverhoogte incl. pot: +\/_50 cm  Pot maat: 2 liter.\" \/>\n<meta property=\"og:url\" content=\"https:\/\/www.schramas.com\/se\/butik\/ribes-rubrum-vit-hollander-2-liter-kruka\/\" \/>\n<meta property=\"og:site_name\" content=\"Planten eenvoudig online bestellen | Schramas.com\" \/>\n<meta property=\"article:publisher\" content=\"https:\/\/www.facebook.com\/Schramascom-106872874153195\/\" \/>\n<meta property=\"article:modified_time\" content=\"2026-03-26T15:33:56+00:00\" \/>\n<meta property=\"og:image\" content=\"http:\/\/www.schramas.com\/wp-content\/uploads\/2020\/10\/Ribes-rubrum-Witte-Hollander-fruit-scaled.jpg\" \/>\n\t<meta property=\"og:image:width\" content=\"2560\" \/>\n\t<meta property=\"og:image:height\" content=\"1440\" \/>\n\t<meta property=\"og:image:type\" content=\"image\/jpeg\" \/>\n<meta name=\"twitter:card\" content=\"summary_large_image\" \/>\n<script type=\"application\/ld+json\" class=\"yoast-schema-graph\">{\"@context\":\"https:\/\/schema.org\",\"@graph\":[{\"@type\":[\"WebPage\",\"ItemPage\"],\"@id\":\"https:\/\/www.schramas.com\/winkel\/ribes-rubrum-witte-hollander-2-liter-pot\/\",\"url\":\"https:\/\/www.schramas.com\/winkel\/ribes-rubrum-witte-hollander-2-liter-pot\/\",\"name\":\"Ribes rubrum 'Witte Hollander', witte aalbes, 2 liter pot kopen | Planten eenvoudig online bestellen | Schramas.com\",\"isPartOf\":{\"@id\":\"https:\/\/www.schramas.com\/#website\"},\"primaryImageOfPage\":{\"@id\":\"https:\/\/www.schramas.com\/winkel\/ribes-rubrum-witte-hollander-2-liter-pot\/#primaryimage\"},\"image\":{\"@id\":\"https:\/\/www.schramas.com\/winkel\/ribes-rubrum-witte-hollander-2-liter-pot\/#primaryimage\"},\"thumbnailUrl\":\"https:\/\/www.schramas.com\/wp-content\/uploads\/2020\/10\/Ribes-rubrum-Witte-Hollander-fruit-scaled.jpg\",\"datePublished\":\"2020-03-25T15:16:40+00:00\",\"dateModified\":\"2026-03-26T15:33:56+00:00\",\"breadcrumb\":{\"@id\":\"https:\/\/www.schramas.com\/winkel\/ribes-rubrum-witte-hollander-2-liter-pot\/#breadcrumb\"},\"inLanguage\":\"sv-SE\",\"potentialAction\":[{\"@type\":\"ReadAction\",\"target\":[\"https:\/\/www.schramas.com\/winkel\/ribes-rubrum-witte-hollander-2-liter-pot\/\"]}]},{\"@type\":\"ImageObject\",\"inLanguage\":\"sv-SE\",\"@id\":\"https:\/\/www.schramas.com\/winkel\/ribes-rubrum-witte-hollander-2-liter-pot\/#primaryimage\",\"url\":\"https:\/\/www.schramas.com\/wp-content\/uploads\/2020\/10\/Ribes-rubrum-Witte-Hollander-fruit-scaled.jpg\",\"contentUrl\":\"https:\/\/www.schramas.com\/wp-content\/uploads\/2020\/10\/Ribes-rubrum-Witte-Hollander-fruit-scaled.jpg\",\"width\":2560,\"height\":1440},{\"@type\":\"BreadcrumbList\",\"@id\":\"https:\/\/www.schramas.com\/winkel\/ribes-rubrum-witte-hollander-2-liter-pot\/#breadcrumb\",\"itemListElement\":[{\"@type\":\"ListItem\",\"position\":1,\"name\":\"Product\",\"item\":\"https:\/\/www.schramas.com\/assortiment\/\"},{\"@type\":\"ListItem\",\"position\":2,\"name\":\"Bomen &amp; Struiken\",\"item\":\"https:\/\/www.schramas.com\/product-category\/bomen-struiken\/\"},{\"@type\":\"ListItem\",\"position\":3,\"name\":\"Fruitstruiken\",\"item\":\"https:\/\/www.schramas.com\/de\/produktkategorie\/baume-und-straucher\/obststraucher\/\"},{\"@type\":\"ListItem\",\"position\":4,\"name\":\"Aalbessen\",\"item\":\"https:\/\/www.schramas.com\/product-category\/bomen-struiken\/fruitstruiken\/aalbessen\/\"},{\"@type\":\"ListItem\",\"position\":5,\"name\":\"Ribes rubrum &#8216;Witte Hollander&#8217;, witte aalbes, 2 liter pot\"}]},{\"@type\":\"WebSite\",\"@id\":\"https:\/\/www.schramas.com\/#website\",\"url\":\"https:\/\/www.schramas.com\/\",\"name\":\"Schramas.com | Tuinplanten eenvoudig online bestellen | Direct van onze Kwekerij\",\"description\":\"\",\"alternateName\":\"Schramas.com - Alle planten direct van de kweker\",\"potentialAction\":[{\"@type\":\"SearchAction\",\"target\":{\"@type\":\"EntryPoint\",\"urlTemplate\":\"https:\/\/www.schramas.com\/?s={search_term_string}\"},\"query-input\":{\"@type\":\"PropertyValueSpecification\",\"valueRequired\":true,\"valueName\":\"search_term_string\"}}],\"inLanguage\":\"sv-SE\"}]}<\/script>\n<!-- \/ Yoast SEO plugin. -->","yoast_head_json":{"title":"Ribes rubrum 'White Dutchman', vita vinb\u00e4r, k\u00f6p 2 liters kruka | V\u00e4xter enkel onlinebest\u00e4llning | Schramas.com","robots":{"index":"index","follow":"follow","max-snippet":"max-snippet:-1","max-image-preview":"max-image-preview:large","max-video-preview":"max-video-preview:-1"},"canonical":"https:\/\/www.schramas.com\/se\/butik\/ribes-rubrum-vit-hollander-2-liter-kruka\/","og_locale":"sv_SE","og_type":"article","og_title":"Ribes rubrum 'Witte Hollander', witte aalbes, 2 liter pot kopen | Planten eenvoudig online bestellen | Schramas.com","og_description":"Ribes rubrum 'Witte Hollander'  Witte aalbes.  Smaak fris zoet  Kleur vrucht geel wit ( geler naar gelang het aantal zonuren)  Hoogte max: 1,75 meter  Geschikt voor zowel patio als volle grond.  Zelf bestuivend.  Winterhard  Leverhoogte incl. pot: +\/_50 cm  Pot maat: 2 liter.","og_url":"https:\/\/www.schramas.com\/se\/butik\/ribes-rubrum-vit-hollander-2-liter-kruka\/","og_site_name":"Planten eenvoudig online bestellen | Schramas.com","article_publisher":"https:\/\/www.facebook.com\/Schramascom-106872874153195\/","article_modified_time":"2026-03-26T15:33:56+00:00","og_image":[{"width":2560,"height":1440,"url":"http:\/\/www.schramas.com\/wp-content\/uploads\/2020\/10\/Ribes-rubrum-Witte-Hollander-fruit-scaled.jpg","type":"image\/jpeg"}],"twitter_card":"summary_large_image","schema":{"@context":"https:\/\/schema.org","@graph":[{"@type":["WebPage","ItemPage"],"@id":"https:\/\/www.schramas.com\/winkel\/ribes-rubrum-witte-hollander-2-liter-pot\/","url":"https:\/\/www.schramas.com\/winkel\/ribes-rubrum-witte-hollander-2-liter-pot\/","name":"Ribes rubrum 'White Dutchman', vita vinb\u00e4r, k\u00f6p 2 liters kruka | V\u00e4xter enkel onlinebest\u00e4llning | Schramas.com","isPartOf":{"@id":"https:\/\/www.schramas.com\/#website"},"primaryImageOfPage":{"@id":"https:\/\/www.schramas.com\/winkel\/ribes-rubrum-witte-hollander-2-liter-pot\/#primaryimage"},"image":{"@id":"https:\/\/www.schramas.com\/winkel\/ribes-rubrum-witte-hollander-2-liter-pot\/#primaryimage"},"thumbnailUrl":"https:\/\/www.schramas.com\/wp-content\/uploads\/2020\/10\/Ribes-rubrum-Witte-Hollander-fruit-scaled.jpg","datePublished":"2020-03-25T15:16:40+00:00","dateModified":"2026-03-26T15:33:56+00:00","breadcrumb":{"@id":"https:\/\/www.schramas.com\/winkel\/ribes-rubrum-witte-hollander-2-liter-pot\/#breadcrumb"},"inLanguage":"sv-SE","potentialAction":[{"@type":"ReadAction","target":["https:\/\/www.schramas.com\/winkel\/ribes-rubrum-witte-hollander-2-liter-pot\/"]}]},{"@type":"ImageObject","inLanguage":"sv-SE","@id":"https:\/\/www.schramas.com\/winkel\/ribes-rubrum-witte-hollander-2-liter-pot\/#primaryimage","url":"https:\/\/www.schramas.com\/wp-content\/uploads\/2020\/10\/Ribes-rubrum-Witte-Hollander-fruit-scaled.jpg","contentUrl":"https:\/\/www.schramas.com\/wp-content\/uploads\/2020\/10\/Ribes-rubrum-Witte-Hollander-fruit-scaled.jpg","width":2560,"height":1440},{"@type":"BreadcrumbList","@id":"https:\/\/www.schramas.com\/winkel\/ribes-rubrum-witte-hollander-2-liter-pot\/#breadcrumb","itemListElement":[{"@type":"ListItem","position":1,"name":"Product","item":"https:\/\/www.schramas.com\/assortiment\/"},{"@type":"ListItem","position":2,"name":"Bomen &amp; Struiken","item":"https:\/\/www.schramas.com\/product-category\/bomen-struiken\/"},{"@type":"ListItem","position":3,"name":"Fruitstruiken","item":"https:\/\/www.schramas.com\/de\/produktkategorie\/baume-und-straucher\/obststraucher\/"},{"@type":"ListItem","position":4,"name":"Aalbessen","item":"https:\/\/www.schramas.com\/product-category\/bomen-struiken\/fruitstruiken\/aalbessen\/"},{"@type":"ListItem","position":5,"name":"Ribes rubrum &#8216;Witte Hollander&#8217;, witte aalbes, 2 liter pot"}]},{"@type":"WebSite","@id":"https:\/\/www.schramas.com\/#website","url":"https:\/\/www.schramas.com\/","name":"Schramas.com | Tr\u00e4dg\u00e5rdsv\u00e4xter som enkelt kan best\u00e4llas online | Direkt fr\u00e5n v\u00e5r plantskola","description":"","alternateName":"Schramas.com - Alle planten direct van de kweker","potentialAction":[{"@type":"SearchAction","target":{"@type":"EntryPoint","urlTemplate":"https:\/\/www.schramas.com\/?s={search_term_string}"},"query-input":{"@type":"PropertyValueSpecification","valueRequired":true,"valueName":"search_term_string"}}],"inLanguage":"sv-SE"}]}},"_links":{"self":[{"href":"https:\/\/www.schramas.com\/se\/wp-json\/wp\/v2\/product\/9346","targetHints":{"allow":["GET"]}}],"collection":[{"href":"https:\/\/www.schramas.com\/se\/wp-json\/wp\/v2\/product"}],"about":[{"href":"https:\/\/www.schramas.com\/se\/wp-json\/wp\/v2\/types\/product"}],"version-history":[{"count":1,"href":"https:\/\/www.schramas.com\/se\/wp-json\/wp\/v2\/product\/9346\/revisions"}],"predecessor-version":[{"id":59277,"href":"https:\/\/www.schramas.com\/se\/wp-json\/wp\/v2\/product\/9346\/revisions\/59277"}],"wp:featuredmedia":[{"embeddable":true,"href":"https:\/\/www.schramas.com\/se\/wp-json\/wp\/v2\/media\/12488"}],"wp:attachment":[{"href":"https:\/\/www.schramas.com\/se\/wp-json\/wp\/v2\/media?parent=9346"}],"wp:term":[{"taxonomy":"product_brand","embeddable":true,"href":"https:\/\/www.schramas.com\/se\/wp-json\/wp\/v2\/product_brand?post=9346"},{"taxonomy":"product_cat","embeddable":true,"href":"https:\/\/www.schramas.com\/se\/wp-json\/wp\/v2\/product_cat?post=9346"},{"taxonomy":"product_tag","embeddable":true,"href":"https:\/\/www.schramas.com\/se\/wp-json\/wp\/v2\/product_tag?post=9346"}],"curies":[{"name":"wp","href":"https:\/\/api.w.org\/{rel}","templated":true}]}}