{"id":9750,"date":"2020-04-08T14:14:17","date_gmt":"2020-04-08T12:14:17","guid":{"rendered":"https:\/\/www.schramas.com\/?post_type=product&#038;p=9750"},"modified":"2026-03-26T16:34:00","modified_gmt":"2026-03-26T15:34:00","slug":"ribes-uva-crispa-hinnonmaki-grun-gron-krusbar-krusbar-gron-blad-rot-bar-rotad-for-tradgard-kokstradgard-och-balkong-10-vaxter-kopia","status":"publish","type":"product","link":"https:\/\/www.schramas.com\/se\/butik\/ribes-uva-crispa-hinnonmaki-grun-gron-krusbar-krusbar-gron-blad-rot-bar-rotad-for-tradgard-kokstradgard-och-balkong-10-vaxter-kopia\/","title":{"rendered":"Ribes uva-crispa 'Hinnonmaki Grun' gr\u00f6nt krusb\u00e4r, rotstock, 5 plantor"},"content":{"rendered":"<p>Denna taggiga v\u00e4n producerar l\u00e4ckra saftiga gr\u00f6na krusb\u00e4r. Krusb\u00e4ret gillar en solig plats. Om du sk\u00e4r bort gammal och d\u00f6d ved p\u00e5 h\u00f6sten kommer du att kunna njuta av denna h\u00e4lsosamma delikatess \u00e5r efter \u00e5r!<\/p>","protected":false},"excerpt":{"rendered":"<p>Ribes uva-crispa &#039;Hinnonmaki Gr\u00fcn&#039; 5 st<\/p>\n<p>Gr\u00f6nt krusb\u00e4r, bl\u00e5b\u00e4r 5 st<\/p>\n<p>Smak: s\u00f6t-syrlig aromatisk<\/p>\n<p>Fruktens f\u00e4rg: gr\u00f6n<\/p>\n<p>Max h\u00f6jd: 1,75 meter<\/p>\n<p>L\u00e4mplig f\u00f6r b\u00e5de uteplats och \u00f6ppen mark.<\/p>\n<p>Sj\u00e4lvpollinerande<\/p>\n<p>Frostbest\u00e4ndig<\/p>\n<p>Leveransh\u00f6jd +\/_40-cm<\/p>\n<p>Krukstorlek: Denna produkt levereras som rotstock utan kruka.<\/p>","protected":false},"featured_media":12666,"template":"","meta":{"_joinchat":[]},"product_brand":[],"product_cat":[234,43],"product_tag":[589,601,759,351,316],"class_list":{"0":"post-9750","1":"product","2":"type-product","3":"status-publish","4":"has-post-thumbnail","6":"product_cat-fruitstruiken","7":"product_cat-kruisbessen","8":"product_tag-groen","9":"product_tag-klapbes","10":"product_tag-ribes-uva-crispahinnonmaki-grun-kruisbes","11":"product_tag-winterhard","12":"product_tag-zelfbestuivend","14":"first","15":"outofstock","16":"taxable","17":"shipping-taxable","18":"purchasable","19":"product-type-simple"},"yoast_head":"<!-- This site is optimized with the Yoast SEO plugin v24.2 - https:\/\/yoast.com\/wordpress\/plugins\/seo\/ -->\n<title>Ribes uva-crispa &#039;Hinnonmaki Grun&#039; groene kruisbes, wortelgoed, 5 planten kopen | Planten eenvoudig online bestellen | Schramas.com<\/title>\n<meta name=\"robots\" content=\"index, follow, max-snippet:-1, max-image-preview:large, max-video-preview:-1\" \/>\n<link rel=\"canonical\" href=\"https:\/\/www.schramas.com\/se\/butik\/ribes-uva-crispa-hinnonmaki-grun-gron-krusbar-krusbar-gron-blad-rot-bar-rotad-for-tradgard-kokstradgard-och-balkong-10-vaxter-kopia\/\" \/>\n<meta property=\"og:locale\" content=\"sv_SE\" \/>\n<meta property=\"og:type\" content=\"article\" \/>\n<meta property=\"og:title\" content=\"Ribes uva-crispa &#039;Hinnonmaki Grun&#039; groene kruisbes, wortelgoed, 5 planten kopen | Planten eenvoudig online bestellen | Schramas.com\" \/>\n<meta property=\"og:description\" content=\"Ribes uva-crispa &#039;Hinnonmaki Gr\u00fcn&#039; 5 stuks Groene kruisbes, klapbes\u00a0 5 stuks Smaak: zoet-zuur aromatisch Kleur vrucht: groen Hoogte max: 1.75\u00a0 meter Geschikt voor zowel patio als volle grond. Zelf bestuivend Vorst bestending Leverhoogte +\/_40-cm Pot maat: Dit product woord aangeleverd als wortelgoed zonder pot.\" \/>\n<meta property=\"og:url\" content=\"https:\/\/www.schramas.com\/se\/butik\/ribes-uva-crispa-hinnonmaki-grun-gron-krusbar-krusbar-gron-blad-rot-bar-rotad-for-tradgard-kokstradgard-och-balkong-10-vaxter-kopia\/\" \/>\n<meta property=\"og:site_name\" content=\"Planten eenvoudig online bestellen | Schramas.com\" \/>\n<meta property=\"article:publisher\" content=\"https:\/\/www.facebook.com\/Schramascom-106872874153195\/\" \/>\n<meta property=\"article:modified_time\" content=\"2026-03-26T15:34:00+00:00\" \/>\n<meta property=\"og:image\" content=\"https:\/\/www.schramas.com\/wp-content\/uploads\/2020\/04\/Ribes-uva-crispa-Hinnonmaki-Gul-wortelgoed.png\" \/>\n\t<meta property=\"og:image:width\" content=\"500\" \/>\n\t<meta property=\"og:image:height\" content=\"500\" \/>\n\t<meta property=\"og:image:type\" content=\"image\/png\" \/>\n<meta name=\"twitter:card\" content=\"summary_large_image\" \/>\n<script type=\"application\/ld+json\" class=\"yoast-schema-graph\">{\"@context\":\"https:\/\/schema.org\",\"@graph\":[{\"@type\":[\"WebPage\",\"ItemPage\"],\"@id\":\"https:\/\/www.schramas.com\/fr\/boutique\/ribes-uva-crispa-hinnonmaki-grun-groseille-verte-groseille-feuille-verte-racine-racines-nues-pour-jardin-potager-et-balcon-10-plantes-copie\/\",\"url\":\"https:\/\/www.schramas.com\/fr\/boutique\/ribes-uva-crispa-hinnonmaki-grun-groseille-verte-groseille-feuille-verte-racine-racines-nues-pour-jardin-potager-et-balcon-10-plantes-copie\/\",\"name\":\"Ribes uva-crispa 'Hinnonmaki Grun' groene kruisbes, wortelgoed, 5 planten kopen | Planten eenvoudig online bestellen | Schramas.com\",\"isPartOf\":{\"@id\":\"https:\/\/www.schramas.com\/#website\"},\"primaryImageOfPage\":{\"@id\":\"https:\/\/www.schramas.com\/fr\/boutique\/ribes-uva-crispa-hinnonmaki-grun-groseille-verte-groseille-feuille-verte-racine-racines-nues-pour-jardin-potager-et-balcon-10-plantes-copie\/#primaryimage\"},\"image\":{\"@id\":\"https:\/\/www.schramas.com\/fr\/boutique\/ribes-uva-crispa-hinnonmaki-grun-groseille-verte-groseille-feuille-verte-racine-racines-nues-pour-jardin-potager-et-balcon-10-plantes-copie\/#primaryimage\"},\"thumbnailUrl\":\"https:\/\/www.schramas.com\/wp-content\/uploads\/2020\/04\/Ribes-uva-crispa-Hinnonmaki-Gul-wortelgoed.png\",\"datePublished\":\"2020-04-08T12:14:17+00:00\",\"dateModified\":\"2026-03-26T15:34:00+00:00\",\"breadcrumb\":{\"@id\":\"https:\/\/www.schramas.com\/fr\/boutique\/ribes-uva-crispa-hinnonmaki-grun-groseille-verte-groseille-feuille-verte-racine-racines-nues-pour-jardin-potager-et-balcon-10-plantes-copie\/#breadcrumb\"},\"inLanguage\":\"sv-SE\",\"potentialAction\":[{\"@type\":\"ReadAction\",\"target\":[\"https:\/\/www.schramas.com\/fr\/boutique\/ribes-uva-crispa-hinnonmaki-grun-groseille-verte-groseille-feuille-verte-racine-racines-nues-pour-jardin-potager-et-balcon-10-plantes-copie\/\"]}]},{\"@type\":\"ImageObject\",\"inLanguage\":\"sv-SE\",\"@id\":\"https:\/\/www.schramas.com\/fr\/boutique\/ribes-uva-crispa-hinnonmaki-grun-groseille-verte-groseille-feuille-verte-racine-racines-nues-pour-jardin-potager-et-balcon-10-plantes-copie\/#primaryimage\",\"url\":\"https:\/\/www.schramas.com\/wp-content\/uploads\/2020\/04\/Ribes-uva-crispa-Hinnonmaki-Gul-wortelgoed.png\",\"contentUrl\":\"https:\/\/www.schramas.com\/wp-content\/uploads\/2020\/04\/Ribes-uva-crispa-Hinnonmaki-Gul-wortelgoed.png\",\"width\":500,\"height\":500},{\"@type\":\"BreadcrumbList\",\"@id\":\"https:\/\/www.schramas.com\/fr\/boutique\/ribes-uva-crispa-hinnonmaki-grun-groseille-verte-groseille-feuille-verte-racine-racines-nues-pour-jardin-potager-et-balcon-10-plantes-copie\/#breadcrumb\",\"itemListElement\":[{\"@type\":\"ListItem\",\"position\":1,\"name\":\"Product\",\"item\":\"https:\/\/www.schramas.com\/assortiment\/\"},{\"@type\":\"ListItem\",\"position\":2,\"name\":\"Bomen &amp; Struiken\",\"item\":\"https:\/\/www.schramas.com\/product-category\/bomen-struiken\/\"},{\"@type\":\"ListItem\",\"position\":3,\"name\":\"Fruitstruiken\",\"item\":\"https:\/\/www.schramas.com\/de\/produktkategorie\/baume-und-straucher\/obststraucher\/\"},{\"@type\":\"ListItem\",\"position\":4,\"name\":\"Kruisbessen\",\"item\":\"https:\/\/www.schramas.com\/de\/produktkategorie\/baume-und-straucher\/obststraucher\/stachelbeeren\/\"},{\"@type\":\"ListItem\",\"position\":5,\"name\":\"Ribes uva-crispa &#8216;Hinnonmaki Grun&#8217; groene kruisbes, wortelgoed, 5 planten\"}]},{\"@type\":\"WebSite\",\"@id\":\"https:\/\/www.schramas.com\/#website\",\"url\":\"https:\/\/www.schramas.com\/\",\"name\":\"Schramas.com | Tuinplanten eenvoudig online bestellen | Direct van onze Kwekerij\",\"description\":\"\",\"alternateName\":\"Schramas.com - Alle planten direct van de kweker\",\"potentialAction\":[{\"@type\":\"SearchAction\",\"target\":{\"@type\":\"EntryPoint\",\"urlTemplate\":\"https:\/\/www.schramas.com\/?s={search_term_string}\"},\"query-input\":{\"@type\":\"PropertyValueSpecification\",\"valueRequired\":true,\"valueName\":\"search_term_string\"}}],\"inLanguage\":\"sv-SE\"}]}<\/script>\n<!-- \/ Yoast SEO plugin. -->","yoast_head_json":{"title":"K\u00f6p Ribes uva-crispa &#039;Hinnonmaki Grun&#039; gr\u00f6na krusb\u00e4r, rotstock, 5 plantor | Best\u00e4ll enkelt v\u00e4xter online | Schramas.com","robots":{"index":"index","follow":"follow","max-snippet":"max-snippet:-1","max-image-preview":"max-image-preview:large","max-video-preview":"max-video-preview:-1"},"canonical":"https:\/\/www.schramas.com\/se\/butik\/ribes-uva-crispa-hinnonmaki-grun-gron-krusbar-krusbar-gron-blad-rot-bar-rotad-for-tradgard-kokstradgard-och-balkong-10-vaxter-kopia\/","og_locale":"sv_SE","og_type":"article","og_title":"Ribes uva-crispa 'Hinnonmaki Grun' groene kruisbes, wortelgoed, 5 planten kopen | Planten eenvoudig online bestellen | Schramas.com","og_description":"Ribes uva-crispa 'Hinnonmaki Gr\u00fcn' 5 stuks Groene kruisbes, klapbes\u00a0 5 stuks Smaak: zoet-zuur aromatisch Kleur vrucht: groen Hoogte max: 1.75\u00a0 meter Geschikt voor zowel patio als volle grond. Zelf bestuivend Vorst bestending Leverhoogte +\/_40-cm Pot maat: Dit product woord aangeleverd als wortelgoed zonder pot.","og_url":"https:\/\/www.schramas.com\/se\/butik\/ribes-uva-crispa-hinnonmaki-grun-gron-krusbar-krusbar-gron-blad-rot-bar-rotad-for-tradgard-kokstradgard-och-balkong-10-vaxter-kopia\/","og_site_name":"Planten eenvoudig online bestellen | Schramas.com","article_publisher":"https:\/\/www.facebook.com\/Schramascom-106872874153195\/","article_modified_time":"2026-03-26T15:34:00+00:00","og_image":[{"width":500,"height":500,"url":"https:\/\/www.schramas.com\/wp-content\/uploads\/2020\/04\/Ribes-uva-crispa-Hinnonmaki-Gul-wortelgoed.png","type":"image\/png"}],"twitter_card":"summary_large_image","schema":{"@context":"https:\/\/schema.org","@graph":[{"@type":["WebPage","ItemPage"],"@id":"https:\/\/www.schramas.com\/fr\/boutique\/ribes-uva-crispa-hinnonmaki-grun-groseille-verte-groseille-feuille-verte-racine-racines-nues-pour-jardin-potager-et-balcon-10-plantes-copie\/","url":"https:\/\/www.schramas.com\/fr\/boutique\/ribes-uva-crispa-hinnonmaki-grun-groseille-verte-groseille-feuille-verte-racine-racines-nues-pour-jardin-potager-et-balcon-10-plantes-copie\/","name":"K\u00f6p Ribes uva-crispa &#039;Hinnonmaki Grun&#039; gr\u00f6na krusb\u00e4r, rotstock, 5 plantor | Best\u00e4ll enkelt v\u00e4xter online | Schramas.com","isPartOf":{"@id":"https:\/\/www.schramas.com\/#website"},"primaryImageOfPage":{"@id":"https:\/\/www.schramas.com\/fr\/boutique\/ribes-uva-crispa-hinnonmaki-grun-groseille-verte-groseille-feuille-verte-racine-racines-nues-pour-jardin-potager-et-balcon-10-plantes-copie\/#primaryimage"},"image":{"@id":"https:\/\/www.schramas.com\/fr\/boutique\/ribes-uva-crispa-hinnonmaki-grun-groseille-verte-groseille-feuille-verte-racine-racines-nues-pour-jardin-potager-et-balcon-10-plantes-copie\/#primaryimage"},"thumbnailUrl":"https:\/\/www.schramas.com\/wp-content\/uploads\/2020\/04\/Ribes-uva-crispa-Hinnonmaki-Gul-wortelgoed.png","datePublished":"2020-04-08T12:14:17+00:00","dateModified":"2026-03-26T15:34:00+00:00","breadcrumb":{"@id":"https:\/\/www.schramas.com\/fr\/boutique\/ribes-uva-crispa-hinnonmaki-grun-groseille-verte-groseille-feuille-verte-racine-racines-nues-pour-jardin-potager-et-balcon-10-plantes-copie\/#breadcrumb"},"inLanguage":"sv-SE","potentialAction":[{"@type":"ReadAction","target":["https:\/\/www.schramas.com\/fr\/boutique\/ribes-uva-crispa-hinnonmaki-grun-groseille-verte-groseille-feuille-verte-racine-racines-nues-pour-jardin-potager-et-balcon-10-plantes-copie\/"]}]},{"@type":"ImageObject","inLanguage":"sv-SE","@id":"https:\/\/www.schramas.com\/fr\/boutique\/ribes-uva-crispa-hinnonmaki-grun-groseille-verte-groseille-feuille-verte-racine-racines-nues-pour-jardin-potager-et-balcon-10-plantes-copie\/#primaryimage","url":"https:\/\/www.schramas.com\/wp-content\/uploads\/2020\/04\/Ribes-uva-crispa-Hinnonmaki-Gul-wortelgoed.png","contentUrl":"https:\/\/www.schramas.com\/wp-content\/uploads\/2020\/04\/Ribes-uva-crispa-Hinnonmaki-Gul-wortelgoed.png","width":500,"height":500},{"@type":"BreadcrumbList","@id":"https:\/\/www.schramas.com\/fr\/boutique\/ribes-uva-crispa-hinnonmaki-grun-groseille-verte-groseille-feuille-verte-racine-racines-nues-pour-jardin-potager-et-balcon-10-plantes-copie\/#breadcrumb","itemListElement":[{"@type":"ListItem","position":1,"name":"Product","item":"https:\/\/www.schramas.com\/assortiment\/"},{"@type":"ListItem","position":2,"name":"Bomen &amp; Struiken","item":"https:\/\/www.schramas.com\/product-category\/bomen-struiken\/"},{"@type":"ListItem","position":3,"name":"Fruitstruiken","item":"https:\/\/www.schramas.com\/de\/produktkategorie\/baume-und-straucher\/obststraucher\/"},{"@type":"ListItem","position":4,"name":"Kruisbessen","item":"https:\/\/www.schramas.com\/de\/produktkategorie\/baume-und-straucher\/obststraucher\/stachelbeeren\/"},{"@type":"ListItem","position":5,"name":"Ribes uva-crispa &#8216;Hinnonmaki Grun&#8217; groene kruisbes, wortelgoed, 5 planten"}]},{"@type":"WebSite","@id":"https:\/\/www.schramas.com\/#website","url":"https:\/\/www.schramas.com\/","name":"Schramas.com | Tr\u00e4dg\u00e5rdsv\u00e4xter som enkelt kan best\u00e4llas online | Direkt fr\u00e5n v\u00e5r plantskola","description":"","alternateName":"Schramas.com - Alle planten direct van de kweker","potentialAction":[{"@type":"SearchAction","target":{"@type":"EntryPoint","urlTemplate":"https:\/\/www.schramas.com\/?s={search_term_string}"},"query-input":{"@type":"PropertyValueSpecification","valueRequired":true,"valueName":"search_term_string"}}],"inLanguage":"sv-SE"}]}},"_links":{"self":[{"href":"https:\/\/www.schramas.com\/se\/wp-json\/wp\/v2\/product\/9750","targetHints":{"allow":["GET"]}}],"collection":[{"href":"https:\/\/www.schramas.com\/se\/wp-json\/wp\/v2\/product"}],"about":[{"href":"https:\/\/www.schramas.com\/se\/wp-json\/wp\/v2\/types\/product"}],"version-history":[{"count":0,"href":"https:\/\/www.schramas.com\/se\/wp-json\/wp\/v2\/product\/9750\/revisions"}],"wp:featuredmedia":[{"embeddable":true,"href":"https:\/\/www.schramas.com\/se\/wp-json\/wp\/v2\/media\/12666"}],"wp:attachment":[{"href":"https:\/\/www.schramas.com\/se\/wp-json\/wp\/v2\/media?parent=9750"}],"wp:term":[{"taxonomy":"product_brand","embeddable":true,"href":"https:\/\/www.schramas.com\/se\/wp-json\/wp\/v2\/product_brand?post=9750"},{"taxonomy":"product_cat","embeddable":true,"href":"https:\/\/www.schramas.com\/se\/wp-json\/wp\/v2\/product_cat?post=9750"},{"taxonomy":"product_tag","embeddable":true,"href":"https:\/\/www.schramas.com\/se\/wp-json\/wp\/v2\/product_tag?post=9750"}],"curies":[{"name":"wp","href":"https:\/\/api.w.org\/{rel}","templated":true}]}}