{"id":9966,"date":"2020-04-11T10:29:39","date_gmt":"2020-04-11T08:29:39","guid":{"rendered":"https:\/\/www.schramas.com\/?post_type=product&#038;p=9966"},"modified":"2026-03-26T16:34:06","modified_gmt":"2026-03-26T15:34:06","slug":"acer-palmatum-atropurpureum-japansk-lonn-3-liter-kruka-rodbladig-rod-acer-krukodlad-for-tradgard-terrass-och-balkong","status":"publish","type":"product","link":"https:\/\/www.schramas.com\/se\/butik\/acer-palmatum-atropurpureum-japansk-lonn-3-liter-kruka-rodbladig-rod-acer-krukodlad-for-tradgard-terrass-och-balkong\/","title":{"rendered":"Acer palmatum 'Atropurpureum', r\u00f6d japansk l\u00f6nn, 3-liters kruka"},"content":{"rendered":"<p>Denna japanska l\u00f6nn \u00e4r en l\u00e5ngsam odlare och trivs i tr\u00e4dg\u00e5rden och p\u00e5 terrassen eller balkongen. Placera detta tr\u00e4d p\u00e5 en skyddad, halvskuggig plats f\u00f6r att h\u00e5lla f\u00e4rgen p\u00e5 bladen som b\u00e4st. Detta tr\u00e4d har vackra brunr\u00f6da l\u00f6v \u00e5ret runt som blir eldr\u00f6da till djupr\u00f6da p\u00e5 h\u00f6sten. Ett mycket f\u00e4rgglatt tr\u00e4d. Produktens h\u00f6jd \u00e4r ca 50 cm.<\/p>","protected":false},"excerpt":{"rendered":"<p>Acer palmatum \u00c1tropurpureum&#039;<\/p>\n<p>Japansk l\u00f6nn<\/p>\n<p>Blomst\u00e4llning: r\u00f6da blad<\/p>\n<p>Max. h\u00f6jd ca 300 cm<\/p>\n<p>L\u00f6vf\u00e4llande<\/p>\n<p>Hardy<\/p>\n<p>Leveransh\u00f6jd inkl kruka: ca 50 cm<\/p>\n<p>Gryta: 3 liters kruka<\/p>","protected":false},"featured_media":21251,"template":"","meta":{"_joinchat":[]},"product_brand":[],"product_cat":[302,228,300,835,3193,229,305],"product_tag":[786,787,767],"class_list":{"0":"post-9966","1":"product","2":"type-product","3":"status-publish","4":"has-post-thumbnail","6":"product_cat-bladverliezende-heesters","7":"product_cat-drachtplant","8":"product_cat-heesters","9":"product_cat-hardlopers","10":"product_cat-sierbomen","11":"product_cat-sierheesters","12":"product_cat-planten-heesters","13":"product_tag-japanse-esdoorn","14":"product_tag-rode-acer","15":"product_tag-rood-blad","16":"pa_bloeimaanden-juni","17":"pa_bloeimaanden-augustus","18":"pa_groeihoogte-150-200-cm","19":"pa_pot-zonder-pot","21":"first","22":"outofstock","23":"taxable","24":"shipping-taxable","25":"purchasable","26":"product-type-simple"},"yoast_head":"<!-- This site is optimized with the Yoast SEO plugin v24.2 - https:\/\/yoast.com\/wordpress\/plugins\/seo\/ -->\n<title>Acer palmatum &#039;Atropurpureum&#039;, rode Japanse esdoorn, 3 liter pot kopen | Planten eenvoudig online bestellen | Schramas.com<\/title>\n<meta name=\"robots\" content=\"index, follow, max-snippet:-1, max-image-preview:large, max-video-preview:-1\" \/>\n<link rel=\"canonical\" href=\"https:\/\/www.schramas.com\/se\/butik\/acer-palmatum-atropurpureum-japansk-lonn-3-liter-kruka-rodbladig-rod-acer-krukodlad-for-tradgard-terrass-och-balkong\/\" \/>\n<meta property=\"og:locale\" content=\"sv_SE\" \/>\n<meta property=\"og:type\" content=\"article\" \/>\n<meta property=\"og:title\" content=\"Acer palmatum &#039;Atropurpureum&#039;, rode Japanse esdoorn, 3 liter pot kopen | Planten eenvoudig online bestellen | Schramas.com\" \/>\n<meta property=\"og:description\" content=\"Acer palmatum \u00c1tropurpureum&#039;  Japanse esdoorn  Bloeiwijze: rood blad  Max. hoogte circa 300 cm  Bladverliezend  Winterhard  Leverhoogte incl. pot: circa 50 cm  Potmaat: 3 liter pot\" \/>\n<meta property=\"og:url\" content=\"https:\/\/www.schramas.com\/se\/butik\/acer-palmatum-atropurpureum-japansk-lonn-3-liter-kruka-rodbladig-rod-acer-krukodlad-for-tradgard-terrass-och-balkong\/\" \/>\n<meta property=\"og:site_name\" content=\"Planten eenvoudig online bestellen | Schramas.com\" \/>\n<meta property=\"article:publisher\" content=\"https:\/\/www.facebook.com\/Schramascom-106872874153195\/\" \/>\n<meta property=\"article:modified_time\" content=\"2026-03-26T15:34:06+00:00\" \/>\n<meta property=\"og:image\" content=\"http:\/\/www.schramas.com\/wp-content\/uploads\/2020\/04\/Atropuprea-Sfeer-new.jpg\" \/>\n\t<meta property=\"og:image:width\" content=\"1200\" \/>\n\t<meta property=\"og:image:height\" content=\"1200\" \/>\n\t<meta property=\"og:image:type\" content=\"image\/jpeg\" \/>\n<meta name=\"twitter:card\" content=\"summary_large_image\" \/>\n<script type=\"application\/ld+json\" class=\"yoast-schema-graph\">{\"@context\":\"https:\/\/schema.org\",\"@graph\":[{\"@type\":[\"WebPage\",\"ItemPage\"],\"@id\":\"https:\/\/www.schramas.com\/winkel\/acer-palmatum-atropurpureum-japanse-esdoorn-3-liter-pot-rood-blad-rode-acer-pot-gekweekt-voor-tuin-terras-en-balkon\/\",\"url\":\"https:\/\/www.schramas.com\/winkel\/acer-palmatum-atropurpureum-japanse-esdoorn-3-liter-pot-rood-blad-rode-acer-pot-gekweekt-voor-tuin-terras-en-balkon\/\",\"name\":\"Acer palmatum 'Atropurpureum', rode Japanse esdoorn, 3 liter pot kopen | Planten eenvoudig online bestellen | Schramas.com\",\"isPartOf\":{\"@id\":\"https:\/\/www.schramas.com\/#website\"},\"primaryImageOfPage\":{\"@id\":\"https:\/\/www.schramas.com\/winkel\/acer-palmatum-atropurpureum-japanse-esdoorn-3-liter-pot-rood-blad-rode-acer-pot-gekweekt-voor-tuin-terras-en-balkon\/#primaryimage\"},\"image\":{\"@id\":\"https:\/\/www.schramas.com\/winkel\/acer-palmatum-atropurpureum-japanse-esdoorn-3-liter-pot-rood-blad-rode-acer-pot-gekweekt-voor-tuin-terras-en-balkon\/#primaryimage\"},\"thumbnailUrl\":\"https:\/\/www.schramas.com\/wp-content\/uploads\/2020\/04\/Atropuprea-Sfeer-new.jpg\",\"datePublished\":\"2020-04-11T08:29:39+00:00\",\"dateModified\":\"2026-03-26T15:34:06+00:00\",\"breadcrumb\":{\"@id\":\"https:\/\/www.schramas.com\/winkel\/acer-palmatum-atropurpureum-japanse-esdoorn-3-liter-pot-rood-blad-rode-acer-pot-gekweekt-voor-tuin-terras-en-balkon\/#breadcrumb\"},\"inLanguage\":\"sv-SE\",\"potentialAction\":[{\"@type\":\"ReadAction\",\"target\":[\"https:\/\/www.schramas.com\/winkel\/acer-palmatum-atropurpureum-japanse-esdoorn-3-liter-pot-rood-blad-rode-acer-pot-gekweekt-voor-tuin-terras-en-balkon\/\"]}]},{\"@type\":\"ImageObject\",\"inLanguage\":\"sv-SE\",\"@id\":\"https:\/\/www.schramas.com\/winkel\/acer-palmatum-atropurpureum-japanse-esdoorn-3-liter-pot-rood-blad-rode-acer-pot-gekweekt-voor-tuin-terras-en-balkon\/#primaryimage\",\"url\":\"https:\/\/www.schramas.com\/wp-content\/uploads\/2020\/04\/Atropuprea-Sfeer-new.jpg\",\"contentUrl\":\"https:\/\/www.schramas.com\/wp-content\/uploads\/2020\/04\/Atropuprea-Sfeer-new.jpg\",\"width\":1200,\"height\":1200},{\"@type\":\"BreadcrumbList\",\"@id\":\"https:\/\/www.schramas.com\/winkel\/acer-palmatum-atropurpureum-japanse-esdoorn-3-liter-pot-rood-blad-rode-acer-pot-gekweekt-voor-tuin-terras-en-balkon\/#breadcrumb\",\"itemListElement\":[{\"@type\":\"ListItem\",\"position\":1,\"name\":\"Product\",\"item\":\"https:\/\/www.schramas.com\/assortiment\/\"},{\"@type\":\"ListItem\",\"position\":2,\"name\":\"Tuinplanten\",\"item\":\"https:\/\/www.schramas.com\/product-category\/planten-heesters\/\"},{\"@type\":\"ListItem\",\"position\":3,\"name\":\"Heesters\",\"item\":\"https:\/\/www.schramas.com\/product-category\/planten-heesters\/heesters\/\"},{\"@type\":\"ListItem\",\"position\":4,\"name\":\"Sierheesters\",\"item\":\"https:\/\/www.schramas.com\/product-category\/planten-heesters\/heesters\/sierheesters\/\"},{\"@type\":\"ListItem\",\"position\":5,\"name\":\"Acer palmatum &#8216;Atropurpureum&#8217;, rode Japanse esdoorn, 3 liter pot\"}]},{\"@type\":\"WebSite\",\"@id\":\"https:\/\/www.schramas.com\/#website\",\"url\":\"https:\/\/www.schramas.com\/\",\"name\":\"Schramas.com | Tuinplanten eenvoudig online bestellen | Direct van onze Kwekerij\",\"description\":\"\",\"alternateName\":\"Schramas.com - Alle planten direct van de kweker\",\"potentialAction\":[{\"@type\":\"SearchAction\",\"target\":{\"@type\":\"EntryPoint\",\"urlTemplate\":\"https:\/\/www.schramas.com\/?s={search_term_string}\"},\"query-input\":{\"@type\":\"PropertyValueSpecification\",\"valueRequired\":true,\"valueName\":\"search_term_string\"}}],\"inLanguage\":\"sv-SE\"}]}<\/script>\n<!-- \/ Yoast SEO plugin. -->","yoast_head_json":{"title":"K\u00f6p Acer palmatum &#039;Atropurpureum&#039;, r\u00f6d japansk l\u00f6nn, 3 liters kruka | Best\u00e4ll enkelt v\u00e4xter online | Schramas.com","robots":{"index":"index","follow":"follow","max-snippet":"max-snippet:-1","max-image-preview":"max-image-preview:large","max-video-preview":"max-video-preview:-1"},"canonical":"https:\/\/www.schramas.com\/se\/butik\/acer-palmatum-atropurpureum-japansk-lonn-3-liter-kruka-rodbladig-rod-acer-krukodlad-for-tradgard-terrass-och-balkong\/","og_locale":"sv_SE","og_type":"article","og_title":"Acer palmatum 'Atropurpureum', rode Japanse esdoorn, 3 liter pot kopen | Planten eenvoudig online bestellen | Schramas.com","og_description":"Acer palmatum \u00c1tropurpureum'  Japanse esdoorn  Bloeiwijze: rood blad  Max. hoogte circa 300 cm  Bladverliezend  Winterhard  Leverhoogte incl. pot: circa 50 cm  Potmaat: 3 liter pot","og_url":"https:\/\/www.schramas.com\/se\/butik\/acer-palmatum-atropurpureum-japansk-lonn-3-liter-kruka-rodbladig-rod-acer-krukodlad-for-tradgard-terrass-och-balkong\/","og_site_name":"Planten eenvoudig online bestellen | Schramas.com","article_publisher":"https:\/\/www.facebook.com\/Schramascom-106872874153195\/","article_modified_time":"2026-03-26T15:34:06+00:00","og_image":[{"width":1200,"height":1200,"url":"http:\/\/www.schramas.com\/wp-content\/uploads\/2020\/04\/Atropuprea-Sfeer-new.jpg","type":"image\/jpeg"}],"twitter_card":"summary_large_image","schema":{"@context":"https:\/\/schema.org","@graph":[{"@type":["WebPage","ItemPage"],"@id":"https:\/\/www.schramas.com\/winkel\/acer-palmatum-atropurpureum-japanse-esdoorn-3-liter-pot-rood-blad-rode-acer-pot-gekweekt-voor-tuin-terras-en-balkon\/","url":"https:\/\/www.schramas.com\/winkel\/acer-palmatum-atropurpureum-japanse-esdoorn-3-liter-pot-rood-blad-rode-acer-pot-gekweekt-voor-tuin-terras-en-balkon\/","name":"K\u00f6p Acer palmatum &#039;Atropurpureum&#039;, r\u00f6d japansk l\u00f6nn, 3 liters kruka | Best\u00e4ll enkelt v\u00e4xter online | Schramas.com","isPartOf":{"@id":"https:\/\/www.schramas.com\/#website"},"primaryImageOfPage":{"@id":"https:\/\/www.schramas.com\/winkel\/acer-palmatum-atropurpureum-japanse-esdoorn-3-liter-pot-rood-blad-rode-acer-pot-gekweekt-voor-tuin-terras-en-balkon\/#primaryimage"},"image":{"@id":"https:\/\/www.schramas.com\/winkel\/acer-palmatum-atropurpureum-japanse-esdoorn-3-liter-pot-rood-blad-rode-acer-pot-gekweekt-voor-tuin-terras-en-balkon\/#primaryimage"},"thumbnailUrl":"https:\/\/www.schramas.com\/wp-content\/uploads\/2020\/04\/Atropuprea-Sfeer-new.jpg","datePublished":"2020-04-11T08:29:39+00:00","dateModified":"2026-03-26T15:34:06+00:00","breadcrumb":{"@id":"https:\/\/www.schramas.com\/winkel\/acer-palmatum-atropurpureum-japanse-esdoorn-3-liter-pot-rood-blad-rode-acer-pot-gekweekt-voor-tuin-terras-en-balkon\/#breadcrumb"},"inLanguage":"sv-SE","potentialAction":[{"@type":"ReadAction","target":["https:\/\/www.schramas.com\/winkel\/acer-palmatum-atropurpureum-japanse-esdoorn-3-liter-pot-rood-blad-rode-acer-pot-gekweekt-voor-tuin-terras-en-balkon\/"]}]},{"@type":"ImageObject","inLanguage":"sv-SE","@id":"https:\/\/www.schramas.com\/winkel\/acer-palmatum-atropurpureum-japanse-esdoorn-3-liter-pot-rood-blad-rode-acer-pot-gekweekt-voor-tuin-terras-en-balkon\/#primaryimage","url":"https:\/\/www.schramas.com\/wp-content\/uploads\/2020\/04\/Atropuprea-Sfeer-new.jpg","contentUrl":"https:\/\/www.schramas.com\/wp-content\/uploads\/2020\/04\/Atropuprea-Sfeer-new.jpg","width":1200,"height":1200},{"@type":"BreadcrumbList","@id":"https:\/\/www.schramas.com\/winkel\/acer-palmatum-atropurpureum-japanse-esdoorn-3-liter-pot-rood-blad-rode-acer-pot-gekweekt-voor-tuin-terras-en-balkon\/#breadcrumb","itemListElement":[{"@type":"ListItem","position":1,"name":"Product","item":"https:\/\/www.schramas.com\/assortiment\/"},{"@type":"ListItem","position":2,"name":"Tuinplanten","item":"https:\/\/www.schramas.com\/product-category\/planten-heesters\/"},{"@type":"ListItem","position":3,"name":"Heesters","item":"https:\/\/www.schramas.com\/product-category\/planten-heesters\/heesters\/"},{"@type":"ListItem","position":4,"name":"Sierheesters","item":"https:\/\/www.schramas.com\/product-category\/planten-heesters\/heesters\/sierheesters\/"},{"@type":"ListItem","position":5,"name":"Acer palmatum &#8216;Atropurpureum&#8217;, rode Japanse esdoorn, 3 liter pot"}]},{"@type":"WebSite","@id":"https:\/\/www.schramas.com\/#website","url":"https:\/\/www.schramas.com\/","name":"Schramas.com | Tr\u00e4dg\u00e5rdsv\u00e4xter som enkelt kan best\u00e4llas online | Direkt fr\u00e5n v\u00e5r plantskola","description":"","alternateName":"Schramas.com - Alle planten direct van de kweker","potentialAction":[{"@type":"SearchAction","target":{"@type":"EntryPoint","urlTemplate":"https:\/\/www.schramas.com\/?s={search_term_string}"},"query-input":{"@type":"PropertyValueSpecification","valueRequired":true,"valueName":"search_term_string"}}],"inLanguage":"sv-SE"}]}},"_links":{"self":[{"href":"https:\/\/www.schramas.com\/se\/wp-json\/wp\/v2\/product\/9966","targetHints":{"allow":["GET"]}}],"collection":[{"href":"https:\/\/www.schramas.com\/se\/wp-json\/wp\/v2\/product"}],"about":[{"href":"https:\/\/www.schramas.com\/se\/wp-json\/wp\/v2\/types\/product"}],"version-history":[{"count":1,"href":"https:\/\/www.schramas.com\/se\/wp-json\/wp\/v2\/product\/9966\/revisions"}],"predecessor-version":[{"id":54296,"href":"https:\/\/www.schramas.com\/se\/wp-json\/wp\/v2\/product\/9966\/revisions\/54296"}],"wp:featuredmedia":[{"embeddable":true,"href":"https:\/\/www.schramas.com\/se\/wp-json\/wp\/v2\/media\/21251"}],"wp:attachment":[{"href":"https:\/\/www.schramas.com\/se\/wp-json\/wp\/v2\/media?parent=9966"}],"wp:term":[{"taxonomy":"product_brand","embeddable":true,"href":"https:\/\/www.schramas.com\/se\/wp-json\/wp\/v2\/product_brand?post=9966"},{"taxonomy":"product_cat","embeddable":true,"href":"https:\/\/www.schramas.com\/se\/wp-json\/wp\/v2\/product_cat?post=9966"},{"taxonomy":"product_tag","embeddable":true,"href":"https:\/\/www.schramas.com\/se\/wp-json\/wp\/v2\/product_tag?post=9966"}],"curies":[{"name":"wp","href":"https:\/\/api.w.org\/{rel}","templated":true}]}}