{"id":9993,"date":"2020-04-11T11:56:08","date_gmt":"2020-04-11T09:56:08","guid":{"rendered":"https:\/\/www.schramas.com\/?post_type=product&#038;p=9993"},"modified":"2026-03-26T16:34:07","modified_gmt":"2026-03-26T15:34:07","slug":"spiraea-cinerea-grefsheim-muskelbuske-vit-spireakruka-odlad-i-12-cm-kruka-for-tradgardsterrass-eller-balkong","status":"publish","type":"product","link":"https:\/\/www.schramas.com\/se\/butik\/spiraea-cinerea-grefsheim-muskelbuske-vit-spireakruka-odlad-i-12-cm-kruka-for-tradgardsterrass-eller-balkong\/","title":{"rendered":"Spiraea cinerea 'Grefsheim' prydnadsbuske, vit spirea, 12 cm kruka"},"content":{"rendered":"<p>Spiraea cinerea &#039;Grefsheim&#039; muskelbuske \u00e4r den vackraste spirean p\u00e5 marknaden.<\/p>\n<p>Den v\u00e4xer till en kraftig rund buske som blommar mycket rikligt med \u00f6verh\u00e4ngande vita plymer.<\/p>\n<p>Vi levererar denna v\u00e4xt i en 12 cm kruka.<\/p>","protected":false},"excerpt":{"rendered":"<p>Spirea cinerea &#039;Grefsheim&#039;<\/p>\n<p>Spirea<\/p>\n<p>Blomst\u00e4llning: vit panikelform<\/p>\n<p>Max. h\u00f6jd ca 150 cm<\/p>\n<p>L\u00f6vf\u00e4llande<\/p>\n<p>Hardy<\/p>\n<p>Leveransh\u00f6jd inkl. kruka: ca 30 cm<\/p>\n<p>Krukstorlek: 12 cm kruka<\/p>","protected":false},"featured_media":9998,"template":"","meta":{"_joinchat":[]},"product_brand":[],"product_cat":[302,300,290,229,305,805],"product_tag":[502,503,505,501,499,495,504,351],"class_list":{"0":"post-9993","1":"product","2":"type-product","3":"status-publish","4":"has-post-thumbnail","6":"product_cat-bladverliezende-heesters","7":"product_cat-heesters","8":"product_cat-sierheester","9":"product_cat-sierheesters","10":"product_cat-planten-heesters","11":"product_cat-winter","12":"product_tag-amerikaanse-sering","13":"product_tag-bijenplant","14":"product_tag-blauw-paars","15":"product_tag-ceanothus","16":"product_tag-groenblijvend","17":"product_tag-sierheester","18":"product_tag-vlinderplant","19":"product_tag-winterhard","20":"pa_bloeimaanden-juni","21":"pa_bloeimaanden-augustus","22":"pa_groeihoogte-150-200-cm","23":"pa_pot-zonder-pot","25":"first","26":"outofstock","27":"taxable","28":"shipping-taxable","29":"purchasable","30":"product-type-simple"},"yoast_head":"<!-- This site is optimized with the Yoast SEO plugin v24.2 - https:\/\/yoast.com\/wordpress\/plugins\/seo\/ -->\n<title>Spiraea cinerea &#039;Grefsheim&#039; sierstruik, witte spirea, 12 cm pot kopen | Planten eenvoudig online bestellen | Schramas.com<\/title>\n<meta name=\"robots\" content=\"index, follow, max-snippet:-1, max-image-preview:large, max-video-preview:-1\" \/>\n<link rel=\"canonical\" href=\"https:\/\/www.schramas.com\/se\/butik\/spiraea-cinerea-grefsheim-muskelbuske-vit-spireakruka-odlad-i-12-cm-kruka-for-tradgardsterrass-eller-balkong\/\" \/>\n<meta property=\"og:locale\" content=\"sv_SE\" \/>\n<meta property=\"og:type\" content=\"article\" \/>\n<meta property=\"og:title\" content=\"Spiraea cinerea &#039;Grefsheim&#039; sierstruik, witte spirea, 12 cm pot kopen | Planten eenvoudig online bestellen | Schramas.com\" \/>\n<meta property=\"og:description\" content=\"Spirea cinerea &#039;Grefsheim&#039;  Spirea  Bloeiwijze: witte pluimvorm  Max. hoogte circa 150 cm  Bladverliezend  Winterhard  Leverhoogte incl. pot: circa 30 cm  Potmaat: 12 cm pot\" \/>\n<meta property=\"og:url\" content=\"https:\/\/www.schramas.com\/se\/butik\/spiraea-cinerea-grefsheim-muskelbuske-vit-spireakruka-odlad-i-12-cm-kruka-for-tradgardsterrass-eller-balkong\/\" \/>\n<meta property=\"og:site_name\" content=\"Planten eenvoudig online bestellen | Schramas.com\" \/>\n<meta property=\"article:publisher\" content=\"https:\/\/www.facebook.com\/Schramascom-106872874153195\/\" \/>\n<meta property=\"article:modified_time\" content=\"2026-03-26T15:34:07+00:00\" \/>\n<meta property=\"og:image\" content=\"https:\/\/www.schramas.com\/wp-content\/uploads\/2020\/04\/spirea-wit-.png\" \/>\n\t<meta property=\"og:image:width\" content=\"259\" \/>\n\t<meta property=\"og:image:height\" content=\"194\" \/>\n\t<meta property=\"og:image:type\" content=\"image\/png\" \/>\n<meta name=\"twitter:card\" content=\"summary_large_image\" \/>\n<script type=\"application\/ld+json\" class=\"yoast-schema-graph\">{\"@context\":\"https:\/\/schema.org\",\"@graph\":[{\"@type\":[\"WebPage\",\"ItemPage\"],\"@id\":\"https:\/\/www.schramas.com\/winkel\/spiraea-cinerea-grefsheim-spierstruik-witte-spirea-potgekweekt-in-een-12-cm-pot-voor-tuin-terras-of-balkon\/\",\"url\":\"https:\/\/www.schramas.com\/winkel\/spiraea-cinerea-grefsheim-spierstruik-witte-spirea-potgekweekt-in-een-12-cm-pot-voor-tuin-terras-of-balkon\/\",\"name\":\"Spiraea cinerea 'Grefsheim' sierstruik, witte spirea, 12 cm pot kopen | Planten eenvoudig online bestellen | Schramas.com\",\"isPartOf\":{\"@id\":\"https:\/\/www.schramas.com\/#website\"},\"primaryImageOfPage\":{\"@id\":\"https:\/\/www.schramas.com\/winkel\/spiraea-cinerea-grefsheim-spierstruik-witte-spirea-potgekweekt-in-een-12-cm-pot-voor-tuin-terras-of-balkon\/#primaryimage\"},\"image\":{\"@id\":\"https:\/\/www.schramas.com\/winkel\/spiraea-cinerea-grefsheim-spierstruik-witte-spirea-potgekweekt-in-een-12-cm-pot-voor-tuin-terras-of-balkon\/#primaryimage\"},\"thumbnailUrl\":\"https:\/\/www.schramas.com\/wp-content\/uploads\/2020\/04\/spirea-wit-.png\",\"datePublished\":\"2020-04-11T09:56:08+00:00\",\"dateModified\":\"2026-03-26T15:34:07+00:00\",\"breadcrumb\":{\"@id\":\"https:\/\/www.schramas.com\/winkel\/spiraea-cinerea-grefsheim-spierstruik-witte-spirea-potgekweekt-in-een-12-cm-pot-voor-tuin-terras-of-balkon\/#breadcrumb\"},\"inLanguage\":\"sv-SE\",\"potentialAction\":[{\"@type\":\"ReadAction\",\"target\":[\"https:\/\/www.schramas.com\/winkel\/spiraea-cinerea-grefsheim-spierstruik-witte-spirea-potgekweekt-in-een-12-cm-pot-voor-tuin-terras-of-balkon\/\"]}]},{\"@type\":\"ImageObject\",\"inLanguage\":\"sv-SE\",\"@id\":\"https:\/\/www.schramas.com\/winkel\/spiraea-cinerea-grefsheim-spierstruik-witte-spirea-potgekweekt-in-een-12-cm-pot-voor-tuin-terras-of-balkon\/#primaryimage\",\"url\":\"https:\/\/www.schramas.com\/wp-content\/uploads\/2020\/04\/spirea-wit-.png\",\"contentUrl\":\"https:\/\/www.schramas.com\/wp-content\/uploads\/2020\/04\/spirea-wit-.png\",\"width\":259,\"height\":194},{\"@type\":\"BreadcrumbList\",\"@id\":\"https:\/\/www.schramas.com\/winkel\/spiraea-cinerea-grefsheim-spierstruik-witte-spirea-potgekweekt-in-een-12-cm-pot-voor-tuin-terras-of-balkon\/#breadcrumb\",\"itemListElement\":[{\"@type\":\"ListItem\",\"position\":1,\"name\":\"Product\",\"item\":\"https:\/\/www.schramas.com\/assortiment\/\"},{\"@type\":\"ListItem\",\"position\":2,\"name\":\"Tuinplanten\",\"item\":\"https:\/\/www.schramas.com\/product-category\/planten-heesters\/\"},{\"@type\":\"ListItem\",\"position\":3,\"name\":\"Spiraea cinerea &#8216;Grefsheim&#8217; sierstruik, witte spirea, 12 cm pot\"}]},{\"@type\":\"WebSite\",\"@id\":\"https:\/\/www.schramas.com\/#website\",\"url\":\"https:\/\/www.schramas.com\/\",\"name\":\"Schramas.com | Tuinplanten eenvoudig online bestellen | Direct van onze Kwekerij\",\"description\":\"\",\"alternateName\":\"Schramas.com - Alle planten direct van de kweker\",\"potentialAction\":[{\"@type\":\"SearchAction\",\"target\":{\"@type\":\"EntryPoint\",\"urlTemplate\":\"https:\/\/www.schramas.com\/?s={search_term_string}\"},\"query-input\":{\"@type\":\"PropertyValueSpecification\",\"valueRequired\":true,\"valueName\":\"search_term_string\"}}],\"inLanguage\":\"sv-SE\"}]}<\/script>\n<!-- \/ Yoast SEO plugin. -->","yoast_head_json":{"title":"K\u00f6p Spiraea cinerea &#039;Grefsheim&#039; prydnadsbuske, vit spirea, 12 cm kruka | Best\u00e4ll enkelt v\u00e4xter online | Schramas.com","robots":{"index":"index","follow":"follow","max-snippet":"max-snippet:-1","max-image-preview":"max-image-preview:large","max-video-preview":"max-video-preview:-1"},"canonical":"https:\/\/www.schramas.com\/se\/butik\/spiraea-cinerea-grefsheim-muskelbuske-vit-spireakruka-odlad-i-12-cm-kruka-for-tradgardsterrass-eller-balkong\/","og_locale":"sv_SE","og_type":"article","og_title":"Spiraea cinerea 'Grefsheim' sierstruik, witte spirea, 12 cm pot kopen | Planten eenvoudig online bestellen | Schramas.com","og_description":"Spirea cinerea 'Grefsheim'  Spirea  Bloeiwijze: witte pluimvorm  Max. hoogte circa 150 cm  Bladverliezend  Winterhard  Leverhoogte incl. pot: circa 30 cm  Potmaat: 12 cm pot","og_url":"https:\/\/www.schramas.com\/se\/butik\/spiraea-cinerea-grefsheim-muskelbuske-vit-spireakruka-odlad-i-12-cm-kruka-for-tradgardsterrass-eller-balkong\/","og_site_name":"Planten eenvoudig online bestellen | Schramas.com","article_publisher":"https:\/\/www.facebook.com\/Schramascom-106872874153195\/","article_modified_time":"2026-03-26T15:34:07+00:00","og_image":[{"width":259,"height":194,"url":"https:\/\/www.schramas.com\/wp-content\/uploads\/2020\/04\/spirea-wit-.png","type":"image\/png"}],"twitter_card":"summary_large_image","schema":{"@context":"https:\/\/schema.org","@graph":[{"@type":["WebPage","ItemPage"],"@id":"https:\/\/www.schramas.com\/winkel\/spiraea-cinerea-grefsheim-spierstruik-witte-spirea-potgekweekt-in-een-12-cm-pot-voor-tuin-terras-of-balkon\/","url":"https:\/\/www.schramas.com\/winkel\/spiraea-cinerea-grefsheim-spierstruik-witte-spirea-potgekweekt-in-een-12-cm-pot-voor-tuin-terras-of-balkon\/","name":"K\u00f6p Spiraea cinerea &#039;Grefsheim&#039; prydnadsbuske, vit spirea, 12 cm kruka | Best\u00e4ll enkelt v\u00e4xter online | Schramas.com","isPartOf":{"@id":"https:\/\/www.schramas.com\/#website"},"primaryImageOfPage":{"@id":"https:\/\/www.schramas.com\/winkel\/spiraea-cinerea-grefsheim-spierstruik-witte-spirea-potgekweekt-in-een-12-cm-pot-voor-tuin-terras-of-balkon\/#primaryimage"},"image":{"@id":"https:\/\/www.schramas.com\/winkel\/spiraea-cinerea-grefsheim-spierstruik-witte-spirea-potgekweekt-in-een-12-cm-pot-voor-tuin-terras-of-balkon\/#primaryimage"},"thumbnailUrl":"https:\/\/www.schramas.com\/wp-content\/uploads\/2020\/04\/spirea-wit-.png","datePublished":"2020-04-11T09:56:08+00:00","dateModified":"2026-03-26T15:34:07+00:00","breadcrumb":{"@id":"https:\/\/www.schramas.com\/winkel\/spiraea-cinerea-grefsheim-spierstruik-witte-spirea-potgekweekt-in-een-12-cm-pot-voor-tuin-terras-of-balkon\/#breadcrumb"},"inLanguage":"sv-SE","potentialAction":[{"@type":"ReadAction","target":["https:\/\/www.schramas.com\/winkel\/spiraea-cinerea-grefsheim-spierstruik-witte-spirea-potgekweekt-in-een-12-cm-pot-voor-tuin-terras-of-balkon\/"]}]},{"@type":"ImageObject","inLanguage":"sv-SE","@id":"https:\/\/www.schramas.com\/winkel\/spiraea-cinerea-grefsheim-spierstruik-witte-spirea-potgekweekt-in-een-12-cm-pot-voor-tuin-terras-of-balkon\/#primaryimage","url":"https:\/\/www.schramas.com\/wp-content\/uploads\/2020\/04\/spirea-wit-.png","contentUrl":"https:\/\/www.schramas.com\/wp-content\/uploads\/2020\/04\/spirea-wit-.png","width":259,"height":194},{"@type":"BreadcrumbList","@id":"https:\/\/www.schramas.com\/winkel\/spiraea-cinerea-grefsheim-spierstruik-witte-spirea-potgekweekt-in-een-12-cm-pot-voor-tuin-terras-of-balkon\/#breadcrumb","itemListElement":[{"@type":"ListItem","position":1,"name":"Product","item":"https:\/\/www.schramas.com\/assortiment\/"},{"@type":"ListItem","position":2,"name":"Tuinplanten","item":"https:\/\/www.schramas.com\/product-category\/planten-heesters\/"},{"@type":"ListItem","position":3,"name":"Spiraea cinerea &#8216;Grefsheim&#8217; sierstruik, witte spirea, 12 cm pot"}]},{"@type":"WebSite","@id":"https:\/\/www.schramas.com\/#website","url":"https:\/\/www.schramas.com\/","name":"Schramas.com | Tr\u00e4dg\u00e5rdsv\u00e4xter som enkelt kan best\u00e4llas online | Direkt fr\u00e5n v\u00e5r plantskola","description":"","alternateName":"Schramas.com - Alle planten direct van de kweker","potentialAction":[{"@type":"SearchAction","target":{"@type":"EntryPoint","urlTemplate":"https:\/\/www.schramas.com\/?s={search_term_string}"},"query-input":{"@type":"PropertyValueSpecification","valueRequired":true,"valueName":"search_term_string"}}],"inLanguage":"sv-SE"}]}},"_links":{"self":[{"href":"https:\/\/www.schramas.com\/se\/wp-json\/wp\/v2\/product\/9993","targetHints":{"allow":["GET"]}}],"collection":[{"href":"https:\/\/www.schramas.com\/se\/wp-json\/wp\/v2\/product"}],"about":[{"href":"https:\/\/www.schramas.com\/se\/wp-json\/wp\/v2\/types\/product"}],"version-history":[{"count":1,"href":"https:\/\/www.schramas.com\/se\/wp-json\/wp\/v2\/product\/9993\/revisions"}],"predecessor-version":[{"id":46629,"href":"https:\/\/www.schramas.com\/se\/wp-json\/wp\/v2\/product\/9993\/revisions\/46629"}],"wp:featuredmedia":[{"embeddable":true,"href":"https:\/\/www.schramas.com\/se\/wp-json\/wp\/v2\/media\/9998"}],"wp:attachment":[{"href":"https:\/\/www.schramas.com\/se\/wp-json\/wp\/v2\/media?parent=9993"}],"wp:term":[{"taxonomy":"product_brand","embeddable":true,"href":"https:\/\/www.schramas.com\/se\/wp-json\/wp\/v2\/product_brand?post=9993"},{"taxonomy":"product_cat","embeddable":true,"href":"https:\/\/www.schramas.com\/se\/wp-json\/wp\/v2\/product_cat?post=9993"},{"taxonomy":"product_tag","embeddable":true,"href":"https:\/\/www.schramas.com\/se\/wp-json\/wp\/v2\/product_tag?post=9993"}],"curies":[{"name":"wp","href":"https:\/\/api.w.org\/{rel}","templated":true}]}}